{"id":18933,"date":"2026-01-20T15:06:37","date_gmt":"2026-01-20T13:06:37","guid":{"rendered":"https:\/\/www.ksttukku.fi\/kauppa\/?post_type=product&#038;p=18933"},"modified":"2026-01-20T15:06:37","modified_gmt":"2026-01-20T13:06:37","slug":"viilu-allaskaappi-ovilla-60-cm-tammi","status":"publish","type":"product","link":"https:\/\/www.ksttukku.fi\/kauppa\/tuote\/viilu-allaskaappi-ovilla-60-cm-tammi\/","title":{"rendered":"VIILU allaskaappi ovilla 60 cm Tammi"},"content":{"rendered":"<p>VIILU allaskaappi on t\u00e4ysin vedenkest\u00e4v\u00e4st\u00e4 ja ekologisesta py\u00f6kki-poppelivanerista valmistettu pitk\u00e4ik\u00e4inen kylpyhuonekaluste. Kaapin ovissa on k\u00e4ytetty hidastesaranoita, joiden ansiosta ovet sulkeutuvat mukavan pehme\u00e4sti. Kaapin sis\u00e4lt\u00e4 l\u00f6yd\u00e4t hyllyn, jonka voit halutessasi siirt\u00e4\u00e4 haluamallesi korkeudelle.<\/p>\n<p>Leveys  600 mm<br \/>\nKorkeus 500mm<br \/>\nSyvyys  390 mm<br \/>\nKuvassa n\u00e4kyv\u00e4 ML39G-600 posliiniallastaso ei kuulu toimitukseen, vaan se on tilattava erikseen.<\/p>\n<blockquote class=\"wp-embedded-content\" data-secret=\"nuy2ZAjjN4\"><p><a href=\"https:\/\/www.ksttukku.fi\/kauppa\/tuote\/ml39g-600-posliiniallastaso-2\/\">ML39G-600 posliiniallastaso<\/a><\/p><\/blockquote>\n<p><iframe loading=\"lazy\" class=\"wp-embedded-content\" sandbox=\"allow-scripts\" security=\"restricted\" style=\"position: absolute; visibility: hidden;\" title=\"&#8221;ML39G-600 posliiniallastaso&#8221; &#8212; \" src=\"https:\/\/www.ksttukku.fi\/kauppa\/tuote\/ml39g-600-posliiniallastaso-2\/embed\/#?secret=irN2VRjyrc#?secret=nuy2ZAjjN4\" data-secret=\"nuy2ZAjjN4\" width=\"600\" height=\"338\" frameborder=\"0\" marginwidth=\"0\" marginheight=\"0\" scrolling=\"no\"><\/iframe><\/p>\n","protected":false},"excerpt":{"rendered":"<p>VIILU allaskaappi on t\u00e4ysin vedenkest\u00e4v\u00e4st\u00e4 ja ekologisesta py\u00f6kki-poppelivanerista valmistettu pitk\u00e4ik\u00e4inen kylpyhuonekaluste. Kaapin ovissa on k\u00e4ytetty hidastesaranoita, joiden ansiosta ovet sulkeutuvat mukavan pehme\u00e4sti. Kaapin sis\u00e4lt\u00e4 l\u00f6yd\u00e4t hyllyn, jonka voit halutessasi siirt\u00e4\u00e4 haluamallesi korkeudelle. Leveys 600 mm Korkeus 500mm Syvyys 390 mm Kuvassa n\u00e4kyv\u00e4 ML39G-600 posliiniallastaso ei kuulu toimitukseen, vaan se on tilattava erikseen. ML39G-600 posliiniallastaso<\/p>\n","protected":false},"featured_media":18934,"comment_status":"closed","ping_status":"closed","template":"","meta":[],"product_brand":[],"product_cat":[151,150],"product_tag":[],"class_list":{"0":"post-18933","1":"product","2":"type-product","3":"status-publish","4":"has-post-thumbnail","6":"product_cat-kalusteet","7":"product_cat-kylpyhuone","9":"first","10":"instock","11":"taxable","12":"shipping-taxable","13":"purchasable","14":"product-type-simple"},"_links":{"self":[{"href":"https:\/\/www.ksttukku.fi\/kauppa\/wp-json\/wp\/v2\/product\/18933","targetHints":{"allow":["GET"]}}],"collection":[{"href":"https:\/\/www.ksttukku.fi\/kauppa\/wp-json\/wp\/v2\/product"}],"about":[{"href":"https:\/\/www.ksttukku.fi\/kauppa\/wp-json\/wp\/v2\/types\/product"}],"replies":[{"embeddable":true,"href":"https:\/\/www.ksttukku.fi\/kauppa\/wp-json\/wp\/v2\/comments?post=18933"}],"wp:featuredmedia":[{"embeddable":true,"href":"https:\/\/www.ksttukku.fi\/kauppa\/wp-json\/wp\/v2\/media\/18934"}],"wp:attachment":[{"href":"https:\/\/www.ksttukku.fi\/kauppa\/wp-json\/wp\/v2\/media?parent=18933"}],"wp:term":[{"taxonomy":"product_brand","embeddable":true,"href":"https:\/\/www.ksttukku.fi\/kauppa\/wp-json\/wp\/v2\/product_brand?post=18933"},{"taxonomy":"product_cat","embeddable":true,"href":"https:\/\/www.ksttukku.fi\/kauppa\/wp-json\/wp\/v2\/product_cat?post=18933"},{"taxonomy":"product_tag","embeddable":true,"href":"https:\/\/www.ksttukku.fi\/kauppa\/wp-json\/wp\/v2\/product_tag?post=18933"}],"curies":[{"name":"wp","href":"https:\/\/api.w.org\/{rel}","templated":true}]}}