{"id":18938,"date":"2026-01-20T17:35:10","date_gmt":"2026-01-20T15:35:10","guid":{"rendered":"https:\/\/www.ksttukku.fi\/kauppa\/?post_type=product&#038;p=18938"},"modified":"2026-01-20T17:35:11","modified_gmt":"2026-01-20T15:35:11","slug":"viilu-pyykkikaappi-jaloilla-140-cm-antrasiitti","status":"publish","type":"product","link":"https:\/\/www.ksttukku.fi\/kauppa\/tuote\/viilu-pyykkikaappi-jaloilla-140-cm-antrasiitti\/","title":{"rendered":"Viilu Pyykkikaappi jaloilla 140 cm Antrasiitti"},"content":{"rendered":"<p>VIILU pyykkikaappi laatua ja k\u00e4yt\u00e4nn\u00f6llisyytt\u00e4 rakastaviin kylpyhuoneisiin.<\/p>\n<p>VIILU pyykkikaappi on t\u00e4ysin vedenkest\u00e4v\u00e4st\u00e4 ja ekologisesta&nbsp;py\u00f6kki-poppelivanerista valmistettu pitk\u00e4ik\u00e4inen kylpyhuonekaluste. Kaapin ovissa on k\u00e4ytetty hidastesaranoita, joiden ansiosta ovet sulkeutuvat mukavan pehme\u00e4sti. Kaapin sis\u00e4lt\u00e4 l\u00f6yd\u00e4t yhden kiinte\u00e4n ja yhden irrotettavan hyllyn sek\u00e4 yhden ulosvedett\u00e4v\u00e4n korin. Kaapin k\u00e4tisyys voidaan vaihtaa yksinkertaisesti k\u00e4\u00e4nt\u00e4m\u00e4ll\u00e4 kaappi.<\/p>\n<p>Viimeistele tyyli mieleiseksesi. VIILU pyykkikaappi toimitetaan krominv\u00e4risill\u00e4 lankavetimill\u00e4, mutta voit valita siihen juuri omaan makuusi sopivat vetimet laajasta kuuden mallin valikoimastamme.&nbsp;<\/p>\n<p>Leveys 400 mm<br \/>\nKorkeus&nbsp;1400&nbsp;mm<br \/>\nSyvyys 400 mm<br \/>\nLevyn kokonaispaksuus 15mm<br \/>\nEsiporatut rei\u00e4t vetimille<\/p>\n","protected":false},"excerpt":{"rendered":"<p>VIILU pyykkikaappi laatua ja k\u00e4yt\u00e4nn\u00f6llisyytt\u00e4 rakastaviin kylpyhuoneisiin. VIILU pyykkikaappi on t\u00e4ysin vedenkest\u00e4v\u00e4st\u00e4 ja ekologisesta&nbsp;py\u00f6kki-poppelivanerista valmistettu pitk\u00e4ik\u00e4inen kylpyhuonekaluste. Kaapin ovissa on k\u00e4ytetty hidastesaranoita, joiden ansiosta ovet sulkeutuvat mukavan pehme\u00e4sti. Kaapin sis\u00e4lt\u00e4 l\u00f6yd\u00e4t yhden kiinte\u00e4n ja yhden irrotettavan hyllyn sek\u00e4 yhden ulosvedett\u00e4v\u00e4n korin. Kaapin k\u00e4tisyys voidaan vaihtaa yksinkertaisesti k\u00e4\u00e4nt\u00e4m\u00e4ll\u00e4 kaappi. Viimeistele tyyli mieleiseksesi. VIILU pyykkikaappi toimitetaan krominv\u00e4risill\u00e4 [&hellip;]<\/p>\n","protected":false},"featured_media":18939,"comment_status":"closed","ping_status":"closed","template":"","meta":[],"product_brand":[],"product_cat":[151,150],"product_tag":[],"class_list":{"0":"post-18938","1":"product","2":"type-product","3":"status-publish","4":"has-post-thumbnail","6":"product_cat-kalusteet","7":"product_cat-kylpyhuone","9":"first","10":"instock","11":"taxable","12":"shipping-taxable","13":"purchasable","14":"product-type-simple"},"_links":{"self":[{"href":"https:\/\/www.ksttukku.fi\/kauppa\/wp-json\/wp\/v2\/product\/18938","targetHints":{"allow":["GET"]}}],"collection":[{"href":"https:\/\/www.ksttukku.fi\/kauppa\/wp-json\/wp\/v2\/product"}],"about":[{"href":"https:\/\/www.ksttukku.fi\/kauppa\/wp-json\/wp\/v2\/types\/product"}],"replies":[{"embeddable":true,"href":"https:\/\/www.ksttukku.fi\/kauppa\/wp-json\/wp\/v2\/comments?post=18938"}],"wp:featuredmedia":[{"embeddable":true,"href":"https:\/\/www.ksttukku.fi\/kauppa\/wp-json\/wp\/v2\/media\/18939"}],"wp:attachment":[{"href":"https:\/\/www.ksttukku.fi\/kauppa\/wp-json\/wp\/v2\/media?parent=18938"}],"wp:term":[{"taxonomy":"product_brand","embeddable":true,"href":"https:\/\/www.ksttukku.fi\/kauppa\/wp-json\/wp\/v2\/product_brand?post=18938"},{"taxonomy":"product_cat","embeddable":true,"href":"https:\/\/www.ksttukku.fi\/kauppa\/wp-json\/wp\/v2\/product_cat?post=18938"},{"taxonomy":"product_tag","embeddable":true,"href":"https:\/\/www.ksttukku.fi\/kauppa\/wp-json\/wp\/v2\/product_tag?post=18938"}],"curies":[{"name":"wp","href":"https:\/\/api.w.org\/{rel}","templated":true}]}}