{"id":18943,"date":"2026-01-23T11:49:13","date_gmt":"2026-01-23T09:49:13","guid":{"rendered":"https:\/\/www.ksttukku.fi\/kauppa\/?post_type=product&#038;p=18943"},"modified":"2026-01-23T11:50:27","modified_gmt":"2026-01-23T09:50:27","slug":"kero-nukkamatto-160-x-220-cm","status":"publish","type":"product","link":"https:\/\/www.ksttukku.fi\/kauppa\/tuote\/kero-nukkamatto-160-x-220-cm\/","title":{"rendered":"Kero Nukkamatto 160 x 220 cm"},"content":{"rendered":"<p>Raidallisessa matossa on kauniit murretut s\u00e4vyt.<\/p>\n<p>Hillityt raidat tuovat mattoon raikkaan ja modernin ilmeen.<\/p>\n<p>Pehme\u00e4 materiaali<\/p>\n<p>Vesipest\u00e4v\u00e4<\/p>\n<p>Kauniisti toisiinsa sointuvat v\u00e4rit puolestaan pehment\u00e4v\u00e4t raidoituksen ilmett\u00e4. Voit poimia matosta kotiisi sopivan sisustusv\u00e4rin tai matto voi toimia pohjana koko muulle sisustukselle. Kero nukkamatto on ajaton valinta kodin oleskelutiloihin.<\/p>\n<p>Materiaali:100% polypropeenia, pohjamateriaali sis\u00e4lt\u00e4\u00e4 juuttia ja lateksia<\/p>\n","protected":false},"excerpt":{"rendered":"<p>Raidallisessa matossa on kauniit murretut s\u00e4vyt. Hillityt raidat tuovat mattoon raikkaan ja modernin ilmeen. Pehme\u00e4 materiaali Vesipest\u00e4v\u00e4 Kauniisti toisiinsa sointuvat v\u00e4rit puolestaan pehment\u00e4v\u00e4t raidoituksen ilmett\u00e4. Voit poimia matosta kotiisi sopivan sisustusv\u00e4rin tai matto voi toimia pohjana koko muulle sisustukselle. Kero nukkamatto on ajaton valinta kodin oleskelutiloihin. Materiaali:100% polypropeenia, pohjamateriaali sis\u00e4lt\u00e4\u00e4 juuttia ja lateksia<\/p>\n","protected":false},"featured_media":18947,"comment_status":"closed","ping_status":"closed","template":"","meta":[],"product_brand":[],"product_cat":[23,22,27],"product_tag":[],"class_list":{"0":"post-18943","1":"product","2":"type-product","3":"status-publish","4":"has-post-thumbnail","6":"product_cat-kaytava-ja-yleismatot","7":"product_cat-matot","8":"product_cat-nukkamatot","10":"first","11":"instock","12":"taxable","13":"shipping-taxable","14":"purchasable","15":"product-type-simple"},"_links":{"self":[{"href":"https:\/\/www.ksttukku.fi\/kauppa\/wp-json\/wp\/v2\/product\/18943","targetHints":{"allow":["GET"]}}],"collection":[{"href":"https:\/\/www.ksttukku.fi\/kauppa\/wp-json\/wp\/v2\/product"}],"about":[{"href":"https:\/\/www.ksttukku.fi\/kauppa\/wp-json\/wp\/v2\/types\/product"}],"replies":[{"embeddable":true,"href":"https:\/\/www.ksttukku.fi\/kauppa\/wp-json\/wp\/v2\/comments?post=18943"}],"wp:featuredmedia":[{"embeddable":true,"href":"https:\/\/www.ksttukku.fi\/kauppa\/wp-json\/wp\/v2\/media\/18947"}],"wp:attachment":[{"href":"https:\/\/www.ksttukku.fi\/kauppa\/wp-json\/wp\/v2\/media?parent=18943"}],"wp:term":[{"taxonomy":"product_brand","embeddable":true,"href":"https:\/\/www.ksttukku.fi\/kauppa\/wp-json\/wp\/v2\/product_brand?post=18943"},{"taxonomy":"product_cat","embeddable":true,"href":"https:\/\/www.ksttukku.fi\/kauppa\/wp-json\/wp\/v2\/product_cat?post=18943"},{"taxonomy":"product_tag","embeddable":true,"href":"https:\/\/www.ksttukku.fi\/kauppa\/wp-json\/wp\/v2\/product_tag?post=18943"}],"curies":[{"name":"wp","href":"https:\/\/api.w.org\/{rel}","templated":true}]}}