{"id":18954,"date":"2026-01-26T10:40:35","date_gmt":"2026-01-26T08:40:35","guid":{"rendered":"https:\/\/www.ksttukku.fi\/kauppa\/?post_type=product&#038;p=18954"},"modified":"2026-01-26T10:40:35","modified_gmt":"2026-01-26T08:40:35","slug":"narvik-nukkamatto-160-x-230-cm","status":"publish","type":"product","link":"https:\/\/www.ksttukku.fi\/kauppa\/tuote\/narvik-nukkamatto-160-x-230-cm\/","title":{"rendered":"Narvik nukkamatto 160 x 230 cm"},"content":{"rendered":"<p>Narvik nukkamatto on pehme\u00e4 ja ajaton valinta olohuoneeseen. V\u00e4rikk\u00e4\u00e4t raidat antavat matolle raikkaan ilmeen.<\/p>\n<p>Olohuoneeseen ja makuuhuoneeseen<br \/>\nPehme\u00e4 nukka<br \/>\n&nbsp;koko: 160\u00d7230 cm<\/p>\n<p>&nbsp;Matossa on kauniita punaisen, vihre\u00e4n, keltaisen ja turkoosin s\u00e4vyj\u00e4. Valkoinen v\u00e4ri raikastaa maton ilmeen. Vaikka raidallinen matto on v\u00e4rik\u00e4s on yleisilme tasapainoinen. Narvik nukkamatto on helppo yhdist\u00e4\u00e4 kodin muihin s\u00e4vyihin.<\/p>\n<p>Materiaali: 100 % polypropeenia, pohjamateriaali sis\u00e4lt\u00e4\u00e4 juuttia ja lateksia<\/p>\n","protected":false},"excerpt":{"rendered":"<p>Narvik nukkamatto on pehme\u00e4 ja ajaton valinta olohuoneeseen. V\u00e4rikk\u00e4\u00e4t raidat antavat matolle raikkaan ilmeen. Olohuoneeseen ja makuuhuoneeseen Pehme\u00e4 nukka &nbsp;koko: 160\u00d7230 cm &nbsp;Matossa on kauniita punaisen, vihre\u00e4n, keltaisen ja turkoosin s\u00e4vyj\u00e4. Valkoinen v\u00e4ri raikastaa maton ilmeen. Vaikka raidallinen matto on v\u00e4rik\u00e4s on yleisilme tasapainoinen. Narvik nukkamatto on helppo yhdist\u00e4\u00e4 kodin muihin s\u00e4vyihin. Materiaali: 100 % [&hellip;]<\/p>\n","protected":false},"featured_media":18957,"comment_status":"closed","ping_status":"closed","template":"","meta":[],"product_brand":[],"product_cat":[22,27],"product_tag":[],"class_list":{"0":"post-18954","1":"product","2":"type-product","3":"status-publish","4":"has-post-thumbnail","6":"product_cat-matot","7":"product_cat-nukkamatot","9":"first","10":"instock","11":"taxable","12":"shipping-taxable","13":"purchasable","14":"product-type-simple"},"_links":{"self":[{"href":"https:\/\/www.ksttukku.fi\/kauppa\/wp-json\/wp\/v2\/product\/18954","targetHints":{"allow":["GET"]}}],"collection":[{"href":"https:\/\/www.ksttukku.fi\/kauppa\/wp-json\/wp\/v2\/product"}],"about":[{"href":"https:\/\/www.ksttukku.fi\/kauppa\/wp-json\/wp\/v2\/types\/product"}],"replies":[{"embeddable":true,"href":"https:\/\/www.ksttukku.fi\/kauppa\/wp-json\/wp\/v2\/comments?post=18954"}],"wp:featuredmedia":[{"embeddable":true,"href":"https:\/\/www.ksttukku.fi\/kauppa\/wp-json\/wp\/v2\/media\/18957"}],"wp:attachment":[{"href":"https:\/\/www.ksttukku.fi\/kauppa\/wp-json\/wp\/v2\/media?parent=18954"}],"wp:term":[{"taxonomy":"product_brand","embeddable":true,"href":"https:\/\/www.ksttukku.fi\/kauppa\/wp-json\/wp\/v2\/product_brand?post=18954"},{"taxonomy":"product_cat","embeddable":true,"href":"https:\/\/www.ksttukku.fi\/kauppa\/wp-json\/wp\/v2\/product_cat?post=18954"},{"taxonomy":"product_tag","embeddable":true,"href":"https:\/\/www.ksttukku.fi\/kauppa\/wp-json\/wp\/v2\/product_tag?post=18954"}],"curies":[{"name":"wp","href":"https:\/\/api.w.org\/{rel}","templated":true}]}}