{"id":18966,"date":"2026-01-28T12:18:55","date_gmt":"2026-01-28T10:18:55","guid":{"rendered":"https:\/\/www.ksttukku.fi\/kauppa\/?post_type=product&#038;p=18966"},"modified":"2026-01-28T12:18:55","modified_gmt":"2026-01-28T10:18:55","slug":"hestia-matto-haisuli-133-x-190-cm","status":"publish","type":"product","link":"https:\/\/www.ksttukku.fi\/kauppa\/tuote\/hestia-matto-haisuli-133-x-190-cm\/","title":{"rendered":"Hestia matto Haisuli   133 x 190 cm"},"content":{"rendered":"<p>Helppo hoitoinen sile\u00e4ksi kudottu matto<\/p>\n<p>Matto on helppo imuroida ja sile\u00e4st\u00e4 pinnasta pikkutahrat voi k\u00e4tev\u00e4sti pyyhki\u00e4<\/p>\n<p>puhtaaksi kostealla liinalla.<\/p>\n<p>Materiaali:&nbsp; 100% polypropeeni, liukuestepohja<\/p>\n<p>Laakavesipesu pesulassa<\/p>\n","protected":false},"excerpt":{"rendered":"<p>Helppo hoitoinen sile\u00e4ksi kudottu matto Matto on helppo imuroida ja sile\u00e4st\u00e4 pinnasta pikkutahrat voi k\u00e4tev\u00e4sti pyyhki\u00e4 puhtaaksi kostealla liinalla. Materiaali:&nbsp; 100% polypropeeni, liukuestepohja Laakavesipesu pesulassa<\/p>\n","protected":false},"featured_media":18967,"comment_status":"closed","ping_status":"closed","template":"","meta":[],"product_brand":[],"product_cat":[23,25,22],"product_tag":[],"class_list":{"0":"post-18966","1":"product","2":"type-product","3":"status-publish","4":"has-post-thumbnail","6":"product_cat-kaytava-ja-yleismatot","7":"product_cat-lastenhuonematot","8":"product_cat-matot","10":"first","11":"instock","12":"taxable","13":"shipping-taxable","14":"purchasable","15":"product-type-simple"},"_links":{"self":[{"href":"https:\/\/www.ksttukku.fi\/kauppa\/wp-json\/wp\/v2\/product\/18966","targetHints":{"allow":["GET"]}}],"collection":[{"href":"https:\/\/www.ksttukku.fi\/kauppa\/wp-json\/wp\/v2\/product"}],"about":[{"href":"https:\/\/www.ksttukku.fi\/kauppa\/wp-json\/wp\/v2\/types\/product"}],"replies":[{"embeddable":true,"href":"https:\/\/www.ksttukku.fi\/kauppa\/wp-json\/wp\/v2\/comments?post=18966"}],"wp:featuredmedia":[{"embeddable":true,"href":"https:\/\/www.ksttukku.fi\/kauppa\/wp-json\/wp\/v2\/media\/18967"}],"wp:attachment":[{"href":"https:\/\/www.ksttukku.fi\/kauppa\/wp-json\/wp\/v2\/media?parent=18966"}],"wp:term":[{"taxonomy":"product_brand","embeddable":true,"href":"https:\/\/www.ksttukku.fi\/kauppa\/wp-json\/wp\/v2\/product_brand?post=18966"},{"taxonomy":"product_cat","embeddable":true,"href":"https:\/\/www.ksttukku.fi\/kauppa\/wp-json\/wp\/v2\/product_cat?post=18966"},{"taxonomy":"product_tag","embeddable":true,"href":"https:\/\/www.ksttukku.fi\/kauppa\/wp-json\/wp\/v2\/product_tag?post=18966"}],"curies":[{"name":"wp","href":"https:\/\/api.w.org\/{rel}","templated":true}]}}