{"id":18979,"date":"2026-01-29T15:20:49","date_gmt":"2026-01-29T13:20:49","guid":{"rendered":"https:\/\/www.ksttukku.fi\/kauppa\/?post_type=product&#038;p=18979"},"modified":"2026-01-29T15:20:49","modified_gmt":"2026-01-29T13:20:49","slug":"taipuisa-led-naytto-ohjelmoitava","status":"publish","type":"product","link":"https:\/\/www.ksttukku.fi\/kauppa\/tuote\/taipuisa-led-naytto-ohjelmoitava\/","title":{"rendered":"Taipuisa LED-n\u00e4ytt\u00f6 ohjelmoitava"},"content":{"rendered":"<p>\u00e4m\u00e4 LED-n\u00e4ytt\u00f6 sopii erinomaisesti mainontaan, tapahtumiin,<br \/>\nmyym\u00e4l\u00f6ihin tai vaikkapa persoonalliseen sisustukseen. Luo<br \/>\nviestisi helposti ja n\u00e4yt\u00e4 se tyylill\u00e4!<\/p>\n<p>Helppo liitett\u00e4vyys: Bluetooth-yhteys ja USB-virtal\u00e4hde tekev\u00e4t k\u00e4yt\u00f6st\u00e4 vaivatonta.<\/p>\n<p>Kirkas ja selke\u00e4 n\u00e4ytt\u00f6: 96 \u00d7 20 resoluutio ja P4.5 pikseliv\u00e4li takaavat hyv\u00e4n n\u00e4kyvyyden.<\/p>\n<p>Pitk\u00e4 kaapeli: 500 cm USB-kaapeli antaa joustavuutta sijoitteluun.<\/p>\n<p>Materiaali: Epoksihartsi<\/p>\n<p>N\u00e4yt\u00f6n koko: 49,2 \u00d7 11 \u00d7 0,25 cm<\/p>\n<p>Kotelointiluokka: IP44<\/p>\n<p>V\u00e4ri: musta<\/p>\n","protected":false},"excerpt":{"rendered":"<p>\u00e4m\u00e4 LED-n\u00e4ytt\u00f6 sopii erinomaisesti mainontaan, tapahtumiin, myym\u00e4l\u00f6ihin tai vaikkapa persoonalliseen sisustukseen. Luo viestisi helposti ja n\u00e4yt\u00e4 se tyylill\u00e4! Helppo liitett\u00e4vyys: Bluetooth-yhteys ja USB-virtal\u00e4hde tekev\u00e4t k\u00e4yt\u00f6st\u00e4 vaivatonta. Kirkas ja selke\u00e4 n\u00e4ytt\u00f6: 96 \u00d7 20 resoluutio ja P4.5 pikseliv\u00e4li takaavat hyv\u00e4n n\u00e4kyvyyden. Pitk\u00e4 kaapeli: 500 cm USB-kaapeli antaa joustavuutta sijoitteluun. Materiaali: Epoksihartsi N\u00e4yt\u00f6n koko: 49,2 \u00d7 11 [&hellip;]<\/p>\n","protected":false},"featured_media":18981,"comment_status":"closed","ping_status":"closed","template":"","meta":[],"product_brand":[],"product_cat":[176,491,199,377,34,317],"product_tag":[],"class_list":{"0":"post-18979","1":"product","2":"type-product","3":"status-publish","4":"has-post-thumbnail","6":"product_cat-joulu-ja-koristevalot","7":"product_cat-kodin-sisustustuotteet","8":"product_cat-koristevalot","9":"product_cat-sisustus-lahjatavarat","10":"product_cat-valaisimet","11":"product_cat-alyvalaisimet-ja-lamput","13":"first","14":"instock","15":"taxable","16":"shipping-taxable","17":"purchasable","18":"product-type-simple"},"_links":{"self":[{"href":"https:\/\/www.ksttukku.fi\/kauppa\/wp-json\/wp\/v2\/product\/18979","targetHints":{"allow":["GET"]}}],"collection":[{"href":"https:\/\/www.ksttukku.fi\/kauppa\/wp-json\/wp\/v2\/product"}],"about":[{"href":"https:\/\/www.ksttukku.fi\/kauppa\/wp-json\/wp\/v2\/types\/product"}],"replies":[{"embeddable":true,"href":"https:\/\/www.ksttukku.fi\/kauppa\/wp-json\/wp\/v2\/comments?post=18979"}],"wp:featuredmedia":[{"embeddable":true,"href":"https:\/\/www.ksttukku.fi\/kauppa\/wp-json\/wp\/v2\/media\/18981"}],"wp:attachment":[{"href":"https:\/\/www.ksttukku.fi\/kauppa\/wp-json\/wp\/v2\/media?parent=18979"}],"wp:term":[{"taxonomy":"product_brand","embeddable":true,"href":"https:\/\/www.ksttukku.fi\/kauppa\/wp-json\/wp\/v2\/product_brand?post=18979"},{"taxonomy":"product_cat","embeddable":true,"href":"https:\/\/www.ksttukku.fi\/kauppa\/wp-json\/wp\/v2\/product_cat?post=18979"},{"taxonomy":"product_tag","embeddable":true,"href":"https:\/\/www.ksttukku.fi\/kauppa\/wp-json\/wp\/v2\/product_tag?post=18979"}],"curies":[{"name":"wp","href":"https:\/\/api.w.org\/{rel}","templated":true}]}}