{"id":18982,"date":"2026-01-29T16:20:56","date_gmt":"2026-01-29T14:20:56","guid":{"rendered":"https:\/\/www.ksttukku.fi\/kauppa\/?post_type=product&#038;p=18982"},"modified":"2026-01-29T16:20:56","modified_gmt":"2026-01-29T14:20:56","slug":"taloustikas-3-askelmainen","status":"publish","type":"product","link":"https:\/\/www.ksttukku.fi\/kauppa\/tuote\/taloustikas-3-askelmainen\/","title":{"rendered":"Taloustikas 3-askelmainen"},"content":{"rendered":"<p>Ter\u00e4ksinen tukeva rakenne<\/p>\n<p>Sopii kotik\u00e4ytt\u00f6\u00f6n ja m\u00f6kille.&nbsp;<\/p>\n<p>Maksimikuormitus 150 kg&nbsp;<\/p>\n<p>3 askelmaa<\/p>\n<p>Korkeus on 123,7 cm<\/p>\n<p>Leveys 51,5 cm&nbsp;<\/p>\n<p>syvyys avattuna 65 cm<\/p>\n<p>Yl\u00e4kahva tarjoaa lis\u00e4tukea.&nbsp;<\/p>\n<p>Leve\u00e4t askelmat<\/p>\n","protected":false},"excerpt":{"rendered":"<p>Ter\u00e4ksinen tukeva rakenne Sopii kotik\u00e4ytt\u00f6\u00f6n ja m\u00f6kille.&nbsp; Maksimikuormitus 150 kg&nbsp; 3 askelmaa Korkeus on 123,7 cm Leveys 51,5 cm&nbsp; syvyys avattuna 65 cm Yl\u00e4kahva tarjoaa lis\u00e4tukea.&nbsp; Leve\u00e4t askelmat<\/p>\n","protected":false},"featured_media":18983,"comment_status":"closed","ping_status":"closed","template":"","meta":[],"product_brand":[],"product_cat":[301],"product_tag":[],"class_list":{"0":"post-18982","1":"product","2":"type-product","3":"status-publish","4":"has-post-thumbnail","6":"product_cat-porrasjakkarat","8":"first","9":"instock","10":"taxable","11":"shipping-taxable","12":"purchasable","13":"product-type-simple"},"_links":{"self":[{"href":"https:\/\/www.ksttukku.fi\/kauppa\/wp-json\/wp\/v2\/product\/18982","targetHints":{"allow":["GET"]}}],"collection":[{"href":"https:\/\/www.ksttukku.fi\/kauppa\/wp-json\/wp\/v2\/product"}],"about":[{"href":"https:\/\/www.ksttukku.fi\/kauppa\/wp-json\/wp\/v2\/types\/product"}],"replies":[{"embeddable":true,"href":"https:\/\/www.ksttukku.fi\/kauppa\/wp-json\/wp\/v2\/comments?post=18982"}],"wp:featuredmedia":[{"embeddable":true,"href":"https:\/\/www.ksttukku.fi\/kauppa\/wp-json\/wp\/v2\/media\/18983"}],"wp:attachment":[{"href":"https:\/\/www.ksttukku.fi\/kauppa\/wp-json\/wp\/v2\/media?parent=18982"}],"wp:term":[{"taxonomy":"product_brand","embeddable":true,"href":"https:\/\/www.ksttukku.fi\/kauppa\/wp-json\/wp\/v2\/product_brand?post=18982"},{"taxonomy":"product_cat","embeddable":true,"href":"https:\/\/www.ksttukku.fi\/kauppa\/wp-json\/wp\/v2\/product_cat?post=18982"},{"taxonomy":"product_tag","embeddable":true,"href":"https:\/\/www.ksttukku.fi\/kauppa\/wp-json\/wp\/v2\/product_tag?post=18982"}],"curies":[{"name":"wp","href":"https:\/\/api.w.org\/{rel}","templated":true}]}}