{"id":18986,"date":"2026-01-29T17:09:06","date_gmt":"2026-01-29T15:09:06","guid":{"rendered":"https:\/\/www.ksttukku.fi\/kauppa\/?post_type=product&#038;p=18986"},"modified":"2026-01-29T17:09:07","modified_gmt":"2026-01-29T15:09:07","slug":"taloustikas-2-askelmainen","status":"publish","type":"product","link":"https:\/\/www.ksttukku.fi\/kauppa\/tuote\/taloustikas-2-askelmainen\/","title":{"rendered":"Taloustikas 2-askelmainen"},"content":{"rendered":"<p>Tukevat kokoontaiteltavat keitti\u00f6tikkaat helpottavat p\u00e4ivitt\u00e4isi\u00e4 kotiaskareita.<\/p>\n<p>Ter\u00e4ksinen tukeva rakenne<\/p>\n<p>Sopii kotik\u00e4ytt\u00f6\u00f6n ja m\u00f6kille.&nbsp;<\/p>\n<p>Maksimikuormitus 150 kg&nbsp;<\/p>\n<p>2 askelmaa<\/p>\n<p>Korkeus on 101 cm<\/p>\n<p>Leveys 51,5 cm&nbsp;<\/p>\n<p>syvyys avattuna 53,5 cm<\/p>\n<p>Yl\u00e4kahva tarjoaa lis\u00e4tukea.&nbsp;<\/p>\n","protected":false},"excerpt":{"rendered":"<p>Tukevat kokoontaiteltavat keitti\u00f6tikkaat helpottavat p\u00e4ivitt\u00e4isi\u00e4 kotiaskareita. Ter\u00e4ksinen tukeva rakenne Sopii kotik\u00e4ytt\u00f6\u00f6n ja m\u00f6kille.&nbsp; Maksimikuormitus 150 kg&nbsp; 2 askelmaa Korkeus on 101 cm Leveys 51,5 cm&nbsp; syvyys avattuna 53,5 cm Yl\u00e4kahva tarjoaa lis\u00e4tukea.&nbsp;<\/p>\n","protected":false},"featured_media":18987,"comment_status":"closed","ping_status":"closed","template":"","meta":[],"product_brand":[],"product_cat":[301],"product_tag":[],"class_list":{"0":"post-18986","1":"product","2":"type-product","3":"status-publish","4":"has-post-thumbnail","6":"product_cat-porrasjakkarat","8":"first","9":"instock","10":"taxable","11":"shipping-taxable","12":"purchasable","13":"product-type-simple"},"_links":{"self":[{"href":"https:\/\/www.ksttukku.fi\/kauppa\/wp-json\/wp\/v2\/product\/18986","targetHints":{"allow":["GET"]}}],"collection":[{"href":"https:\/\/www.ksttukku.fi\/kauppa\/wp-json\/wp\/v2\/product"}],"about":[{"href":"https:\/\/www.ksttukku.fi\/kauppa\/wp-json\/wp\/v2\/types\/product"}],"replies":[{"embeddable":true,"href":"https:\/\/www.ksttukku.fi\/kauppa\/wp-json\/wp\/v2\/comments?post=18986"}],"wp:featuredmedia":[{"embeddable":true,"href":"https:\/\/www.ksttukku.fi\/kauppa\/wp-json\/wp\/v2\/media\/18987"}],"wp:attachment":[{"href":"https:\/\/www.ksttukku.fi\/kauppa\/wp-json\/wp\/v2\/media?parent=18986"}],"wp:term":[{"taxonomy":"product_brand","embeddable":true,"href":"https:\/\/www.ksttukku.fi\/kauppa\/wp-json\/wp\/v2\/product_brand?post=18986"},{"taxonomy":"product_cat","embeddable":true,"href":"https:\/\/www.ksttukku.fi\/kauppa\/wp-json\/wp\/v2\/product_cat?post=18986"},{"taxonomy":"product_tag","embeddable":true,"href":"https:\/\/www.ksttukku.fi\/kauppa\/wp-json\/wp\/v2\/product_tag?post=18986"}],"curies":[{"name":"wp","href":"https:\/\/api.w.org\/{rel}","templated":true}]}}