{"id":18988,"date":"2026-01-29T17:26:31","date_gmt":"2026-01-29T15:26:31","guid":{"rendered":"https:\/\/www.ksttukku.fi\/kauppa\/?post_type=product&#038;p=18988"},"modified":"2026-01-29T17:26:32","modified_gmt":"2026-01-29T15:26:32","slug":"paristovalaisin-liiketunnistimella","status":"publish","type":"product","link":"https:\/\/www.ksttukku.fi\/kauppa\/tuote\/paristovalaisin-liiketunnistimella\/","title":{"rendered":"Paristovalaisin liiketunnistimella"},"content":{"rendered":"<p>Paristoilla toimiva tunnistinvalaisin luo kauniin ep\u00e4suoran valon joka ei h\u00e4ik\u00e4ise, mutta valaisee sopivasti esimerkiksi portaikossa tai y\u00f6valona. Sopii my\u00f6s kaappi- tai komerovalaisimeksi.&nbsp;<\/p>\n<p>Paristo 3XAA, (ei sis\u00e4lly)<br \/>\nTunnistimen toiminta-alue 3-5m<br \/>\nPaloaika 25 s<br \/>\nValoteho 26 lm<br \/>\nTeippi\/ruuvikiinnitys<br \/>\nHalkaisija: 90 mm<\/p>\n","protected":false},"excerpt":{"rendered":"<p>Paristoilla toimiva tunnistinvalaisin luo kauniin ep\u00e4suoran valon joka ei h\u00e4ik\u00e4ise, mutta valaisee sopivasti esimerkiksi portaikossa tai y\u00f6valona. Sopii my\u00f6s kaappi- tai komerovalaisimeksi.&nbsp; Paristo 3XAA, (ei sis\u00e4lly) Tunnistimen toiminta-alue 3-5m Paloaika 25 s Valoteho 26 lm Teippi\/ruuvikiinnitys Halkaisija: 90 mm<\/p>\n","protected":false},"featured_media":18989,"comment_status":"closed","ping_status":"closed","template":"","meta":[],"product_brand":[],"product_cat":[326,309,35,34],"product_tag":[],"class_list":{"0":"post-18988","1":"product","2":"type-product","3":"status-publish","4":"has-post-thumbnail","6":"product_cat-liiketunnistinvalot","7":"product_cat-paristovalaisimet","8":"product_cat-sisavalaisimet","9":"product_cat-valaisimet","11":"first","12":"instock","13":"taxable","14":"shipping-taxable","15":"purchasable","16":"product-type-simple"},"_links":{"self":[{"href":"https:\/\/www.ksttukku.fi\/kauppa\/wp-json\/wp\/v2\/product\/18988","targetHints":{"allow":["GET"]}}],"collection":[{"href":"https:\/\/www.ksttukku.fi\/kauppa\/wp-json\/wp\/v2\/product"}],"about":[{"href":"https:\/\/www.ksttukku.fi\/kauppa\/wp-json\/wp\/v2\/types\/product"}],"replies":[{"embeddable":true,"href":"https:\/\/www.ksttukku.fi\/kauppa\/wp-json\/wp\/v2\/comments?post=18988"}],"wp:featuredmedia":[{"embeddable":true,"href":"https:\/\/www.ksttukku.fi\/kauppa\/wp-json\/wp\/v2\/media\/18989"}],"wp:attachment":[{"href":"https:\/\/www.ksttukku.fi\/kauppa\/wp-json\/wp\/v2\/media?parent=18988"}],"wp:term":[{"taxonomy":"product_brand","embeddable":true,"href":"https:\/\/www.ksttukku.fi\/kauppa\/wp-json\/wp\/v2\/product_brand?post=18988"},{"taxonomy":"product_cat","embeddable":true,"href":"https:\/\/www.ksttukku.fi\/kauppa\/wp-json\/wp\/v2\/product_cat?post=18988"},{"taxonomy":"product_tag","embeddable":true,"href":"https:\/\/www.ksttukku.fi\/kauppa\/wp-json\/wp\/v2\/product_tag?post=18988"}],"curies":[{"name":"wp","href":"https:\/\/api.w.org\/{rel}","templated":true}]}}