{"id":18993,"date":"2026-01-30T12:44:10","date_gmt":"2026-01-30T10:44:10","guid":{"rendered":"https:\/\/www.ksttukku.fi\/kauppa\/?post_type=product&#038;p=18993"},"modified":"2026-01-30T14:12:47","modified_gmt":"2026-01-30T12:12:47","slug":"hestia-loimu-80-cm-kaytavamatto-harmaa-liukuestepohjaus","status":"publish","type":"product","link":"https:\/\/www.ksttukku.fi\/kauppa\/tuote\/hestia-loimu-80-cm-kaytavamatto-harmaa-liukuestepohjaus\/","title":{"rendered":"Hestia Loimu 80 cm k\u00e4yt\u00e4v\u00e4matto  harmaa, liukuestepohjaus"},"content":{"rendered":"<p>HESTIA\u00ae Loimu -matto on kest\u00e4v\u00e4 ja ajaton valinta. Erinomainen valinta my\u00f6s keitti\u00f6\u00f6n ja eteiseen. Helppohoitoinen, vesipest\u00e4v\u00e4 matto. Tahrat l\u00e4htev\u00e4t pyyhk\u00e4isem\u00e4ll\u00e4. P\u00f6ly\u00e4m\u00e4t\u00f6n matto sopii my\u00f6s allergia \u2013 ja lemmikkikotiin.<\/p>\n<p>V\u00e4ri:&nbsp; harmaa<\/p>\n<p>Hoito-ohje: Imurointi. Laakavesipesu pesulassa 30 \u00b0C, ei voimakasta hankausta. Pesu ja kuivaus vaakatasossa. K\u00e4ytet\u00e4\u00e4n veteen laimennettua pesuainetta ja huuhdellaan kunnolla.<\/p>\n<p>\u00c4l\u00e4 unohda tilata mattojen p\u00e4iden kanttauspalvelua. <\/p>\n","protected":false},"excerpt":{"rendered":"<p>HESTIA\u00ae Loimu -matto on kest\u00e4v\u00e4 ja ajaton valinta. Erinomainen valinta my\u00f6s keitti\u00f6\u00f6n ja eteiseen. Helppohoitoinen, vesipest\u00e4v\u00e4 matto. Tahrat l\u00e4htev\u00e4t pyyhk\u00e4isem\u00e4ll\u00e4. P\u00f6ly\u00e4m\u00e4t\u00f6n matto sopii my\u00f6s allergia \u2013 ja lemmikkikotiin. V\u00e4ri:&nbsp; harmaa Hoito-ohje: Imurointi. Laakavesipesu pesulassa 30 \u00b0C, ei voimakasta hankausta. Pesu ja kuivaus vaakatasossa. K\u00e4ytet\u00e4\u00e4n veteen laimennettua pesuainetta ja huuhdellaan kunnolla. \u00c4l\u00e4 unohda tilata mattojen p\u00e4iden [&hellip;]<\/p>\n","protected":false},"featured_media":18994,"comment_status":"closed","ping_status":"closed","template":"","meta":[],"product_brand":[],"product_cat":[23,22],"product_tag":[],"class_list":{"0":"post-18993","1":"product","2":"type-product","3":"status-publish","4":"has-post-thumbnail","6":"product_cat-kaytava-ja-yleismatot","7":"product_cat-matot","9":"first","10":"instock","11":"taxable","12":"shipping-taxable","13":"purchasable","14":"product-type-simple"},"_links":{"self":[{"href":"https:\/\/www.ksttukku.fi\/kauppa\/wp-json\/wp\/v2\/product\/18993","targetHints":{"allow":["GET"]}}],"collection":[{"href":"https:\/\/www.ksttukku.fi\/kauppa\/wp-json\/wp\/v2\/product"}],"about":[{"href":"https:\/\/www.ksttukku.fi\/kauppa\/wp-json\/wp\/v2\/types\/product"}],"replies":[{"embeddable":true,"href":"https:\/\/www.ksttukku.fi\/kauppa\/wp-json\/wp\/v2\/comments?post=18993"}],"wp:featuredmedia":[{"embeddable":true,"href":"https:\/\/www.ksttukku.fi\/kauppa\/wp-json\/wp\/v2\/media\/18994"}],"wp:attachment":[{"href":"https:\/\/www.ksttukku.fi\/kauppa\/wp-json\/wp\/v2\/media?parent=18993"}],"wp:term":[{"taxonomy":"product_brand","embeddable":true,"href":"https:\/\/www.ksttukku.fi\/kauppa\/wp-json\/wp\/v2\/product_brand?post=18993"},{"taxonomy":"product_cat","embeddable":true,"href":"https:\/\/www.ksttukku.fi\/kauppa\/wp-json\/wp\/v2\/product_cat?post=18993"},{"taxonomy":"product_tag","embeddable":true,"href":"https:\/\/www.ksttukku.fi\/kauppa\/wp-json\/wp\/v2\/product_tag?post=18993"}],"curies":[{"name":"wp","href":"https:\/\/api.w.org\/{rel}","templated":true}]}}