{"id":19000,"date":"2026-01-30T15:56:01","date_gmt":"2026-01-30T13:56:01","guid":{"rendered":"https:\/\/www.ksttukku.fi\/kauppa\/?post_type=product&#038;p=19000"},"modified":"2026-01-30T15:56:02","modified_gmt":"2026-01-30T13:56:02","slug":"alisa-puuvillamatto-70x250cm-keltainen","status":"publish","type":"product","link":"https:\/\/www.ksttukku.fi\/kauppa\/tuote\/alisa-puuvillamatto-70x250cm-keltainen\/","title":{"rendered":"Alisa puuvillamatto 70x250cm  keltainen"},"content":{"rendered":"<p>Keltas\u00e4vytteinen puuvillamatto on valmistettu napakasta puuvillalangasta.<\/p>\n<p>Kest\u00e4v\u00e4 puuvillamatto on ajaton ja soveltuu kodin moneen tilaan.<\/p>\n<p>Suos. vesipesua 30 asteessa,tasopesu. V\u00e4t\u00e4 voimakasta harjausta.<\/p>\n<p>K\u00e4sinkudotun maton materiaali on 100% puuvillaa.<\/p>\n<p>K\u00e4sity\u00f6n\u00e4 Intiassa valmistettu, jokainen matto on yksil\u00f6llinen.<\/p>\n","protected":false},"excerpt":{"rendered":"<p>Keltas\u00e4vytteinen puuvillamatto on valmistettu napakasta puuvillalangasta. Kest\u00e4v\u00e4 puuvillamatto on ajaton ja soveltuu kodin moneen tilaan. Suos. vesipesua 30 asteessa,tasopesu. V\u00e4t\u00e4 voimakasta harjausta. K\u00e4sinkudotun maton materiaali on 100% puuvillaa. K\u00e4sity\u00f6n\u00e4 Intiassa valmistettu, jokainen matto on yksil\u00f6llinen.<\/p>\n","protected":false},"featured_media":19001,"comment_status":"closed","ping_status":"closed","template":"","meta":[],"product_brand":[],"product_cat":[22,28],"product_tag":[],"class_list":{"0":"post-19000","1":"product","2":"type-product","3":"status-publish","4":"has-post-thumbnail","6":"product_cat-matot","7":"product_cat-muovimatot","9":"first","10":"instock","11":"taxable","12":"shipping-taxable","13":"purchasable","14":"product-type-simple"},"_links":{"self":[{"href":"https:\/\/www.ksttukku.fi\/kauppa\/wp-json\/wp\/v2\/product\/19000","targetHints":{"allow":["GET"]}}],"collection":[{"href":"https:\/\/www.ksttukku.fi\/kauppa\/wp-json\/wp\/v2\/product"}],"about":[{"href":"https:\/\/www.ksttukku.fi\/kauppa\/wp-json\/wp\/v2\/types\/product"}],"replies":[{"embeddable":true,"href":"https:\/\/www.ksttukku.fi\/kauppa\/wp-json\/wp\/v2\/comments?post=19000"}],"wp:featuredmedia":[{"embeddable":true,"href":"https:\/\/www.ksttukku.fi\/kauppa\/wp-json\/wp\/v2\/media\/19001"}],"wp:attachment":[{"href":"https:\/\/www.ksttukku.fi\/kauppa\/wp-json\/wp\/v2\/media?parent=19000"}],"wp:term":[{"taxonomy":"product_brand","embeddable":true,"href":"https:\/\/www.ksttukku.fi\/kauppa\/wp-json\/wp\/v2\/product_brand?post=19000"},{"taxonomy":"product_cat","embeddable":true,"href":"https:\/\/www.ksttukku.fi\/kauppa\/wp-json\/wp\/v2\/product_cat?post=19000"},{"taxonomy":"product_tag","embeddable":true,"href":"https:\/\/www.ksttukku.fi\/kauppa\/wp-json\/wp\/v2\/product_tag?post=19000"}],"curies":[{"name":"wp","href":"https:\/\/api.w.org\/{rel}","templated":true}]}}