{"id":19014,"date":"2026-02-03T11:54:36","date_gmt":"2026-02-03T09:54:36","guid":{"rendered":"https:\/\/www.ksttukku.fi\/kauppa\/?post_type=product&#038;p=19014"},"modified":"2026-02-03T11:56:17","modified_gmt":"2026-02-03T09:56:17","slug":"led-energie-valonheitin-slim-led-30w-mw-liiketunnistimella-2400lm-4000k-ip44","status":"publish","type":"product","link":"https:\/\/www.ksttukku.fi\/kauppa\/tuote\/led-energie-valonheitin-slim-led-30w-mw-liiketunnistimella-2400lm-4000k-ip44\/","title":{"rendered":"Led Energie Valonheitin Slim LED 30W MW liiketunnistimella, 2400lm, 4000K, IP44"},"content":{"rendered":"<p>Ohut ja tyylik\u00e4s valonheitin liiketunnistimella ja kaukos\u00e4\u00e4timell\u00e4.&nbsp;<\/p>\n<p>&nbsp;Valaisin sis\u00e4lt\u00e4\u00e4 valmiiksi asennetun kaapelin, mik\u00e4 helpottaa asennusta.&nbsp;<\/p>\n<p>Tehokas 30W LED-valonl\u00e4hde tuottaa 2400 lumenia kirkasta valoa (4000K)<\/p>\n<p>&nbsp;Valaisimen laaja 120 asteen avautumiskulma varmistaa, ett\u00e4 se kattaa laajan alueen.<\/p>\n<p>IP44-suojaus tekee valaisimesta s\u00e4\u00e4nkest\u00e4v\u00e4n, joten se toimii luotettavasti s\u00e4\u00e4olosuhteista riippumatta.<\/p>\n<p>Liiketunnistimen toimintas\u00e4de on 6\u20138 metri\u00e4, ja voit s\u00e4\u00e4t\u00e4\u00e4 valaistuksen keston omien tarpeidesi mukaan nelj\u00e4ll\u00e4 eri aika-asetuksella: 5 sekuntia, 1 minuutti, 5 minuuttia tai 10 minuuttia.<\/p>\n<p>Koko, 166x148x56 mm, tekee siit\u00e4 helpon asentaa ahtaisiinkin tiloihin.&nbsp;<\/p>\n<p>T\u00e4m\u00e4 monipuolinen ja kest\u00e4v\u00e4 valonheitin on t\u00e4ydellinen valinta, kun tarvitaan tehokasta valaistusta.<\/p>\n","protected":false},"excerpt":{"rendered":"<p>Ohut ja tyylik\u00e4s valonheitin liiketunnistimella ja kaukos\u00e4\u00e4timell\u00e4.&nbsp; &nbsp;Valaisin sis\u00e4lt\u00e4\u00e4 valmiiksi asennetun kaapelin, mik\u00e4 helpottaa asennusta.&nbsp; Tehokas 30W LED-valonl\u00e4hde tuottaa 2400 lumenia kirkasta valoa (4000K) &nbsp;Valaisimen laaja 120 asteen avautumiskulma varmistaa, ett\u00e4 se kattaa laajan alueen. IP44-suojaus tekee valaisimesta s\u00e4\u00e4nkest\u00e4v\u00e4n, joten se toimii luotettavasti s\u00e4\u00e4olosuhteista riippumatta. Liiketunnistimen toimintas\u00e4de on 6\u20138 metri\u00e4, ja voit s\u00e4\u00e4t\u00e4\u00e4 valaistuksen keston [&hellip;]<\/p>\n","protected":false},"featured_media":19017,"comment_status":"closed","ping_status":"closed","template":"","meta":[],"product_brand":[],"product_cat":[63,36,34,39],"product_tag":[],"class_list":{"0":"post-19014","1":"product","2":"type-product","3":"status-publish","4":"has-post-thumbnail","6":"product_cat-slim-valonheittimet","7":"product_cat-ulkovalaisimet","8":"product_cat-valaisimet","9":"product_cat-valonheittimet","11":"first","12":"instock","13":"taxable","14":"shipping-taxable","15":"purchasable","16":"product-type-simple"},"_links":{"self":[{"href":"https:\/\/www.ksttukku.fi\/kauppa\/wp-json\/wp\/v2\/product\/19014","targetHints":{"allow":["GET"]}}],"collection":[{"href":"https:\/\/www.ksttukku.fi\/kauppa\/wp-json\/wp\/v2\/product"}],"about":[{"href":"https:\/\/www.ksttukku.fi\/kauppa\/wp-json\/wp\/v2\/types\/product"}],"replies":[{"embeddable":true,"href":"https:\/\/www.ksttukku.fi\/kauppa\/wp-json\/wp\/v2\/comments?post=19014"}],"wp:featuredmedia":[{"embeddable":true,"href":"https:\/\/www.ksttukku.fi\/kauppa\/wp-json\/wp\/v2\/media\/19017"}],"wp:attachment":[{"href":"https:\/\/www.ksttukku.fi\/kauppa\/wp-json\/wp\/v2\/media?parent=19014"}],"wp:term":[{"taxonomy":"product_brand","embeddable":true,"href":"https:\/\/www.ksttukku.fi\/kauppa\/wp-json\/wp\/v2\/product_brand?post=19014"},{"taxonomy":"product_cat","embeddable":true,"href":"https:\/\/www.ksttukku.fi\/kauppa\/wp-json\/wp\/v2\/product_cat?post=19014"},{"taxonomy":"product_tag","embeddable":true,"href":"https:\/\/www.ksttukku.fi\/kauppa\/wp-json\/wp\/v2\/product_tag?post=19014"}],"curies":[{"name":"wp","href":"https:\/\/api.w.org\/{rel}","templated":true}]}}