{"id":19023,"date":"2026-02-07T10:25:52","date_gmt":"2026-02-07T08:25:52","guid":{"rendered":"https:\/\/www.ksttukku.fi\/kauppa\/?post_type=product&#038;p=19023"},"modified":"2026-02-07T12:38:16","modified_gmt":"2026-02-07T10:38:16","slug":"kattovalaisin-18w-1600lm-4000k-ip54-mikroaaltosensorilla","status":"publish","type":"product","link":"https:\/\/www.ksttukku.fi\/kauppa\/tuote\/kattovalaisin-18w-1600lm-4000k-ip54-mikroaaltosensorilla\/","title":{"rendered":"Kattovalaisin 18W 1600lm 4000K, IP54, mikroaaltosensorilla"},"content":{"rendered":"<p>Pinta-asennettava LED-kattovalaisin mikroaaltosensorilla. K\u00e4yt\u00e4nn\u00f6llinen yleisvalaisin kodin kaikkiin tiloihin, my\u00f6s kosteisiin tiloihin, kuten esimerkiksi kylpyhuoneeseen. Helposti asennettava, valaisin on my\u00f6s ketjutettavissa<\/p>\n<p>&nbsp;Materiaali: polypropeenia.<\/p>\n<p>Halkaisija: 250 mm<\/p>\n<p>V\u00e4ril\u00e4mp\u00f6tila: 4000 K<\/p>\n<p>Valonjakokulma: 120\u00b0<\/p>\n<p>IP 54<\/p>\n","protected":false},"excerpt":{"rendered":"<p>Pinta-asennettava LED-kattovalaisin mikroaaltosensorilla. K\u00e4yt\u00e4nn\u00f6llinen yleisvalaisin kodin kaikkiin tiloihin, my\u00f6s kosteisiin tiloihin, kuten esimerkiksi kylpyhuoneeseen. Helposti asennettava, valaisin on my\u00f6s ketjutettavissa &nbsp;Materiaali: polypropeenia. Halkaisija: 250 mm V\u00e4ril\u00e4mp\u00f6tila: 4000 K Valonjakokulma: 120\u00b0 IP 54<\/p>\n","protected":false},"featured_media":19024,"comment_status":"closed","ping_status":"closed","template":"","meta":[],"product_brand":[],"product_cat":[40,174,48,35,36,34],"product_tag":[],"class_list":{"0":"post-19023","1":"product","2":"type-product","3":"status-publish","4":"has-post-thumbnail","6":"product_cat-kattovalaisimet","7":"product_cat-riippuvalaisimet-ulkovalaisimet","8":"product_cat-kosteantilanvalaisimet","9":"product_cat-sisavalaisimet","10":"product_cat-ulkovalaisimet","11":"product_cat-valaisimet","13":"first","14":"instock","15":"taxable","16":"shipping-taxable","17":"purchasable","18":"product-type-simple"},"_links":{"self":[{"href":"https:\/\/www.ksttukku.fi\/kauppa\/wp-json\/wp\/v2\/product\/19023","targetHints":{"allow":["GET"]}}],"collection":[{"href":"https:\/\/www.ksttukku.fi\/kauppa\/wp-json\/wp\/v2\/product"}],"about":[{"href":"https:\/\/www.ksttukku.fi\/kauppa\/wp-json\/wp\/v2\/types\/product"}],"replies":[{"embeddable":true,"href":"https:\/\/www.ksttukku.fi\/kauppa\/wp-json\/wp\/v2\/comments?post=19023"}],"wp:featuredmedia":[{"embeddable":true,"href":"https:\/\/www.ksttukku.fi\/kauppa\/wp-json\/wp\/v2\/media\/19024"}],"wp:attachment":[{"href":"https:\/\/www.ksttukku.fi\/kauppa\/wp-json\/wp\/v2\/media?parent=19023"}],"wp:term":[{"taxonomy":"product_brand","embeddable":true,"href":"https:\/\/www.ksttukku.fi\/kauppa\/wp-json\/wp\/v2\/product_brand?post=19023"},{"taxonomy":"product_cat","embeddable":true,"href":"https:\/\/www.ksttukku.fi\/kauppa\/wp-json\/wp\/v2\/product_cat?post=19023"},{"taxonomy":"product_tag","embeddable":true,"href":"https:\/\/www.ksttukku.fi\/kauppa\/wp-json\/wp\/v2\/product_tag?post=19023"}],"curies":[{"name":"wp","href":"https:\/\/api.w.org\/{rel}","templated":true}]}}