{"id":19027,"date":"2026-02-07T11:00:18","date_gmt":"2026-02-07T09:00:18","guid":{"rendered":"https:\/\/www.ksttukku.fi\/kauppa\/?post_type=product&#038;p=19027"},"modified":"2026-02-07T11:00:18","modified_gmt":"2026-02-07T09:00:18","slug":"kattovalaisin-kanlux-beno-24-w-2060-lm-valkoinen","status":"publish","type":"product","link":"https:\/\/www.ksttukku.fi\/kauppa\/tuote\/kattovalaisin-kanlux-beno-24-w-2060-lm-valkoinen\/","title":{"rendered":"Kattovalaisin Kanlux BENO   24 W 2060 lm   Valkoinen"},"content":{"rendered":"<p>&nbsp;Kanlux Beno LED on ainutlaatuinen ja patentoitu kattovalaisin, joka tarjoaa korkean s\u00e4\u00e4nkest\u00e4vyyden (IP54) ja nopean, helpon asennuksen kattoon tai sein\u00e4lle. Beno LED on monitoimivalaisin, jota voidaan muotoilunsa ja ominaisuuksiensa ansiosta soveltaa k\u00e4yt\u00e4nn\u00f6ss\u00e4 mihin tahansa<\/p>\n<p>Halkaisija: 260 mm<\/p>\n<p>Valovirta: 2060 lm<\/p>\n<p>V\u00e4ril\u00e4mp\u00f6tila: 4000 K<\/p>\n<p>&nbsp;Valonjakokulma:110\u00b0<\/p>\n<p>IP 54<\/p>\n","protected":false},"excerpt":{"rendered":"<p>&nbsp;Kanlux Beno LED on ainutlaatuinen ja patentoitu kattovalaisin, joka tarjoaa korkean s\u00e4\u00e4nkest\u00e4vyyden (IP54) ja nopean, helpon asennuksen kattoon tai sein\u00e4lle. Beno LED on monitoimivalaisin, jota voidaan muotoilunsa ja ominaisuuksiensa ansiosta soveltaa k\u00e4yt\u00e4nn\u00f6ss\u00e4 mihin tahansa Halkaisija: 260 mm Valovirta: 2060 lm V\u00e4ril\u00e4mp\u00f6tila: 4000 K &nbsp;Valonjakokulma:110\u00b0 IP 54<\/p>\n","protected":false},"featured_media":19030,"comment_status":"closed","ping_status":"closed","template":"","meta":[],"product_brand":[],"product_cat":[40,174,48,35,36,34],"product_tag":[],"class_list":{"0":"post-19027","1":"product","2":"type-product","3":"status-publish","4":"has-post-thumbnail","6":"product_cat-kattovalaisimet","7":"product_cat-riippuvalaisimet-ulkovalaisimet","8":"product_cat-kosteantilanvalaisimet","9":"product_cat-sisavalaisimet","10":"product_cat-ulkovalaisimet","11":"product_cat-valaisimet","13":"first","14":"instock","15":"taxable","16":"shipping-taxable","17":"purchasable","18":"product-type-simple"},"_links":{"self":[{"href":"https:\/\/www.ksttukku.fi\/kauppa\/wp-json\/wp\/v2\/product\/19027","targetHints":{"allow":["GET"]}}],"collection":[{"href":"https:\/\/www.ksttukku.fi\/kauppa\/wp-json\/wp\/v2\/product"}],"about":[{"href":"https:\/\/www.ksttukku.fi\/kauppa\/wp-json\/wp\/v2\/types\/product"}],"replies":[{"embeddable":true,"href":"https:\/\/www.ksttukku.fi\/kauppa\/wp-json\/wp\/v2\/comments?post=19027"}],"wp:featuredmedia":[{"embeddable":true,"href":"https:\/\/www.ksttukku.fi\/kauppa\/wp-json\/wp\/v2\/media\/19030"}],"wp:attachment":[{"href":"https:\/\/www.ksttukku.fi\/kauppa\/wp-json\/wp\/v2\/media?parent=19027"}],"wp:term":[{"taxonomy":"product_brand","embeddable":true,"href":"https:\/\/www.ksttukku.fi\/kauppa\/wp-json\/wp\/v2\/product_brand?post=19027"},{"taxonomy":"product_cat","embeddable":true,"href":"https:\/\/www.ksttukku.fi\/kauppa\/wp-json\/wp\/v2\/product_cat?post=19027"},{"taxonomy":"product_tag","embeddable":true,"href":"https:\/\/www.ksttukku.fi\/kauppa\/wp-json\/wp\/v2\/product_tag?post=19027"}],"curies":[{"name":"wp","href":"https:\/\/api.w.org\/{rel}","templated":true}]}}