{"id":1903,"date":"2018-08-01T16:54:20","date_gmt":"2018-08-01T13:54:20","guid":{"rendered":"http:\/\/www.ksttukku.fi\/kauppa\/?post_type=product&#038;p=1903"},"modified":"2019-09-06T13:33:45","modified_gmt":"2019-09-06T10:33:45","slug":"led-terassivalosarja-6-os-konstsmide-2","status":"publish","type":"product","link":"https:\/\/www.ksttukku.fi\/kauppa\/tuote\/led-terassivalosarja-6-os-konstsmide-2\/","title":{"rendered":"Led-terassivalosarja 6-os konstsmide"},"content":{"rendered":"<p>Uppoasennettava 6xLED terassivalosarjalla tuot terassin yksityiskohdat hienosti esille, valaisee sivusuuntiin. V\u00e4ril\u00e4mp\u00f6tila on silm\u00e4lle mielytt\u00e4v\u00e4n l\u00e4mpim\u00e4n valkoinen ja luot t\u00e4ll\u00e4 tyylikk\u00e4\u00e4n tunnelmavalaistuksen. Paketti sis\u00e4lt\u00e4\u00e4 kaiken tarvittavan terassin valaistukseen, helppo asentaa. Valosarja laajennettavissa lis\u00e4valaisimilla.<\/p>\n<p>Teho: 6 x 0,36 W<\/p>\n<p>Valaisimen koko: Yksitt\u00e4isen valaisimen halkaisija \u00d8 35 mm<\/p>\n<p>Upotusaukko: \u00d8 30 mm<\/p>\n<p>IP-luokitus: IP44<\/p>\n","protected":false},"excerpt":{"rendered":"<p>Uppoasennettava 6xLED terassivalosarjalla tuot terassin yksityiskohdat hienosti esille, valaisee sivusuuntiin. V\u00e4ril\u00e4mp\u00f6tila on silm\u00e4lle mielytt\u00e4v\u00e4n l\u00e4mpim\u00e4n valkoinen ja luot t\u00e4ll\u00e4 tyylikk\u00e4\u00e4n tunnelmavalaistuksen. Paketti sis\u00e4lt\u00e4\u00e4 kaiken tarvittavan terassin valaistukseen, helppo asentaa. Valosarja laajennettavissa lis\u00e4valaisimilla. Teho: 6 x 0,36 W Valaisimen koko: Yksitt\u00e4isen valaisimen halkaisija \u00d8 35 mm Upotusaukko: \u00d8 30 mm IP-luokitus: IP44<\/p>\n","protected":false},"featured_media":1904,"comment_status":"closed","ping_status":"closed","template":"","meta":[],"product_brand":[],"product_cat":[59,36],"product_tag":[],"class_list":{"0":"post-1903","1":"product","2":"type-product","3":"status-publish","4":"has-post-thumbnail","6":"product_cat-terassivalaisimet","7":"product_cat-ulkovalaisimet","9":"first","10":"instock","11":"taxable","12":"shipping-taxable","13":"purchasable","14":"product-type-simple"},"_links":{"self":[{"href":"https:\/\/www.ksttukku.fi\/kauppa\/wp-json\/wp\/v2\/product\/1903","targetHints":{"allow":["GET"]}}],"collection":[{"href":"https:\/\/www.ksttukku.fi\/kauppa\/wp-json\/wp\/v2\/product"}],"about":[{"href":"https:\/\/www.ksttukku.fi\/kauppa\/wp-json\/wp\/v2\/types\/product"}],"replies":[{"embeddable":true,"href":"https:\/\/www.ksttukku.fi\/kauppa\/wp-json\/wp\/v2\/comments?post=1903"}],"wp:featuredmedia":[{"embeddable":true,"href":"https:\/\/www.ksttukku.fi\/kauppa\/wp-json\/wp\/v2\/media\/1904"}],"wp:attachment":[{"href":"https:\/\/www.ksttukku.fi\/kauppa\/wp-json\/wp\/v2\/media?parent=1903"}],"wp:term":[{"taxonomy":"product_brand","embeddable":true,"href":"https:\/\/www.ksttukku.fi\/kauppa\/wp-json\/wp\/v2\/product_brand?post=1903"},{"taxonomy":"product_cat","embeddable":true,"href":"https:\/\/www.ksttukku.fi\/kauppa\/wp-json\/wp\/v2\/product_cat?post=1903"},{"taxonomy":"product_tag","embeddable":true,"href":"https:\/\/www.ksttukku.fi\/kauppa\/wp-json\/wp\/v2\/product_tag?post=1903"}],"curies":[{"name":"wp","href":"https:\/\/api.w.org\/{rel}","templated":true}]}}