{"id":19056,"date":"2026-02-17T14:06:28","date_gmt":"2026-02-17T12:06:28","guid":{"rendered":"https:\/\/www.ksttukku.fi\/kauppa\/?post_type=product&#038;p=19056"},"modified":"2026-02-17T14:06:28","modified_gmt":"2026-02-17T12:06:28","slug":"riippuvalaisin-focuslight-emmi-35cm-musta","status":"publish","type":"product","link":"https:\/\/www.ksttukku.fi\/kauppa\/tuote\/riippuvalaisin-focuslight-emmi-35cm-musta\/","title":{"rendered":"Riippuvalaisin FocusLight Emmi 35cm musta"},"content":{"rendered":"<p>EMMI on moderni metallinen riippuvalaisin, sopii t\u00e4ydellisesti skandinaaviseen sisustukseen<\/p>\n<p>Helppo asentaa koukkukiinnityksen ja sis\u00e4ltyv\u00e4n pistokkeen avulla.&nbsp;<\/p>\n<p>Materiaali: metalli<\/p>\n<p>V\u00e4ri: mattavalkoinen<\/p>\n<p>Kanta: E27<\/p>\n<p>Halkaisija: 350 mm, varjostimen korkeus 90 mm<\/p>\n<p>Korkeus: 1820 mm<\/p>\n","protected":false},"excerpt":{"rendered":"<p>EMMI on moderni metallinen riippuvalaisin, sopii t\u00e4ydellisesti skandinaaviseen sisustukseen Helppo asentaa koukkukiinnityksen ja sis\u00e4ltyv\u00e4n pistokkeen avulla.&nbsp; Materiaali: metalli V\u00e4ri: mattavalkoinen Kanta: E27 Halkaisija: 350 mm, varjostimen korkeus 90 mm Korkeus: 1820 mm<\/p>\n","protected":false},"featured_media":19057,"comment_status":"closed","ping_status":"closed","template":"","meta":[],"product_brand":[],"product_cat":[49,35,34],"product_tag":[],"class_list":{"0":"post-19056","1":"product","2":"type-product","3":"status-publish","4":"has-post-thumbnail","6":"product_cat-riippuvalaisimet","7":"product_cat-sisavalaisimet","8":"product_cat-valaisimet","10":"first","11":"instock","12":"taxable","13":"shipping-taxable","14":"purchasable","15":"product-type-simple"},"_links":{"self":[{"href":"https:\/\/www.ksttukku.fi\/kauppa\/wp-json\/wp\/v2\/product\/19056","targetHints":{"allow":["GET"]}}],"collection":[{"href":"https:\/\/www.ksttukku.fi\/kauppa\/wp-json\/wp\/v2\/product"}],"about":[{"href":"https:\/\/www.ksttukku.fi\/kauppa\/wp-json\/wp\/v2\/types\/product"}],"replies":[{"embeddable":true,"href":"https:\/\/www.ksttukku.fi\/kauppa\/wp-json\/wp\/v2\/comments?post=19056"}],"wp:featuredmedia":[{"embeddable":true,"href":"https:\/\/www.ksttukku.fi\/kauppa\/wp-json\/wp\/v2\/media\/19057"}],"wp:attachment":[{"href":"https:\/\/www.ksttukku.fi\/kauppa\/wp-json\/wp\/v2\/media?parent=19056"}],"wp:term":[{"taxonomy":"product_brand","embeddable":true,"href":"https:\/\/www.ksttukku.fi\/kauppa\/wp-json\/wp\/v2\/product_brand?post=19056"},{"taxonomy":"product_cat","embeddable":true,"href":"https:\/\/www.ksttukku.fi\/kauppa\/wp-json\/wp\/v2\/product_cat?post=19056"},{"taxonomy":"product_tag","embeddable":true,"href":"https:\/\/www.ksttukku.fi\/kauppa\/wp-json\/wp\/v2\/product_tag?post=19056"}],"curies":[{"name":"wp","href":"https:\/\/api.w.org\/{rel}","templated":true}]}}