{"id":19065,"date":"2026-02-17T17:03:51","date_gmt":"2026-02-17T15:03:51","guid":{"rendered":"https:\/\/www.ksttukku.fi\/kauppa\/?post_type=product&#038;p=19065"},"modified":"2026-02-17T17:05:35","modified_gmt":"2026-02-17T15:05:35","slug":"katrina-kristallinen-riippuvalaisin-40-cm","status":"publish","type":"product","link":"https:\/\/www.ksttukku.fi\/kauppa\/tuote\/katrina-kristallinen-riippuvalaisin-40-cm\/","title":{"rendered":"Katrina kristallinen riippuvalaisin 40 cm"},"content":{"rendered":"<p>Metallirunkoinen K9-kristalli riippuvalaisin kromi.<br \/>\nSopii moderniin sek\u00e4 klassiseen sisustustyyliin<br \/>\nSavunv\u00e4rinen sek\u00e4 kirkas lasihelmi,<br \/>\nvaihdettavat polttimot<\/p>\n<p>8 x G9 ( Led-polttimo 3,5 W sis\u00e4ltyv\u00e4t)<br \/>\nHalkaisija: 40 cm<br \/>\nKorkeus: 150 cm<br \/>\nRasiaruuvikiinnitys<\/p>\n","protected":false},"excerpt":{"rendered":"<p>Metallirunkoinen K9-kristalli riippuvalaisin kromi. Sopii moderniin sek\u00e4 klassiseen sisustustyyliin Savunv\u00e4rinen sek\u00e4 kirkas lasihelmi, vaihdettavat polttimot 8 x G9 ( Led-polttimo 3,5 W sis\u00e4ltyv\u00e4t) Halkaisija: 40 cm Korkeus: 150 cm Rasiaruuvikiinnitys<\/p>\n","protected":false},"featured_media":19068,"comment_status":"closed","ping_status":"closed","template":"","meta":[],"product_brand":[],"product_cat":[49,35,34],"product_tag":[],"class_list":{"0":"post-19065","1":"product","2":"type-product","3":"status-publish","4":"has-post-thumbnail","6":"product_cat-riippuvalaisimet","7":"product_cat-sisavalaisimet","8":"product_cat-valaisimet","10":"first","11":"instock","12":"taxable","13":"shipping-taxable","14":"purchasable","15":"product-type-simple"},"_links":{"self":[{"href":"https:\/\/www.ksttukku.fi\/kauppa\/wp-json\/wp\/v2\/product\/19065","targetHints":{"allow":["GET"]}}],"collection":[{"href":"https:\/\/www.ksttukku.fi\/kauppa\/wp-json\/wp\/v2\/product"}],"about":[{"href":"https:\/\/www.ksttukku.fi\/kauppa\/wp-json\/wp\/v2\/types\/product"}],"replies":[{"embeddable":true,"href":"https:\/\/www.ksttukku.fi\/kauppa\/wp-json\/wp\/v2\/comments?post=19065"}],"wp:featuredmedia":[{"embeddable":true,"href":"https:\/\/www.ksttukku.fi\/kauppa\/wp-json\/wp\/v2\/media\/19068"}],"wp:attachment":[{"href":"https:\/\/www.ksttukku.fi\/kauppa\/wp-json\/wp\/v2\/media?parent=19065"}],"wp:term":[{"taxonomy":"product_brand","embeddable":true,"href":"https:\/\/www.ksttukku.fi\/kauppa\/wp-json\/wp\/v2\/product_brand?post=19065"},{"taxonomy":"product_cat","embeddable":true,"href":"https:\/\/www.ksttukku.fi\/kauppa\/wp-json\/wp\/v2\/product_cat?post=19065"},{"taxonomy":"product_tag","embeddable":true,"href":"https:\/\/www.ksttukku.fi\/kauppa\/wp-json\/wp\/v2\/product_tag?post=19065"}],"curies":[{"name":"wp","href":"https:\/\/api.w.org\/{rel}","templated":true}]}}