{"id":19072,"date":"2026-02-18T13:10:42","date_gmt":"2026-02-18T11:10:42","guid":{"rendered":"https:\/\/www.ksttukku.fi\/kauppa\/?post_type=product&#038;p=19072"},"modified":"2026-02-18T13:17:47","modified_gmt":"2026-02-18T11:17:47","slug":"draco-kattovalaisin-40-cm","status":"publish","type":"product","link":"https:\/\/www.ksttukku.fi\/kauppa\/tuote\/draco-kattovalaisin-40-cm\/","title":{"rendered":"DRACO  kattovalaisin 40 cm  4000lm"},"content":{"rendered":"<p>DRACO-Kattovalaisin luo tasaisen, miellytt\u00e4v\u00e4n valaistuksen.<\/p>\n<p>Valittavissa on kolme eri v\u00e4ril\u00e4mp\u00f6tilaa: 2300 + 3000 + 4000K. Valaistuksen kirkkautta voidaan s\u00e4\u00e4dell\u00e4 vaivattomasti kolmiportaisen SwitchDimmer-teknologian ansiosta tavallisesta valokatkaisimesta.<\/p>\n<p>Muistitoiminto muistaa viimeksi valitun asetuksen<\/p>\n<p>Asennus on erityisen nopeaa ja helppoa sein\u00e4- ja kattoasennuksen sek\u00e4 Easy-to-Fix-tekniikan ansiosta. Integroitu DIP-kytkin tarjoaa lis\u00e4\u00e4 joustavuutta valon v\u00e4rin s\u00e4\u00e4t\u00e4misess\u00e4.<\/p>\n<p>Halkaisija: 400 mm, korkeus: 26 mm<\/p>\n<p>Materiaali: muovi<\/p>\n","protected":false},"excerpt":{"rendered":"<p>DRACO-Kattovalaisin luo tasaisen, miellytt\u00e4v\u00e4n valaistuksen. Valittavissa on kolme eri v\u00e4ril\u00e4mp\u00f6tilaa: 2300 + 3000 + 4000K. Valaistuksen kirkkautta voidaan s\u00e4\u00e4dell\u00e4 vaivattomasti kolmiportaisen SwitchDimmer-teknologian ansiosta tavallisesta valokatkaisimesta. Muistitoiminto muistaa viimeksi valitun asetuksen Asennus on erityisen nopeaa ja helppoa sein\u00e4- ja kattoasennuksen sek\u00e4 Easy-to-Fix-tekniikan ansiosta. Integroitu DIP-kytkin tarjoaa lis\u00e4\u00e4 joustavuutta valon v\u00e4rin s\u00e4\u00e4t\u00e4misess\u00e4. Halkaisija: 400 mm, korkeus: 26 [&hellip;]<\/p>\n","protected":false},"featured_media":19073,"comment_status":"closed","ping_status":"closed","template":"","meta":[],"product_brand":[],"product_cat":[40,35,34],"product_tag":[],"class_list":{"0":"post-19072","1":"product","2":"type-product","3":"status-publish","4":"has-post-thumbnail","6":"product_cat-kattovalaisimet","7":"product_cat-sisavalaisimet","8":"product_cat-valaisimet","10":"first","11":"instock","12":"taxable","13":"shipping-taxable","14":"purchasable","15":"product-type-simple"},"_links":{"self":[{"href":"https:\/\/www.ksttukku.fi\/kauppa\/wp-json\/wp\/v2\/product\/19072","targetHints":{"allow":["GET"]}}],"collection":[{"href":"https:\/\/www.ksttukku.fi\/kauppa\/wp-json\/wp\/v2\/product"}],"about":[{"href":"https:\/\/www.ksttukku.fi\/kauppa\/wp-json\/wp\/v2\/types\/product"}],"replies":[{"embeddable":true,"href":"https:\/\/www.ksttukku.fi\/kauppa\/wp-json\/wp\/v2\/comments?post=19072"}],"wp:featuredmedia":[{"embeddable":true,"href":"https:\/\/www.ksttukku.fi\/kauppa\/wp-json\/wp\/v2\/media\/19073"}],"wp:attachment":[{"href":"https:\/\/www.ksttukku.fi\/kauppa\/wp-json\/wp\/v2\/media?parent=19072"}],"wp:term":[{"taxonomy":"product_brand","embeddable":true,"href":"https:\/\/www.ksttukku.fi\/kauppa\/wp-json\/wp\/v2\/product_brand?post=19072"},{"taxonomy":"product_cat","embeddable":true,"href":"https:\/\/www.ksttukku.fi\/kauppa\/wp-json\/wp\/v2\/product_cat?post=19072"},{"taxonomy":"product_tag","embeddable":true,"href":"https:\/\/www.ksttukku.fi\/kauppa\/wp-json\/wp\/v2\/product_tag?post=19072"}],"curies":[{"name":"wp","href":"https:\/\/api.w.org\/{rel}","templated":true}]}}