{"id":19078,"date":"2026-02-18T13:45:25","date_gmt":"2026-02-18T11:45:25","guid":{"rendered":"https:\/\/www.ksttukku.fi\/kauppa\/?post_type=product&#038;p=19078"},"modified":"2026-02-18T13:45:25","modified_gmt":"2026-02-18T11:45:25","slug":"camillus-kattovalaisin-ip-44-musta-40-cm-22w-2700lm","status":"publish","type":"product","link":"https:\/\/www.ksttukku.fi\/kauppa\/tuote\/camillus-kattovalaisin-ip-44-musta-40-cm-22w-2700lm\/","title":{"rendered":"Camillus kattovalaisin IP 44 musta 40 cm  22W  2700lm"},"content":{"rendered":"<p>&nbsp;CAMILLUS soveltuu erinomaisesti my\u00f6s kylpyhuoneeseen sen IP44-suojausluokan ansiosta. Integroidulla SWITCH-himmentimell\u00e4 voidaan valita kolme eri kirkkaustasoa my\u00f6s perinteisell\u00e4 valokytkimell\u00e4. Kun valon voimakkuutta voidaan s\u00e4\u00e4t\u00e4\u00e4 100 %:sta 50 %:iin ja 25 %:iin, valaisin voidaan mukauttaa erilaisiin tarpeisiin.<\/p>\n<p>Valaisin on kooltaan 40 x40 cm ja vain 3 cm korkea.&nbsp;<\/p>\n<p>Valoteho: 2700lm<\/p>\n<p>Valov\u00e4ril\u00e4mp\u00f6tila: 2700 K<\/p>\n","protected":false},"excerpt":{"rendered":"<p>&nbsp;CAMILLUS soveltuu erinomaisesti my\u00f6s kylpyhuoneeseen sen IP44-suojausluokan ansiosta. Integroidulla SWITCH-himmentimell\u00e4 voidaan valita kolme eri kirkkaustasoa my\u00f6s perinteisell\u00e4 valokytkimell\u00e4. Kun valon voimakkuutta voidaan s\u00e4\u00e4t\u00e4\u00e4 100 %:sta 50 %:iin ja 25 %:iin, valaisin voidaan mukauttaa erilaisiin tarpeisiin. Valaisin on kooltaan 40 x40 cm ja vain 3 cm korkea.&nbsp; Valoteho: 2700lm Valov\u00e4ril\u00e4mp\u00f6tila: 2700 K<\/p>\n","protected":false},"featured_media":19079,"comment_status":"closed","ping_status":"closed","template":"","meta":[],"product_brand":[],"product_cat":[40,174,48,35,36,34],"product_tag":[],"class_list":{"0":"post-19078","1":"product","2":"type-product","3":"status-publish","4":"has-post-thumbnail","6":"product_cat-kattovalaisimet","7":"product_cat-riippuvalaisimet-ulkovalaisimet","8":"product_cat-kosteantilanvalaisimet","9":"product_cat-sisavalaisimet","10":"product_cat-ulkovalaisimet","11":"product_cat-valaisimet","13":"first","14":"instock","15":"taxable","16":"shipping-taxable","17":"purchasable","18":"product-type-simple"},"_links":{"self":[{"href":"https:\/\/www.ksttukku.fi\/kauppa\/wp-json\/wp\/v2\/product\/19078","targetHints":{"allow":["GET"]}}],"collection":[{"href":"https:\/\/www.ksttukku.fi\/kauppa\/wp-json\/wp\/v2\/product"}],"about":[{"href":"https:\/\/www.ksttukku.fi\/kauppa\/wp-json\/wp\/v2\/types\/product"}],"replies":[{"embeddable":true,"href":"https:\/\/www.ksttukku.fi\/kauppa\/wp-json\/wp\/v2\/comments?post=19078"}],"wp:featuredmedia":[{"embeddable":true,"href":"https:\/\/www.ksttukku.fi\/kauppa\/wp-json\/wp\/v2\/media\/19079"}],"wp:attachment":[{"href":"https:\/\/www.ksttukku.fi\/kauppa\/wp-json\/wp\/v2\/media?parent=19078"}],"wp:term":[{"taxonomy":"product_brand","embeddable":true,"href":"https:\/\/www.ksttukku.fi\/kauppa\/wp-json\/wp\/v2\/product_brand?post=19078"},{"taxonomy":"product_cat","embeddable":true,"href":"https:\/\/www.ksttukku.fi\/kauppa\/wp-json\/wp\/v2\/product_cat?post=19078"},{"taxonomy":"product_tag","embeddable":true,"href":"https:\/\/www.ksttukku.fi\/kauppa\/wp-json\/wp\/v2\/product_tag?post=19078"}],"curies":[{"name":"wp","href":"https:\/\/api.w.org\/{rel}","templated":true}]}}