{"id":19101,"date":"2026-02-18T16:37:57","date_gmt":"2026-02-18T14:37:57","guid":{"rendered":"https:\/\/www.ksttukku.fi\/kauppa\/?post_type=product&#038;p=19101"},"modified":"2026-02-18T16:37:57","modified_gmt":"2026-02-18T14:37:57","slug":"spica-kattovalaisin-ip-44-musta-18-w-2000lm-4000k","status":"publish","type":"product","link":"https:\/\/www.ksttukku.fi\/kauppa\/tuote\/spica-kattovalaisin-ip-44-musta-18-w-2000lm-4000k\/","title":{"rendered":"SPICA kattovalaisin IP 44  musta  18 W 2000lm 4000K"},"content":{"rendered":"<p>SPICA-kattovalaisimen muotoilu tekee vaikutuksen ajattomalla joustavuudellaan, ja se sulautuu harmonisesti mihin tahansa asumiskonseptiin<\/p>\n<p>IP44-sertifioinnin ansiosta se sopii my\u00f6s kosteisiin tiloihin, kuten kylpyhuoneisiin ja pesuhuoneisiin.<\/p>\n<p>Asennus on eritt\u00e4in yksinkertainen: ensin Connect-Box liitet\u00e4\u00e4n kattoon, mink\u00e4 j\u00e4lkeen valaisin voidaan kytke\u00e4 hyvin helposti<\/p>\n<p>Valov\u00e4ril\u00e4mp\u00f6tila: 4000K<\/p>\n<p>Valoteho: 2000 lm<\/p>\n<p>Halkaiisja: 27 cm<\/p>\n<p>Korkeus: 5,5 cm<\/p>\n<p>Materiaali: muovi<\/p>\n","protected":false},"excerpt":{"rendered":"<p>SPICA-kattovalaisimen muotoilu tekee vaikutuksen ajattomalla joustavuudellaan, ja se sulautuu harmonisesti mihin tahansa asumiskonseptiin IP44-sertifioinnin ansiosta se sopii my\u00f6s kosteisiin tiloihin, kuten kylpyhuoneisiin ja pesuhuoneisiin. Asennus on eritt\u00e4in yksinkertainen: ensin Connect-Box liitet\u00e4\u00e4n kattoon, mink\u00e4 j\u00e4lkeen valaisin voidaan kytke\u00e4 hyvin helposti Valov\u00e4ril\u00e4mp\u00f6tila: 4000K Valoteho: 2000 lm Halkaiisja: 27 cm Korkeus: 5,5 cm Materiaali: muovi<\/p>\n","protected":false},"featured_media":19103,"comment_status":"closed","ping_status":"closed","template":"","meta":[],"product_brand":[],"product_cat":[40,48,35,34],"product_tag":[],"class_list":{"0":"post-19101","1":"product","2":"type-product","3":"status-publish","4":"has-post-thumbnail","6":"product_cat-kattovalaisimet","7":"product_cat-kosteantilanvalaisimet","8":"product_cat-sisavalaisimet","9":"product_cat-valaisimet","11":"first","12":"instock","13":"taxable","14":"shipping-taxable","15":"purchasable","16":"product-type-simple"},"_links":{"self":[{"href":"https:\/\/www.ksttukku.fi\/kauppa\/wp-json\/wp\/v2\/product\/19101","targetHints":{"allow":["GET"]}}],"collection":[{"href":"https:\/\/www.ksttukku.fi\/kauppa\/wp-json\/wp\/v2\/product"}],"about":[{"href":"https:\/\/www.ksttukku.fi\/kauppa\/wp-json\/wp\/v2\/types\/product"}],"replies":[{"embeddable":true,"href":"https:\/\/www.ksttukku.fi\/kauppa\/wp-json\/wp\/v2\/comments?post=19101"}],"wp:featuredmedia":[{"embeddable":true,"href":"https:\/\/www.ksttukku.fi\/kauppa\/wp-json\/wp\/v2\/media\/19103"}],"wp:attachment":[{"href":"https:\/\/www.ksttukku.fi\/kauppa\/wp-json\/wp\/v2\/media?parent=19101"}],"wp:term":[{"taxonomy":"product_brand","embeddable":true,"href":"https:\/\/www.ksttukku.fi\/kauppa\/wp-json\/wp\/v2\/product_brand?post=19101"},{"taxonomy":"product_cat","embeddable":true,"href":"https:\/\/www.ksttukku.fi\/kauppa\/wp-json\/wp\/v2\/product_cat?post=19101"},{"taxonomy":"product_tag","embeddable":true,"href":"https:\/\/www.ksttukku.fi\/kauppa\/wp-json\/wp\/v2\/product_tag?post=19101"}],"curies":[{"name":"wp","href":"https:\/\/api.w.org\/{rel}","templated":true}]}}