{"id":19108,"date":"2026-02-19T11:43:49","date_gmt":"2026-02-19T09:43:49","guid":{"rendered":"https:\/\/www.ksttukku.fi\/kauppa\/?post_type=product&#038;p=19108"},"modified":"2026-02-19T11:43:49","modified_gmt":"2026-02-19T09:43:49","slug":"ellie-poytavalaisin-valkoinen","status":"publish","type":"product","link":"https:\/\/www.ksttukku.fi\/kauppa\/tuote\/ellie-poytavalaisin-valkoinen\/","title":{"rendered":"Ellie p\u00f6yt\u00e4valaisin valkoinen"},"content":{"rendered":"<p>Valkoisessa Ellie-p\u00f6yt\u00e4valaisimessa on kaunis py\u00f6re\u00e4 keramiikka&nbsp; jalka ja vaalea ruudullinen kangasvarjostin.<\/p>\n<p>Kanta: E14<\/p>\n<p>Johdon pituus: 135cm v\u00e4likytkimell\u00e4<\/p>\n<p>Korkeus: 260mm<\/p>\n<p>Halkaisija: 180mm<\/p>\n","protected":false},"excerpt":{"rendered":"<p>Valkoisessa Ellie-p\u00f6yt\u00e4valaisimessa on kaunis py\u00f6re\u00e4 keramiikka&nbsp; jalka ja vaalea ruudullinen kangasvarjostin. Kanta: E14 Johdon pituus: 135cm v\u00e4likytkimell\u00e4 Korkeus: 260mm Halkaisija: 180mm<\/p>\n","protected":false},"featured_media":19111,"comment_status":"closed","ping_status":"closed","template":"","meta":[],"product_brand":[],"product_cat":[44,35,34],"product_tag":[],"class_list":{"0":"post-19108","1":"product","2":"type-product","3":"status-publish","4":"has-post-thumbnail","6":"product_cat-poytavalaisimet","7":"product_cat-sisavalaisimet","8":"product_cat-valaisimet","10":"first","11":"instock","12":"taxable","13":"shipping-taxable","14":"purchasable","15":"product-type-simple"},"_links":{"self":[{"href":"https:\/\/www.ksttukku.fi\/kauppa\/wp-json\/wp\/v2\/product\/19108","targetHints":{"allow":["GET"]}}],"collection":[{"href":"https:\/\/www.ksttukku.fi\/kauppa\/wp-json\/wp\/v2\/product"}],"about":[{"href":"https:\/\/www.ksttukku.fi\/kauppa\/wp-json\/wp\/v2\/types\/product"}],"replies":[{"embeddable":true,"href":"https:\/\/www.ksttukku.fi\/kauppa\/wp-json\/wp\/v2\/comments?post=19108"}],"wp:featuredmedia":[{"embeddable":true,"href":"https:\/\/www.ksttukku.fi\/kauppa\/wp-json\/wp\/v2\/media\/19111"}],"wp:attachment":[{"href":"https:\/\/www.ksttukku.fi\/kauppa\/wp-json\/wp\/v2\/media?parent=19108"}],"wp:term":[{"taxonomy":"product_brand","embeddable":true,"href":"https:\/\/www.ksttukku.fi\/kauppa\/wp-json\/wp\/v2\/product_brand?post=19108"},{"taxonomy":"product_cat","embeddable":true,"href":"https:\/\/www.ksttukku.fi\/kauppa\/wp-json\/wp\/v2\/product_cat?post=19108"},{"taxonomy":"product_tag","embeddable":true,"href":"https:\/\/www.ksttukku.fi\/kauppa\/wp-json\/wp\/v2\/product_tag?post=19108"}],"curies":[{"name":"wp","href":"https:\/\/api.w.org\/{rel}","templated":true}]}}