{"id":19115,"date":"2026-02-19T12:16:16","date_gmt":"2026-02-19T10:16:16","guid":{"rendered":"https:\/\/www.ksttukku.fi\/kauppa\/?post_type=product&#038;p=19115"},"modified":"2026-02-19T12:16:16","modified_gmt":"2026-02-19T10:16:16","slug":"ingrid-poytavalaisin-vihrea","status":"publish","type":"product","link":"https:\/\/www.ksttukku.fi\/kauppa\/tuote\/ingrid-poytavalaisin-vihrea\/","title":{"rendered":"Ingrid p\u00f6yt\u00e4valaisin vihre\u00e4"},"content":{"rendered":"<p>Vihre\u00e4ss\u00e4 Ingrid-p\u00f6yt\u00e4valaisimessa on kaunis py\u00f6re\u00e4 metallinen jalka ja vihre\u00e4 kangasvarjostin.<\/p>\n<p>Kanta: E14<\/p>\n<p>Johdon pituus: 135cm v\u00e4likytkimell\u00e4<\/p>\n<p>Korkeus: 280mm<\/p>\n<p>Halkaisija: 170mm<\/p>\n","protected":false},"excerpt":{"rendered":"<p>Vihre\u00e4ss\u00e4 Ingrid-p\u00f6yt\u00e4valaisimessa on kaunis py\u00f6re\u00e4 metallinen jalka ja vihre\u00e4 kangasvarjostin. Kanta: E14 Johdon pituus: 135cm v\u00e4likytkimell\u00e4 Korkeus: 280mm Halkaisija: 170mm<\/p>\n","protected":false},"featured_media":19118,"comment_status":"closed","ping_status":"closed","template":"","meta":[],"product_brand":[],"product_cat":[44,35,34],"product_tag":[],"class_list":{"0":"post-19115","1":"product","2":"type-product","3":"status-publish","4":"has-post-thumbnail","6":"product_cat-poytavalaisimet","7":"product_cat-sisavalaisimet","8":"product_cat-valaisimet","10":"first","11":"instock","12":"taxable","13":"shipping-taxable","14":"purchasable","15":"product-type-simple"},"_links":{"self":[{"href":"https:\/\/www.ksttukku.fi\/kauppa\/wp-json\/wp\/v2\/product\/19115","targetHints":{"allow":["GET"]}}],"collection":[{"href":"https:\/\/www.ksttukku.fi\/kauppa\/wp-json\/wp\/v2\/product"}],"about":[{"href":"https:\/\/www.ksttukku.fi\/kauppa\/wp-json\/wp\/v2\/types\/product"}],"replies":[{"embeddable":true,"href":"https:\/\/www.ksttukku.fi\/kauppa\/wp-json\/wp\/v2\/comments?post=19115"}],"wp:featuredmedia":[{"embeddable":true,"href":"https:\/\/www.ksttukku.fi\/kauppa\/wp-json\/wp\/v2\/media\/19118"}],"wp:attachment":[{"href":"https:\/\/www.ksttukku.fi\/kauppa\/wp-json\/wp\/v2\/media?parent=19115"}],"wp:term":[{"taxonomy":"product_brand","embeddable":true,"href":"https:\/\/www.ksttukku.fi\/kauppa\/wp-json\/wp\/v2\/product_brand?post=19115"},{"taxonomy":"product_cat","embeddable":true,"href":"https:\/\/www.ksttukku.fi\/kauppa\/wp-json\/wp\/v2\/product_cat?post=19115"},{"taxonomy":"product_tag","embeddable":true,"href":"https:\/\/www.ksttukku.fi\/kauppa\/wp-json\/wp\/v2\/product_tag?post=19115"}],"curies":[{"name":"wp","href":"https:\/\/api.w.org\/{rel}","templated":true}]}}