{"id":19128,"date":"2026-02-19T15:20:04","date_gmt":"2026-02-19T13:20:04","guid":{"rendered":"https:\/\/www.ksttukku.fi\/kauppa\/?post_type=product&#038;p=19128"},"modified":"2026-02-19T15:20:04","modified_gmt":"2026-02-19T13:20:04","slug":"verhotanko-nova-120-210-cm-teras","status":"publish","type":"product","link":"https:\/\/www.ksttukku.fi\/kauppa\/tuote\/verhotanko-nova-120-210-cm-teras\/","title":{"rendered":"Verhotanko Nova 120-210 cm ter\u00e4s"},"content":{"rendered":"<p>Selke\u00e4linjainen, s\u00e4\u00e4dett\u00e4v\u00e4 verhotanko on helppo asentaa v\u00e4lille 120-210 cm.<\/p>\n<p>Tangon halkaisija 16\/19mm.<\/p>\n<p>Pakkaus sis\u00e4lt\u00e4\u00e4 tangon, sein\u00e4kiinnikkeet sek\u00e4 p\u00e4\u00e4tynupit.<\/p>\n<p>V\u00e4ri ter\u00e4ksen harmaa.&nbsp;<\/p>\n","protected":false},"excerpt":{"rendered":"<p>Selke\u00e4linjainen, s\u00e4\u00e4dett\u00e4v\u00e4 verhotanko on helppo asentaa v\u00e4lille 120-210 cm. Tangon halkaisija 16\/19mm. Pakkaus sis\u00e4lt\u00e4\u00e4 tangon, sein\u00e4kiinnikkeet sek\u00e4 p\u00e4\u00e4tynupit. V\u00e4ri ter\u00e4ksen harmaa.&nbsp;<\/p>\n","protected":false},"featured_media":19129,"comment_status":"closed","ping_status":"closed","template":"","meta":[],"product_brand":[],"product_cat":[104,480],"product_tag":[],"class_list":{"0":"post-19128","1":"product","2":"type-product","3":"status-publish","4":"has-post-thumbnail","6":"product_cat-kaihtimet-ja-verhotangot","7":"product_cat-verhotangot-sisustuslevyt","9":"first","10":"instock","11":"taxable","12":"shipping-taxable","13":"purchasable","14":"product-type-simple"},"_links":{"self":[{"href":"https:\/\/www.ksttukku.fi\/kauppa\/wp-json\/wp\/v2\/product\/19128","targetHints":{"allow":["GET"]}}],"collection":[{"href":"https:\/\/www.ksttukku.fi\/kauppa\/wp-json\/wp\/v2\/product"}],"about":[{"href":"https:\/\/www.ksttukku.fi\/kauppa\/wp-json\/wp\/v2\/types\/product"}],"replies":[{"embeddable":true,"href":"https:\/\/www.ksttukku.fi\/kauppa\/wp-json\/wp\/v2\/comments?post=19128"}],"wp:featuredmedia":[{"embeddable":true,"href":"https:\/\/www.ksttukku.fi\/kauppa\/wp-json\/wp\/v2\/media\/19129"}],"wp:attachment":[{"href":"https:\/\/www.ksttukku.fi\/kauppa\/wp-json\/wp\/v2\/media?parent=19128"}],"wp:term":[{"taxonomy":"product_brand","embeddable":true,"href":"https:\/\/www.ksttukku.fi\/kauppa\/wp-json\/wp\/v2\/product_brand?post=19128"},{"taxonomy":"product_cat","embeddable":true,"href":"https:\/\/www.ksttukku.fi\/kauppa\/wp-json\/wp\/v2\/product_cat?post=19128"},{"taxonomy":"product_tag","embeddable":true,"href":"https:\/\/www.ksttukku.fi\/kauppa\/wp-json\/wp\/v2\/product_tag?post=19128"}],"curies":[{"name":"wp","href":"https:\/\/api.w.org\/{rel}","templated":true}]}}