{"id":19132,"date":"2026-02-19T16:25:27","date_gmt":"2026-02-19T14:25:27","guid":{"rendered":"https:\/\/www.ksttukku.fi\/kauppa\/?post_type=product&#038;p=19132"},"modified":"2026-02-19T16:25:27","modified_gmt":"2026-02-19T14:25:27","slug":"isoaidintangon-kannake-valkoinen-puu-2-kpl-pak","status":"publish","type":"product","link":"https:\/\/www.ksttukku.fi\/kauppa\/tuote\/isoaidintangon-kannake-valkoinen-puu-2-kpl-pak\/","title":{"rendered":"Iso\u00e4idintangon kannake valkoinen puu 2 kpl \/ pak"},"content":{"rendered":"<p>Verhotangonkannake puiselle halkaisijaltaan 28 mm iso\u00e4idintangoille. Materiaalina puu, maalattu valkoinen.<\/p>\n<p>Pituus 125 mm<br \/>\nHalkaisija 45 mm<br \/>\nSoveltuu 28 mm tangoille<br \/>\nEt\u00e4isyys sein\u00e4st\u00e4 tangon reunaan 85 mm<\/p>\n<p>Pakkauksessa 2 kannaketta ja kiinnitystarvikkeet<\/p>\n","protected":false},"excerpt":{"rendered":"<p>Verhotangonkannake puiselle halkaisijaltaan 28 mm iso\u00e4idintangoille. Materiaalina puu, maalattu valkoinen. Pituus 125 mm Halkaisija 45 mm Soveltuu 28 mm tangoille Et\u00e4isyys sein\u00e4st\u00e4 tangon reunaan 85 mm Pakkauksessa 2 kannaketta ja kiinnitystarvikkeet<\/p>\n","protected":false},"featured_media":19133,"comment_status":"closed","ping_status":"closed","template":"","meta":[],"product_brand":[],"product_cat":[104,480,481],"product_tag":[],"class_list":{"0":"post-19132","1":"product","2":"type-product","3":"status-publish","4":"has-post-thumbnail","6":"product_cat-kaihtimet-ja-verhotangot","7":"product_cat-verhotangot-sisustuslevyt","8":"product_cat-verhotangot-sisustus-lahjatavarat","10":"first","11":"instock","12":"taxable","13":"shipping-taxable","14":"purchasable","15":"product-type-simple"},"_links":{"self":[{"href":"https:\/\/www.ksttukku.fi\/kauppa\/wp-json\/wp\/v2\/product\/19132","targetHints":{"allow":["GET"]}}],"collection":[{"href":"https:\/\/www.ksttukku.fi\/kauppa\/wp-json\/wp\/v2\/product"}],"about":[{"href":"https:\/\/www.ksttukku.fi\/kauppa\/wp-json\/wp\/v2\/types\/product"}],"replies":[{"embeddable":true,"href":"https:\/\/www.ksttukku.fi\/kauppa\/wp-json\/wp\/v2\/comments?post=19132"}],"wp:featuredmedia":[{"embeddable":true,"href":"https:\/\/www.ksttukku.fi\/kauppa\/wp-json\/wp\/v2\/media\/19133"}],"wp:attachment":[{"href":"https:\/\/www.ksttukku.fi\/kauppa\/wp-json\/wp\/v2\/media?parent=19132"}],"wp:term":[{"taxonomy":"product_brand","embeddable":true,"href":"https:\/\/www.ksttukku.fi\/kauppa\/wp-json\/wp\/v2\/product_brand?post=19132"},{"taxonomy":"product_cat","embeddable":true,"href":"https:\/\/www.ksttukku.fi\/kauppa\/wp-json\/wp\/v2\/product_cat?post=19132"},{"taxonomy":"product_tag","embeddable":true,"href":"https:\/\/www.ksttukku.fi\/kauppa\/wp-json\/wp\/v2\/product_tag?post=19132"}],"curies":[{"name":"wp","href":"https:\/\/api.w.org\/{rel}","templated":true}]}}