{"id":19138,"date":"2026-02-20T10:39:10","date_gmt":"2026-02-20T08:39:10","guid":{"rendered":"https:\/\/www.ksttukku.fi\/kauppa\/?post_type=product&#038;p=19138"},"modified":"2026-02-20T10:39:11","modified_gmt":"2026-02-20T08:39:11","slug":"saunaan-nauhavalosetti-125-musta-25m-2700k-10w-m-24-v-ip-44-2","status":"publish","type":"product","link":"https:\/\/www.ksttukku.fi\/kauppa\/tuote\/saunaan-nauhavalosetti-125-musta-25m-2700k-10w-m-24-v-ip-44-2\/","title":{"rendered":"Saunaan nauhavalosetti 125 musta 2,5m 2700K 10W\/m  \/ 24 V  IP 44"},"content":{"rendered":"<p>LED-valonauhasetti, pituudeltaan 2,5 metri\u00e4, tarjoaa tunnelmallista valaistusta saunaan. Valoteho on 2000 lumenia, v\u00e4ril\u00e4mp\u00f6tila 2700 K ja v\u00e4rintoistoindeksi yli 90, mik\u00e4 takaa luonnollisen ja miellytt\u00e4v\u00e4n valon<\/p>\n<p>COB-teknologian ansiosta nauha on t\u00e4ysin pisteet\u00f6n ja valaistus on tasainen ilman h\u00e4ik\u00e4isy\u00e4<\/p>\n<p>&nbsp;Nauha kest\u00e4\u00e4 jopa 125 \u00b0C l\u00e4mp\u00f6tilan ja se on suojattu IP65-luokituksella, joten se soveltuu erinomaisesti kosteisiin tiloihin.<\/p>\n<p>Mukana toimitettava IP44-liit\u00e4nt\u00e4laite on himmennett\u00e4v\u00e4, joten valon voimakkuutta voi s\u00e4\u00e4t\u00e4\u00e4 tarpeen mukaan.<\/p>\n<p>&nbsp;Nauhan katkaisuv\u00e4li on vapaa, mik\u00e4 mahdollistaa sen muokkaamisen juuri omaan saunaan sopivaksi. Settiin sis\u00e4ltyy 2,5 metrin LED-valonauhan lis\u00e4ksi 3 metrin liitosjohto, kymmenen kiinnitysklipsi\u00e4, kaksikymment\u00e4 ruuvia sek\u00e4 kaksi p\u00e4\u00e4tykappaletta.<\/p>\n<p>Nauha on valkoinen, ja sen k\u00e4ytt\u00f6j\u00e4nnite on 24 V tehon ollessa 25 W. Tuotteella on kolmen vuoden takuu, ja se on helppo asentaa ja k\u00e4ytt\u00e4\u00e4.<\/p>\n<p>T\u00e4m\u00e4 valonauhasetti tarjoaa kest\u00e4v\u00e4n ja tyylikk\u00e4\u00e4n valaistusratkaisun saunaan<\/p>\n","protected":false},"excerpt":{"rendered":"<p>LED-valonauhasetti, pituudeltaan 2,5 metri\u00e4, tarjoaa tunnelmallista valaistusta saunaan. Valoteho on 2000 lumenia, v\u00e4ril\u00e4mp\u00f6tila 2700 K ja v\u00e4rintoistoindeksi yli 90, mik\u00e4 takaa luonnollisen ja miellytt\u00e4v\u00e4n valon COB-teknologian ansiosta nauha on t\u00e4ysin pisteet\u00f6n ja valaistus on tasainen ilman h\u00e4ik\u00e4isy\u00e4 &nbsp;Nauha kest\u00e4\u00e4 jopa 125 \u00b0C l\u00e4mp\u00f6tilan ja se on suojattu IP65-luokituksella, joten se soveltuu erinomaisesti kosteisiin tiloihin. Mukana [&hellip;]<\/p>\n","protected":false},"featured_media":19142,"comment_status":"closed","ping_status":"closed","template":"","meta":[],"product_brand":[],"product_cat":[48,50,35,59,142,36,34,45],"product_tag":[],"class_list":{"0":"post-19138","1":"product","2":"type-product","3":"status-publish","4":"has-post-thumbnail","6":"product_cat-kosteantilanvalaisimet","7":"product_cat-saunavalaisimet","8":"product_cat-sisavalaisimet","9":"product_cat-terassivalaisimet","10":"product_cat-tyopistevalaisimet","11":"product_cat-ulkovalaisimet","12":"product_cat-valaisimet","13":"product_cat-valonauhat","15":"first","16":"instock","17":"taxable","18":"shipping-taxable","19":"purchasable","20":"product-type-simple"},"_links":{"self":[{"href":"https:\/\/www.ksttukku.fi\/kauppa\/wp-json\/wp\/v2\/product\/19138","targetHints":{"allow":["GET"]}}],"collection":[{"href":"https:\/\/www.ksttukku.fi\/kauppa\/wp-json\/wp\/v2\/product"}],"about":[{"href":"https:\/\/www.ksttukku.fi\/kauppa\/wp-json\/wp\/v2\/types\/product"}],"replies":[{"embeddable":true,"href":"https:\/\/www.ksttukku.fi\/kauppa\/wp-json\/wp\/v2\/comments?post=19138"}],"wp:featuredmedia":[{"embeddable":true,"href":"https:\/\/www.ksttukku.fi\/kauppa\/wp-json\/wp\/v2\/media\/19142"}],"wp:attachment":[{"href":"https:\/\/www.ksttukku.fi\/kauppa\/wp-json\/wp\/v2\/media?parent=19138"}],"wp:term":[{"taxonomy":"product_brand","embeddable":true,"href":"https:\/\/www.ksttukku.fi\/kauppa\/wp-json\/wp\/v2\/product_brand?post=19138"},{"taxonomy":"product_cat","embeddable":true,"href":"https:\/\/www.ksttukku.fi\/kauppa\/wp-json\/wp\/v2\/product_cat?post=19138"},{"taxonomy":"product_tag","embeddable":true,"href":"https:\/\/www.ksttukku.fi\/kauppa\/wp-json\/wp\/v2\/product_tag?post=19138"}],"curies":[{"name":"wp","href":"https:\/\/api.w.org\/{rel}","templated":true}]}}