{"id":19151,"date":"2026-02-23T17:25:23","date_gmt":"2026-02-23T15:25:23","guid":{"rendered":"https:\/\/www.ksttukku.fi\/kauppa\/?post_type=product&#038;p=19151"},"modified":"2026-02-23T17:28:17","modified_gmt":"2026-02-23T15:28:17","slug":"markslojd-load-valaisin","status":"publish","type":"product","link":"https:\/\/www.ksttukku.fi\/kauppa\/tuote\/markslojd-load-valaisin\/","title":{"rendered":"Marksl\u00f6jd Load valaisin"},"content":{"rendered":"<p>Load-valaisin on k\u00e4yt\u00e4nn\u00f6llinen p\u00f6yt\u00e4-\/sein\u00e4valaisin.<\/p>\n<p>Valaisimen rungossa on USB-pistoke esim.&nbsp; latausta varten.<\/p>\n<p>Himmenninkatkaisija rungossa.<\/p>\n<p>Tekstiilinen liitosjohto 2 m.&nbsp;<\/p>\n<p>Kanta: E27<\/p>\n<p>Pituus: &nbsp;25cm<\/p>\n<p>Syvyys: 9 cm<\/p>\n","protected":false},"excerpt":{"rendered":"<p>Load-valaisin on k\u00e4yt\u00e4nn\u00f6llinen p\u00f6yt\u00e4-\/sein\u00e4valaisin. Valaisimen rungossa on USB-pistoke esim.&nbsp; latausta varten. Himmenninkatkaisija rungossa. Tekstiilinen liitosjohto 2 m.&nbsp; Kanta: E27 Pituus: &nbsp;25cm Syvyys: 9 cm<\/p>\n","protected":false},"featured_media":19152,"comment_status":"closed","ping_status":"closed","template":"","meta":[],"product_brand":[],"product_cat":[44,42,35,34],"product_tag":[],"class_list":{"0":"post-19151","1":"product","2":"type-product","3":"status-publish","4":"has-post-thumbnail","6":"product_cat-poytavalaisimet","7":"product_cat-seinavalaisimet-sisavalaisimet","8":"product_cat-sisavalaisimet","9":"product_cat-valaisimet","11":"first","12":"instock","13":"taxable","14":"shipping-taxable","15":"purchasable","16":"product-type-simple"},"_links":{"self":[{"href":"https:\/\/www.ksttukku.fi\/kauppa\/wp-json\/wp\/v2\/product\/19151","targetHints":{"allow":["GET"]}}],"collection":[{"href":"https:\/\/www.ksttukku.fi\/kauppa\/wp-json\/wp\/v2\/product"}],"about":[{"href":"https:\/\/www.ksttukku.fi\/kauppa\/wp-json\/wp\/v2\/types\/product"}],"replies":[{"embeddable":true,"href":"https:\/\/www.ksttukku.fi\/kauppa\/wp-json\/wp\/v2\/comments?post=19151"}],"wp:featuredmedia":[{"embeddable":true,"href":"https:\/\/www.ksttukku.fi\/kauppa\/wp-json\/wp\/v2\/media\/19152"}],"wp:attachment":[{"href":"https:\/\/www.ksttukku.fi\/kauppa\/wp-json\/wp\/v2\/media?parent=19151"}],"wp:term":[{"taxonomy":"product_brand","embeddable":true,"href":"https:\/\/www.ksttukku.fi\/kauppa\/wp-json\/wp\/v2\/product_brand?post=19151"},{"taxonomy":"product_cat","embeddable":true,"href":"https:\/\/www.ksttukku.fi\/kauppa\/wp-json\/wp\/v2\/product_cat?post=19151"},{"taxonomy":"product_tag","embeddable":true,"href":"https:\/\/www.ksttukku.fi\/kauppa\/wp-json\/wp\/v2\/product_tag?post=19151"}],"curies":[{"name":"wp","href":"https:\/\/api.w.org\/{rel}","templated":true}]}}