{"id":19153,"date":"2026-02-23T17:48:49","date_gmt":"2026-02-23T15:48:49","guid":{"rendered":"https:\/\/www.ksttukku.fi\/kauppa\/?post_type=product&#038;p=19153"},"modified":"2026-02-23T17:49:00","modified_gmt":"2026-02-23T15:49:00","slug":"vinyylilankku-luxe-kalanruoto-eir-kl34-3874-3990e-m2-18m2-pak","status":"publish","type":"product","link":"https:\/\/www.ksttukku.fi\/kauppa\/tuote\/vinyylilankku-luxe-kalanruoto-eir-kl34-3874-3990e-m2-18m2-pak\/","title":{"rendered":"Vinyylilankku Luxe Kalanruoto EIR KL34 3874  39,90\u20ac\/m2      1,8m2\/pak"},"content":{"rendered":"<p>J\u00e4rnvik 3874EIR &nbsp;Ljus Alholma Kalanruoto SPC- vinyylilattia tarjoaa korkealuokkaisen lattiap\u00e4\u00e4llysteen, joka t\u00e4ydent\u00e4\u00e4 kodin tai konttorin sisustusta elegantilla tavalla.<\/p>\n<p>Erityispaksu 0,7mm kulutuskerros ja k\u00e4ytt\u00f6luokka 34 tekev\u00e4t siit\u00e4 erityisen kest\u00e4v\u00e4n kolhuja ja kulutusta vastaan.<\/p>\n<p>&nbsp;Vaalea tammikuosi heijastaa puun luonnollista kauneutta, tuoden luonnon ja valon tuntua sis\u00e4tiloihin. Lattian pinta on varustettu EIR -kohokuviolla, jossa kohokuviointi on kohdistettu pintakuvioon, joka tekee lankuista viel\u00e4kin aidomman tuntuisia kuin normaali kevyt pintakuvio.&nbsp;Lis\u00e4ksi lattia on miellytt\u00e4v\u00e4n tuntuinen jalkojen alla sek\u00e4 \u00e4\u00e4net\u00f6n k\u00e4yt\u00f6ss\u00e4.<\/p>\n<p>SPC-vinyylilattia on suunniteltu kest\u00e4vyytt\u00e4 ja pitk\u00e4ik\u00e4isyytt\u00e4 silm\u00e4ll\u00e4 pit\u00e4en; sen v\u00e4h\u00e4inen el\u00e4minen ja hyv\u00e4 UV-s\u00e4teilyn kesto tekev\u00e4t siit\u00e4 erinomaisen valinnan lattiamateriaaliksi. Sen lis\u00e4ksi, ett\u00e4 se pit\u00e4\u00e4 hyvin kosteutta, se on my\u00f6s l\u00e4mmin, pehme\u00e4 ja helppohoitoinen. Lattia on suunniteltu k\u00e4ytt\u00f6mukavuutta ajatellen, mukaan lukien integroitu askel\u00e4\u00e4nieriste, joka v\u00e4hent\u00e4\u00e4 melua.<\/p>\n<p>Kullanruskea puunsyykuosi.<\/p>\n<p>Lankun koko: 128x640mm<\/p>\n","protected":false},"excerpt":{"rendered":"<p>J\u00e4rnvik 3874EIR &nbsp;Ljus Alholma Kalanruoto SPC- vinyylilattia tarjoaa korkealuokkaisen lattiap\u00e4\u00e4llysteen, joka t\u00e4ydent\u00e4\u00e4 kodin tai konttorin sisustusta elegantilla tavalla. Erityispaksu 0,7mm kulutuskerros ja k\u00e4ytt\u00f6luokka 34 tekev\u00e4t siit\u00e4 erityisen kest\u00e4v\u00e4n kolhuja ja kulutusta vastaan. &nbsp;Vaalea tammikuosi heijastaa puun luonnollista kauneutta, tuoden luonnon ja valon tuntua sis\u00e4tiloihin. Lattian pinta on varustettu EIR -kohokuviolla, jossa kohokuviointi on kohdistettu pintakuvioon, [&hellip;]<\/p>\n","protected":false},"featured_media":19155,"comment_status":"closed","ping_status":"closed","template":"","meta":[],"product_brand":[],"product_cat":[245,359],"product_tag":[],"class_list":{"0":"post-19153","1":"product","2":"type-product","3":"status-publish","4":"has-post-thumbnail","6":"product_cat-sisustuslevyt","7":"product_cat-vinyylilankut","9":"first","10":"outofstock","11":"taxable","12":"shipping-taxable","13":"purchasable","14":"product-type-simple"},"_links":{"self":[{"href":"https:\/\/www.ksttukku.fi\/kauppa\/wp-json\/wp\/v2\/product\/19153","targetHints":{"allow":["GET"]}}],"collection":[{"href":"https:\/\/www.ksttukku.fi\/kauppa\/wp-json\/wp\/v2\/product"}],"about":[{"href":"https:\/\/www.ksttukku.fi\/kauppa\/wp-json\/wp\/v2\/types\/product"}],"replies":[{"embeddable":true,"href":"https:\/\/www.ksttukku.fi\/kauppa\/wp-json\/wp\/v2\/comments?post=19153"}],"wp:featuredmedia":[{"embeddable":true,"href":"https:\/\/www.ksttukku.fi\/kauppa\/wp-json\/wp\/v2\/media\/19155"}],"wp:attachment":[{"href":"https:\/\/www.ksttukku.fi\/kauppa\/wp-json\/wp\/v2\/media?parent=19153"}],"wp:term":[{"taxonomy":"product_brand","embeddable":true,"href":"https:\/\/www.ksttukku.fi\/kauppa\/wp-json\/wp\/v2\/product_brand?post=19153"},{"taxonomy":"product_cat","embeddable":true,"href":"https:\/\/www.ksttukku.fi\/kauppa\/wp-json\/wp\/v2\/product_cat?post=19153"},{"taxonomy":"product_tag","embeddable":true,"href":"https:\/\/www.ksttukku.fi\/kauppa\/wp-json\/wp\/v2\/product_tag?post=19153"}],"curies":[{"name":"wp","href":"https:\/\/api.w.org\/{rel}","templated":true}]}}