{"id":19159,"date":"2026-02-24T12:00:40","date_gmt":"2026-02-24T10:00:40","guid":{"rendered":"https:\/\/www.ksttukku.fi\/kauppa\/?post_type=product&#038;p=19159"},"modified":"2026-02-24T12:00:41","modified_gmt":"2026-02-24T10:00:41","slug":"riippuvalaisin-glamour-60cm-kromi-1950-lm-3000k","status":"publish","type":"product","link":"https:\/\/www.ksttukku.fi\/kauppa\/tuote\/riippuvalaisin-glamour-60cm-kromi-1950-lm-3000k\/","title":{"rendered":"Riippuvalaisin Glamour 60cm, kromi 1950 lm 3000K"},"content":{"rendered":"<p>T\u00e4m\u00e4 n\u00e4ytt\u00e4v\u00e4 kattovalaisin yhdist\u00e4\u00e4 modernin LED-teknologian ja klassisen kristallikruunun keveyden.<\/p>\n<p>Hento metallirakenne ja kirkkaat kristalliriipukset luovat ilmavan ja ylellisen kokonaisuuden, joka sopii niin olohuoneeseen, ruokailutilaan kuin korkeaan eteisaulaan.<\/p>\n<p>Valaisimessa on 33 kpl integroitua LED-valoa (3000K, l\u00e4mmin valkoinen), joiden kokonaisteho on 15W (sis\u00e4ltyy pakkaukseen).<\/p>\n<p>LEDit heijastuvat kristallien kautta kauniisti, luoden s\u00e4ihkyv\u00e4n ja tunnelmallisen valon.<\/p>\n<p>Valaisimen halkaisija on 60 cm ja korkeus on s\u00e4\u00e4dett\u00e4viss\u00e4 v\u00e4lill\u00e4 65\u2013225 cm, joten se sopii sek\u00e4 matalampiin ett\u00e4 korkeisiin tiloihin.<\/p>\n<p>Runko on krominv\u00e4rist\u00e4 metallia, ja yksityiskohtina toimivat kirkkaat kristallielementit.<\/p>\n<p>Valaisin on eritt\u00e4in helppo asentaa: se sopii suoraan kattokoukkuun ja toimitetaan valmiiksi pistotulpalla varustettuna.&nbsp;<\/p>\n","protected":false},"excerpt":{"rendered":"<p>T\u00e4m\u00e4 n\u00e4ytt\u00e4v\u00e4 kattovalaisin yhdist\u00e4\u00e4 modernin LED-teknologian ja klassisen kristallikruunun keveyden. Hento metallirakenne ja kirkkaat kristalliriipukset luovat ilmavan ja ylellisen kokonaisuuden, joka sopii niin olohuoneeseen, ruokailutilaan kuin korkeaan eteisaulaan. Valaisimessa on 33 kpl integroitua LED-valoa (3000K, l\u00e4mmin valkoinen), joiden kokonaisteho on 15W (sis\u00e4ltyy pakkaukseen). LEDit heijastuvat kristallien kautta kauniisti, luoden s\u00e4ihkyv\u00e4n ja tunnelmallisen valon. Valaisimen halkaisija [&hellip;]<\/p>\n","protected":false},"featured_media":19161,"comment_status":"closed","ping_status":"closed","template":"","meta":[],"product_brand":[],"product_cat":[49,35,34],"product_tag":[],"class_list":{"0":"post-19159","1":"product","2":"type-product","3":"status-publish","4":"has-post-thumbnail","6":"product_cat-riippuvalaisimet","7":"product_cat-sisavalaisimet","8":"product_cat-valaisimet","10":"first","11":"instock","12":"taxable","13":"shipping-taxable","14":"purchasable","15":"product-type-simple"},"_links":{"self":[{"href":"https:\/\/www.ksttukku.fi\/kauppa\/wp-json\/wp\/v2\/product\/19159","targetHints":{"allow":["GET"]}}],"collection":[{"href":"https:\/\/www.ksttukku.fi\/kauppa\/wp-json\/wp\/v2\/product"}],"about":[{"href":"https:\/\/www.ksttukku.fi\/kauppa\/wp-json\/wp\/v2\/types\/product"}],"replies":[{"embeddable":true,"href":"https:\/\/www.ksttukku.fi\/kauppa\/wp-json\/wp\/v2\/comments?post=19159"}],"wp:featuredmedia":[{"embeddable":true,"href":"https:\/\/www.ksttukku.fi\/kauppa\/wp-json\/wp\/v2\/media\/19161"}],"wp:attachment":[{"href":"https:\/\/www.ksttukku.fi\/kauppa\/wp-json\/wp\/v2\/media?parent=19159"}],"wp:term":[{"taxonomy":"product_brand","embeddable":true,"href":"https:\/\/www.ksttukku.fi\/kauppa\/wp-json\/wp\/v2\/product_brand?post=19159"},{"taxonomy":"product_cat","embeddable":true,"href":"https:\/\/www.ksttukku.fi\/kauppa\/wp-json\/wp\/v2\/product_cat?post=19159"},{"taxonomy":"product_tag","embeddable":true,"href":"https:\/\/www.ksttukku.fi\/kauppa\/wp-json\/wp\/v2\/product_tag?post=19159"}],"curies":[{"name":"wp","href":"https:\/\/api.w.org\/{rel}","templated":true}]}}