{"id":19171,"date":"2026-02-24T16:40:38","date_gmt":"2026-02-24T14:40:38","guid":{"rendered":"https:\/\/www.ksttukku.fi\/kauppa\/?post_type=product&#038;p=19171"},"modified":"2026-02-24T16:40:38","modified_gmt":"2026-02-24T14:40:38","slug":"fanni-k-tyyny-isadora-harmaa","status":"publish","type":"product","link":"https:\/\/www.ksttukku.fi\/kauppa\/tuote\/fanni-k-tyyny-isadora-harmaa\/","title":{"rendered":"Fanni K Tyyny Isadora Harmaa"},"content":{"rendered":"<p>Kaunis villap\u00e4\u00e4llysteinen tyyny, graafisella kuvioinnilla.<\/p>\n<p>Tyynyn taustapuoli on pehme\u00e4\u00e4 puuvillaa.<\/p>\n<p>Vieh\u00e4tt\u00e4v\u00e4n\u00e4 yksityiskohtana kaunis nahkainen merkki.<\/p>\n<p>Koko 45 x 45 c<\/p>\n","protected":false},"excerpt":{"rendered":"<p>Kaunis villap\u00e4\u00e4llysteinen tyyny, graafisella kuvioinnilla. Tyynyn taustapuoli on pehme\u00e4\u00e4 puuvillaa. Vieh\u00e4tt\u00e4v\u00e4n\u00e4 yksityiskohtana kaunis nahkainen merkki. Koko 45 x 45 c<\/p>\n","protected":false},"featured_media":19172,"comment_status":"closed","ping_status":"closed","template":"","meta":[],"product_brand":[],"product_cat":[491,377,475],"product_tag":[],"class_list":{"0":"post-19171","1":"product","2":"type-product","3":"status-publish","4":"has-post-thumbnail","6":"product_cat-kodin-sisustustuotteet","7":"product_cat-sisustus-lahjatavarat","8":"product_cat-torkkupeitot-ja-tyynyt","10":"first","11":"instock","12":"taxable","13":"shipping-taxable","14":"purchasable","15":"product-type-simple"},"_links":{"self":[{"href":"https:\/\/www.ksttukku.fi\/kauppa\/wp-json\/wp\/v2\/product\/19171","targetHints":{"allow":["GET"]}}],"collection":[{"href":"https:\/\/www.ksttukku.fi\/kauppa\/wp-json\/wp\/v2\/product"}],"about":[{"href":"https:\/\/www.ksttukku.fi\/kauppa\/wp-json\/wp\/v2\/types\/product"}],"replies":[{"embeddable":true,"href":"https:\/\/www.ksttukku.fi\/kauppa\/wp-json\/wp\/v2\/comments?post=19171"}],"wp:featuredmedia":[{"embeddable":true,"href":"https:\/\/www.ksttukku.fi\/kauppa\/wp-json\/wp\/v2\/media\/19172"}],"wp:attachment":[{"href":"https:\/\/www.ksttukku.fi\/kauppa\/wp-json\/wp\/v2\/media?parent=19171"}],"wp:term":[{"taxonomy":"product_brand","embeddable":true,"href":"https:\/\/www.ksttukku.fi\/kauppa\/wp-json\/wp\/v2\/product_brand?post=19171"},{"taxonomy":"product_cat","embeddable":true,"href":"https:\/\/www.ksttukku.fi\/kauppa\/wp-json\/wp\/v2\/product_cat?post=19171"},{"taxonomy":"product_tag","embeddable":true,"href":"https:\/\/www.ksttukku.fi\/kauppa\/wp-json\/wp\/v2\/product_tag?post=19171"}],"curies":[{"name":"wp","href":"https:\/\/api.w.org\/{rel}","templated":true}]}}