{"id":19182,"date":"2026-02-26T14:23:45","date_gmt":"2026-02-26T12:23:45","guid":{"rendered":"https:\/\/www.ksttukku.fi\/kauppa\/?post_type=product&#038;p=19182"},"modified":"2026-02-26T14:24:06","modified_gmt":"2026-02-26T12:24:06","slug":"riippuvalaisin-focuslight-verso-o45cm-1xe27-musta-puu","status":"publish","type":"product","link":"https:\/\/www.ksttukku.fi\/kauppa\/tuote\/riippuvalaisin-focuslight-verso-o45cm-1xe27-musta-puu\/","title":{"rendered":"Riippuvalaisin FocusLight VERSO \u00d845cm, 1xE27, musta\/puu"},"content":{"rendered":"<p>Verso on maanl\u00e4heinen riippuvalaisin, jonka elegantti kupu on valmistettu puusta. Verso luo tilaan kodikkuutta ja l\u00e4mp\u00f6\u00e4 ja sopii moniin sisustustyyleihin ja erilaisiin tiloihin.<\/p>\n<p>&nbsp;Mustaan v\u00e4riin yhdistetty luonnonpuu luo harmonisen vaikutelman ja tarjoaa miellytt\u00e4v\u00e4n valaistuksen.<\/p>\n<p>Valaisimen halkaisija on 45 cm, ja korkeus on s\u00e4\u00e4dett\u00e4viss\u00e4 (enint\u00e4\u00e4n 195 cm).<\/p>\n<p>Valaisimessa on E27-kanta,<\/p>\n<p>Koukkukiinnitys ja valaisinpistotulppa mahdollistavat helpon asennuksen<\/p>\n","protected":false},"excerpt":{"rendered":"<p>Verso on maanl\u00e4heinen riippuvalaisin, jonka elegantti kupu on valmistettu puusta. Verso luo tilaan kodikkuutta ja l\u00e4mp\u00f6\u00e4 ja sopii moniin sisustustyyleihin ja erilaisiin tiloihin. &nbsp;Mustaan v\u00e4riin yhdistetty luonnonpuu luo harmonisen vaikutelman ja tarjoaa miellytt\u00e4v\u00e4n valaistuksen. Valaisimen halkaisija on 45 cm, ja korkeus on s\u00e4\u00e4dett\u00e4viss\u00e4 (enint\u00e4\u00e4n 195 cm). Valaisimessa on E27-kanta, Koukkukiinnitys ja valaisinpistotulppa mahdollistavat helpon asennuksen<\/p>\n","protected":false},"featured_media":19184,"comment_status":"closed","ping_status":"closed","template":"","meta":[],"product_brand":[],"product_cat":[49,35,34],"product_tag":[],"class_list":{"0":"post-19182","1":"product","2":"type-product","3":"status-publish","4":"has-post-thumbnail","6":"product_cat-riippuvalaisimet","7":"product_cat-sisavalaisimet","8":"product_cat-valaisimet","10":"first","11":"instock","12":"taxable","13":"shipping-taxable","14":"purchasable","15":"product-type-simple"},"_links":{"self":[{"href":"https:\/\/www.ksttukku.fi\/kauppa\/wp-json\/wp\/v2\/product\/19182","targetHints":{"allow":["GET"]}}],"collection":[{"href":"https:\/\/www.ksttukku.fi\/kauppa\/wp-json\/wp\/v2\/product"}],"about":[{"href":"https:\/\/www.ksttukku.fi\/kauppa\/wp-json\/wp\/v2\/types\/product"}],"replies":[{"embeddable":true,"href":"https:\/\/www.ksttukku.fi\/kauppa\/wp-json\/wp\/v2\/comments?post=19182"}],"wp:featuredmedia":[{"embeddable":true,"href":"https:\/\/www.ksttukku.fi\/kauppa\/wp-json\/wp\/v2\/media\/19184"}],"wp:attachment":[{"href":"https:\/\/www.ksttukku.fi\/kauppa\/wp-json\/wp\/v2\/media?parent=19182"}],"wp:term":[{"taxonomy":"product_brand","embeddable":true,"href":"https:\/\/www.ksttukku.fi\/kauppa\/wp-json\/wp\/v2\/product_brand?post=19182"},{"taxonomy":"product_cat","embeddable":true,"href":"https:\/\/www.ksttukku.fi\/kauppa\/wp-json\/wp\/v2\/product_cat?post=19182"},{"taxonomy":"product_tag","embeddable":true,"href":"https:\/\/www.ksttukku.fi\/kauppa\/wp-json\/wp\/v2\/product_tag?post=19182"}],"curies":[{"name":"wp","href":"https:\/\/api.w.org\/{rel}","templated":true}]}}