{"id":19186,"date":"2026-02-27T15:23:26","date_gmt":"2026-02-27T13:23:26","guid":{"rendered":"https:\/\/www.ksttukku.fi\/kauppa\/?post_type=product&#038;p=19186"},"modified":"2026-02-27T15:23:26","modified_gmt":"2026-02-27T13:23:26","slug":"celeste-riippuvalaisin-3x-750lm-3000k","status":"publish","type":"product","link":"https:\/\/www.ksttukku.fi\/kauppa\/tuote\/celeste-riippuvalaisin-3x-750lm-3000k\/","title":{"rendered":"CELESTE-riippuvalaisin 3x 750lm, 3000K"},"content":{"rendered":"<p>Tyylik\u00e4s kahvinv\u00e4risen metallin sek\u00e4 mattamustan ja valkoisen lasin yhdistelm\u00e4 sopii saumattomasti sek\u00e4 moderniin ett\u00e4 klassiseen sisustustyyliin ja antaa valaisimen loistaa miss\u00e4 tahansa ymp\u00e4rist\u00f6ss\u00e4<\/p>\n<p>Lift me -toiminnon avulla valaisimen korkeutta voidaan s\u00e4\u00e4t\u00e4\u00e4 joustavasti tarpeidesi mukaan. Olipa kyseess\u00e4 ruokap\u00f6yd\u00e4n yl\u00e4puolella, keitti\u00f6ss\u00e4 tai olohuoneessa &#8211; CELESTE tarjoaa aina t\u00e4ydellisen valaistuksen. Integroidun SWITCH-himmentimen ansiosta voit s\u00e4\u00e4t\u00e4\u00e4 kirkkautta kolmessa eri tasossa suoraan perinteisen valokytkimen kautta<\/p>\n<p>V\u00e4ri: kahvi\/ lasi valkoinen&nbsp;<\/p>\n<p>Materiaali: metalli<\/p>\n<p>Korkeus: 4 cm<\/p>\n<p>Lasin halkaisija: 22 cm , korkeus 4 cm<\/p>\n<p>Kattokuvun halkaisija 35 cm.<\/p>\n<p>Korkeuden s\u00e4\u00e4t\u00f6 ilman vastapainoa<\/p>\n<p>SwitchDimmer-himmennystoiminto<\/p>\n","protected":false},"excerpt":{"rendered":"<p>Tyylik\u00e4s kahvinv\u00e4risen metallin sek\u00e4 mattamustan ja valkoisen lasin yhdistelm\u00e4 sopii saumattomasti sek\u00e4 moderniin ett\u00e4 klassiseen sisustustyyliin ja antaa valaisimen loistaa miss\u00e4 tahansa ymp\u00e4rist\u00f6ss\u00e4 Lift me -toiminnon avulla valaisimen korkeutta voidaan s\u00e4\u00e4t\u00e4\u00e4 joustavasti tarpeidesi mukaan. Olipa kyseess\u00e4 ruokap\u00f6yd\u00e4n yl\u00e4puolella, keitti\u00f6ss\u00e4 tai olohuoneessa &#8211; CELESTE tarjoaa aina t\u00e4ydellisen valaistuksen. Integroidun SWITCH-himmentimen ansiosta voit s\u00e4\u00e4t\u00e4\u00e4 kirkkautta kolmessa eri [&hellip;]<\/p>\n","protected":false},"featured_media":19189,"comment_status":"closed","ping_status":"closed","template":"","meta":[],"product_brand":[],"product_cat":[49,35,34],"product_tag":[],"class_list":{"0":"post-19186","1":"product","2":"type-product","3":"status-publish","4":"has-post-thumbnail","6":"product_cat-riippuvalaisimet","7":"product_cat-sisavalaisimet","8":"product_cat-valaisimet","10":"first","11":"instock","12":"taxable","13":"shipping-taxable","14":"purchasable","15":"product-type-simple"},"_links":{"self":[{"href":"https:\/\/www.ksttukku.fi\/kauppa\/wp-json\/wp\/v2\/product\/19186","targetHints":{"allow":["GET"]}}],"collection":[{"href":"https:\/\/www.ksttukku.fi\/kauppa\/wp-json\/wp\/v2\/product"}],"about":[{"href":"https:\/\/www.ksttukku.fi\/kauppa\/wp-json\/wp\/v2\/types\/product"}],"replies":[{"embeddable":true,"href":"https:\/\/www.ksttukku.fi\/kauppa\/wp-json\/wp\/v2\/comments?post=19186"}],"wp:featuredmedia":[{"embeddable":true,"href":"https:\/\/www.ksttukku.fi\/kauppa\/wp-json\/wp\/v2\/media\/19189"}],"wp:attachment":[{"href":"https:\/\/www.ksttukku.fi\/kauppa\/wp-json\/wp\/v2\/media?parent=19186"}],"wp:term":[{"taxonomy":"product_brand","embeddable":true,"href":"https:\/\/www.ksttukku.fi\/kauppa\/wp-json\/wp\/v2\/product_brand?post=19186"},{"taxonomy":"product_cat","embeddable":true,"href":"https:\/\/www.ksttukku.fi\/kauppa\/wp-json\/wp\/v2\/product_cat?post=19186"},{"taxonomy":"product_tag","embeddable":true,"href":"https:\/\/www.ksttukku.fi\/kauppa\/wp-json\/wp\/v2\/product_tag?post=19186"}],"curies":[{"name":"wp","href":"https:\/\/api.w.org\/{rel}","templated":true}]}}