{"id":19218,"date":"2026-03-03T17:22:24","date_gmt":"2026-03-03T15:22:24","guid":{"rendered":"https:\/\/www.ksttukku.fi\/kauppa\/?post_type=product&#038;p=19218"},"modified":"2026-03-03T17:22:24","modified_gmt":"2026-03-03T15:22:24","slug":"fanni-k-matto-verde-160x230-cm-tiilenpunainen","status":"publish","type":"product","link":"https:\/\/www.ksttukku.fi\/kauppa\/tuote\/fanni-k-matto-verde-160x230-cm-tiilenpunainen\/","title":{"rendered":"Fanni K Matto Verde 160&#215;230 cm tiilenpunainen"},"content":{"rendered":"<p>Helppohoitoinen, sile\u00e4pintainen matto it\u00e4maisella kuosilla.<\/p>\n<p>&nbsp;Liukuestepohjaus pit\u00e4\u00e4 maton paikoillaan.<\/p>\n<p>&nbsp;Koko 160 x 230 cm. Materiaali 100 % kierr\u00e4tetty polyesteri, liukueste PVC.<\/p>\n<p>&nbsp;Vesipest\u00e4v\u00e4 30 asteessa<\/p>\n","protected":false},"excerpt":{"rendered":"<p>Helppohoitoinen, sile\u00e4pintainen matto it\u00e4maisella kuosilla. &nbsp;Liukuestepohjaus pit\u00e4\u00e4 maton paikoillaan. &nbsp;Koko 160 x 230 cm. Materiaali 100 % kierr\u00e4tetty polyesteri, liukueste PVC. &nbsp;Vesipest\u00e4v\u00e4 30 asteessa<\/p>\n","protected":false},"featured_media":19206,"comment_status":"closed","ping_status":"closed","template":"","meta":[],"product_brand":[],"product_cat":[23,22,516],"product_tag":[],"class_list":{"0":"post-19218","1":"product","2":"type-product","3":"status-publish","4":"has-post-thumbnail","6":"product_cat-kaytava-ja-yleismatot","7":"product_cat-matot","8":"product_cat-sileaksi-kudottu-matto","10":"first","11":"instock","12":"taxable","13":"shipping-taxable","14":"purchasable","15":"product-type-simple"},"_links":{"self":[{"href":"https:\/\/www.ksttukku.fi\/kauppa\/wp-json\/wp\/v2\/product\/19218","targetHints":{"allow":["GET"]}}],"collection":[{"href":"https:\/\/www.ksttukku.fi\/kauppa\/wp-json\/wp\/v2\/product"}],"about":[{"href":"https:\/\/www.ksttukku.fi\/kauppa\/wp-json\/wp\/v2\/types\/product"}],"replies":[{"embeddable":true,"href":"https:\/\/www.ksttukku.fi\/kauppa\/wp-json\/wp\/v2\/comments?post=19218"}],"wp:featuredmedia":[{"embeddable":true,"href":"https:\/\/www.ksttukku.fi\/kauppa\/wp-json\/wp\/v2\/media\/19206"}],"wp:attachment":[{"href":"https:\/\/www.ksttukku.fi\/kauppa\/wp-json\/wp\/v2\/media?parent=19218"}],"wp:term":[{"taxonomy":"product_brand","embeddable":true,"href":"https:\/\/www.ksttukku.fi\/kauppa\/wp-json\/wp\/v2\/product_brand?post=19218"},{"taxonomy":"product_cat","embeddable":true,"href":"https:\/\/www.ksttukku.fi\/kauppa\/wp-json\/wp\/v2\/product_cat?post=19218"},{"taxonomy":"product_tag","embeddable":true,"href":"https:\/\/www.ksttukku.fi\/kauppa\/wp-json\/wp\/v2\/product_tag?post=19218"}],"curies":[{"name":"wp","href":"https:\/\/api.w.org\/{rel}","templated":true}]}}