{"id":19219,"date":"2026-03-03T17:28:38","date_gmt":"2026-03-03T15:28:38","guid":{"rendered":"https:\/\/www.ksttukku.fi\/kauppa\/?post_type=product&#038;p=19219"},"modified":"2026-03-03T17:28:38","modified_gmt":"2026-03-03T15:28:38","slug":"fanni-k-matto-verde-160x230-cm-graniitti","status":"publish","type":"product","link":"https:\/\/www.ksttukku.fi\/kauppa\/tuote\/fanni-k-matto-verde-160x230-cm-graniitti\/","title":{"rendered":"Fanni K Matto Verde 160&#215;230 cm graniitti"},"content":{"rendered":"<p>Helppohoitoinen, sile\u00e4pintainen matto it\u00e4maisella kuosilla<\/p>\n<p>Liukuestepohjaus pit\u00e4\u00e4 maton paikoillaan.<\/p>\n<p>Koko 160 x 230 cm. Materiaali 100 % kierr\u00e4tetty polyesteri, liukueste PVC.<\/p>\n<p>Vesipest\u00e4v\u00e4 30 asteessa<\/p>\n","protected":false},"excerpt":{"rendered":"<p>Helppohoitoinen, sile\u00e4pintainen matto it\u00e4maisella kuosilla Liukuestepohjaus pit\u00e4\u00e4 maton paikoillaan. Koko 160 x 230 cm. Materiaali 100 % kierr\u00e4tetty polyesteri, liukueste PVC. Vesipest\u00e4v\u00e4 30 asteessa<\/p>\n","protected":false},"featured_media":19202,"comment_status":"closed","ping_status":"closed","template":"","meta":[],"product_brand":[],"product_cat":[23,22,516],"product_tag":[],"class_list":{"0":"post-19219","1":"product","2":"type-product","3":"status-publish","4":"has-post-thumbnail","6":"product_cat-kaytava-ja-yleismatot","7":"product_cat-matot","8":"product_cat-sileaksi-kudottu-matto","10":"first","11":"instock","12":"taxable","13":"shipping-taxable","14":"purchasable","15":"product-type-simple"},"_links":{"self":[{"href":"https:\/\/www.ksttukku.fi\/kauppa\/wp-json\/wp\/v2\/product\/19219","targetHints":{"allow":["GET"]}}],"collection":[{"href":"https:\/\/www.ksttukku.fi\/kauppa\/wp-json\/wp\/v2\/product"}],"about":[{"href":"https:\/\/www.ksttukku.fi\/kauppa\/wp-json\/wp\/v2\/types\/product"}],"replies":[{"embeddable":true,"href":"https:\/\/www.ksttukku.fi\/kauppa\/wp-json\/wp\/v2\/comments?post=19219"}],"wp:featuredmedia":[{"embeddable":true,"href":"https:\/\/www.ksttukku.fi\/kauppa\/wp-json\/wp\/v2\/media\/19202"}],"wp:attachment":[{"href":"https:\/\/www.ksttukku.fi\/kauppa\/wp-json\/wp\/v2\/media?parent=19219"}],"wp:term":[{"taxonomy":"product_brand","embeddable":true,"href":"https:\/\/www.ksttukku.fi\/kauppa\/wp-json\/wp\/v2\/product_brand?post=19219"},{"taxonomy":"product_cat","embeddable":true,"href":"https:\/\/www.ksttukku.fi\/kauppa\/wp-json\/wp\/v2\/product_cat?post=19219"},{"taxonomy":"product_tag","embeddable":true,"href":"https:\/\/www.ksttukku.fi\/kauppa\/wp-json\/wp\/v2\/product_tag?post=19219"}],"curies":[{"name":"wp","href":"https:\/\/api.w.org\/{rel}","templated":true}]}}