{"id":19220,"date":"2026-03-04T11:12:42","date_gmt":"2026-03-04T09:12:42","guid":{"rendered":"https:\/\/www.ksttukku.fi\/kauppa\/?post_type=product&#038;p=19220"},"modified":"2026-03-04T11:16:31","modified_gmt":"2026-03-04T09:16:31","slug":"matto-pony-dream-133-cm-pyorea","status":"publish","type":"product","link":"https:\/\/www.ksttukku.fi\/kauppa\/tuote\/matto-pony-dream-133-cm-pyorea\/","title":{"rendered":"Matto Pony Dream 133 cm  py\u00f6re\u00e4"},"content":{"rendered":"<p>Py\u00f6re\u00e4, helppohoitoinen, sile\u00e4pintainen matto ihastuttavalla hevoskuosilla.<\/p>\n<p>Liukuestepohjaus pit\u00e4\u00e4 maton paikoillaan.<\/p>\n<p>&nbsp;Halkaisija 133 cm.<\/p>\n<p>&nbsp;Materiaali 100 % polyesteri.<\/p>\n<p>Vesipest\u00e4v\u00e4 30 astetta<\/p>\n","protected":false},"excerpt":{"rendered":"<p>Py\u00f6re\u00e4, helppohoitoinen, sile\u00e4pintainen matto ihastuttavalla hevoskuosilla. Liukuestepohjaus pit\u00e4\u00e4 maton paikoillaan. &nbsp;Halkaisija 133 cm. &nbsp;Materiaali 100 % polyesteri. Vesipest\u00e4v\u00e4 30 astetta<\/p>\n","protected":false},"featured_media":19221,"comment_status":"closed","ping_status":"closed","template":"","meta":[],"product_brand":[],"product_cat":[25,22,516],"product_tag":[],"class_list":{"0":"post-19220","1":"product","2":"type-product","3":"status-publish","4":"has-post-thumbnail","6":"product_cat-lastenhuonematot","7":"product_cat-matot","8":"product_cat-sileaksi-kudottu-matto","10":"first","11":"instock","12":"taxable","13":"shipping-taxable","14":"purchasable","15":"product-type-simple"},"_links":{"self":[{"href":"https:\/\/www.ksttukku.fi\/kauppa\/wp-json\/wp\/v2\/product\/19220","targetHints":{"allow":["GET"]}}],"collection":[{"href":"https:\/\/www.ksttukku.fi\/kauppa\/wp-json\/wp\/v2\/product"}],"about":[{"href":"https:\/\/www.ksttukku.fi\/kauppa\/wp-json\/wp\/v2\/types\/product"}],"replies":[{"embeddable":true,"href":"https:\/\/www.ksttukku.fi\/kauppa\/wp-json\/wp\/v2\/comments?post=19220"}],"wp:featuredmedia":[{"embeddable":true,"href":"https:\/\/www.ksttukku.fi\/kauppa\/wp-json\/wp\/v2\/media\/19221"}],"wp:attachment":[{"href":"https:\/\/www.ksttukku.fi\/kauppa\/wp-json\/wp\/v2\/media?parent=19220"}],"wp:term":[{"taxonomy":"product_brand","embeddable":true,"href":"https:\/\/www.ksttukku.fi\/kauppa\/wp-json\/wp\/v2\/product_brand?post=19220"},{"taxonomy":"product_cat","embeddable":true,"href":"https:\/\/www.ksttukku.fi\/kauppa\/wp-json\/wp\/v2\/product_cat?post=19220"},{"taxonomy":"product_tag","embeddable":true,"href":"https:\/\/www.ksttukku.fi\/kauppa\/wp-json\/wp\/v2\/product_tag?post=19220"}],"curies":[{"name":"wp","href":"https:\/\/api.w.org\/{rel}","templated":true}]}}