{"id":19227,"date":"2026-03-04T12:53:37","date_gmt":"2026-03-04T10:53:37","guid":{"rendered":"https:\/\/www.ksttukku.fi\/kauppa\/?post_type=product&#038;p=19227"},"modified":"2026-03-04T12:53:37","modified_gmt":"2026-03-04T10:53:37","slug":"fanni-k-matto-verde-80x200-cm-tiilenpunainen","status":"publish","type":"product","link":"https:\/\/www.ksttukku.fi\/kauppa\/tuote\/fanni-k-matto-verde-80x200-cm-tiilenpunainen\/","title":{"rendered":"Fanni K Matto Verde 80&#215;200 cm tiilenpunainen"},"content":{"rendered":"<p>Helppohoitoinen, sile\u00e4pintainen matto it\u00e4maisella kuosilla.<\/p>\n<p>Liukuestepohjaus pit\u00e4\u00e4 maton paikoillaan.<\/p>\n<p>&nbsp;Koko 80 x 200 cm.<\/p>\n<p>Materiaali 100 % kierr\u00e4tetty polyesteri, liukueste PVC.<\/p>\n<p>Vesipest\u00e4v\u00e4 30 asteessa<\/p>\n","protected":false},"excerpt":{"rendered":"<p>Helppohoitoinen, sile\u00e4pintainen matto it\u00e4maisella kuosilla. Liukuestepohjaus pit\u00e4\u00e4 maton paikoillaan. &nbsp;Koko 80 x 200 cm. Materiaali 100 % kierr\u00e4tetty polyesteri, liukueste PVC. Vesipest\u00e4v\u00e4 30 asteessa<\/p>\n","protected":false},"featured_media":19228,"comment_status":"closed","ping_status":"closed","template":"","meta":[],"product_brand":[],"product_cat":[22,516],"product_tag":[],"class_list":{"0":"post-19227","1":"product","2":"type-product","3":"status-publish","4":"has-post-thumbnail","6":"product_cat-matot","7":"product_cat-sileaksi-kudottu-matto","9":"first","10":"instock","11":"taxable","12":"shipping-taxable","13":"purchasable","14":"product-type-simple"},"_links":{"self":[{"href":"https:\/\/www.ksttukku.fi\/kauppa\/wp-json\/wp\/v2\/product\/19227","targetHints":{"allow":["GET"]}}],"collection":[{"href":"https:\/\/www.ksttukku.fi\/kauppa\/wp-json\/wp\/v2\/product"}],"about":[{"href":"https:\/\/www.ksttukku.fi\/kauppa\/wp-json\/wp\/v2\/types\/product"}],"replies":[{"embeddable":true,"href":"https:\/\/www.ksttukku.fi\/kauppa\/wp-json\/wp\/v2\/comments?post=19227"}],"wp:featuredmedia":[{"embeddable":true,"href":"https:\/\/www.ksttukku.fi\/kauppa\/wp-json\/wp\/v2\/media\/19228"}],"wp:attachment":[{"href":"https:\/\/www.ksttukku.fi\/kauppa\/wp-json\/wp\/v2\/media?parent=19227"}],"wp:term":[{"taxonomy":"product_brand","embeddable":true,"href":"https:\/\/www.ksttukku.fi\/kauppa\/wp-json\/wp\/v2\/product_brand?post=19227"},{"taxonomy":"product_cat","embeddable":true,"href":"https:\/\/www.ksttukku.fi\/kauppa\/wp-json\/wp\/v2\/product_cat?post=19227"},{"taxonomy":"product_tag","embeddable":true,"href":"https:\/\/www.ksttukku.fi\/kauppa\/wp-json\/wp\/v2\/product_tag?post=19227"}],"curies":[{"name":"wp","href":"https:\/\/api.w.org\/{rel}","templated":true}]}}