{"id":19229,"date":"2026-03-04T13:17:59","date_gmt":"2026-03-04T11:17:59","guid":{"rendered":"https:\/\/www.ksttukku.fi\/kauppa\/?post_type=product&#038;p=19229"},"modified":"2026-03-04T13:17:59","modified_gmt":"2026-03-04T11:17:59","slug":"pyorea-matto-bunny-120-cm","status":"publish","type":"product","link":"https:\/\/www.ksttukku.fi\/kauppa\/tuote\/pyorea-matto-bunny-120-cm\/","title":{"rendered":"Py\u00f6re\u00e4 Matto Bunny 120 cm"},"content":{"rendered":"<p>Suloinen py\u00f6re\u00e4 Bunny-matto hillityiss\u00e4 harmaan ja vaaleanpunaisen s\u00e4vyisss\u00e4.<\/p>\n<p>&nbsp;Liukuestepohjauksen ansiosta matto pysyy hyvin paikoillaan.<\/p>\n<p>Halkaisija 120 cm.<\/p>\n<p>Materiaali 100% polyesteri, liukuestepohjaus synteettinen kumi.<\/p>\n<p>Laakavesipesu pesulassa.&nbsp;<\/p>\n","protected":false},"excerpt":{"rendered":"<p>Suloinen py\u00f6re\u00e4 Bunny-matto hillityiss\u00e4 harmaan ja vaaleanpunaisen s\u00e4vyisss\u00e4. &nbsp;Liukuestepohjauksen ansiosta matto pysyy hyvin paikoillaan. Halkaisija 120 cm. Materiaali 100% polyesteri, liukuestepohjaus synteettinen kumi. Laakavesipesu pesulassa.&nbsp;<\/p>\n","protected":false},"featured_media":19230,"comment_status":"closed","ping_status":"closed","template":"","meta":[],"product_brand":[],"product_cat":[25,22,516],"product_tag":[],"class_list":{"0":"post-19229","1":"product","2":"type-product","3":"status-publish","4":"has-post-thumbnail","6":"product_cat-lastenhuonematot","7":"product_cat-matot","8":"product_cat-sileaksi-kudottu-matto","10":"first","11":"instock","12":"taxable","13":"shipping-taxable","14":"purchasable","15":"product-type-simple"},"_links":{"self":[{"href":"https:\/\/www.ksttukku.fi\/kauppa\/wp-json\/wp\/v2\/product\/19229","targetHints":{"allow":["GET"]}}],"collection":[{"href":"https:\/\/www.ksttukku.fi\/kauppa\/wp-json\/wp\/v2\/product"}],"about":[{"href":"https:\/\/www.ksttukku.fi\/kauppa\/wp-json\/wp\/v2\/types\/product"}],"replies":[{"embeddable":true,"href":"https:\/\/www.ksttukku.fi\/kauppa\/wp-json\/wp\/v2\/comments?post=19229"}],"wp:featuredmedia":[{"embeddable":true,"href":"https:\/\/www.ksttukku.fi\/kauppa\/wp-json\/wp\/v2\/media\/19230"}],"wp:attachment":[{"href":"https:\/\/www.ksttukku.fi\/kauppa\/wp-json\/wp\/v2\/media?parent=19229"}],"wp:term":[{"taxonomy":"product_brand","embeddable":true,"href":"https:\/\/www.ksttukku.fi\/kauppa\/wp-json\/wp\/v2\/product_brand?post=19229"},{"taxonomy":"product_cat","embeddable":true,"href":"https:\/\/www.ksttukku.fi\/kauppa\/wp-json\/wp\/v2\/product_cat?post=19229"},{"taxonomy":"product_tag","embeddable":true,"href":"https:\/\/www.ksttukku.fi\/kauppa\/wp-json\/wp\/v2\/product_tag?post=19229"}],"curies":[{"name":"wp","href":"https:\/\/api.w.org\/{rel}","templated":true}]}}