{"id":19242,"date":"2026-03-04T15:38:17","date_gmt":"2026-03-04T13:38:17","guid":{"rendered":"https:\/\/www.ksttukku.fi\/kauppa\/?post_type=product&#038;p=19242"},"modified":"2026-03-04T15:38:17","modified_gmt":"2026-03-04T13:38:17","slug":"kylpyhuoneenmatto-leaf-50x80-cm-harmaa-valkoinen","status":"publish","type":"product","link":"https:\/\/www.ksttukku.fi\/kauppa\/tuote\/kylpyhuoneenmatto-leaf-50x80-cm-harmaa-valkoinen\/","title":{"rendered":"Kylpyhuoneenmatto  Leaf 50&#215;80 cm harmaa\/valkoinen"},"content":{"rendered":"<p>Mukavan pehme\u00e4 lehtikuvioinen matto kylpyhuoneeseen.<\/p>\n<p>Kumipohja pit\u00e4\u00e4 maton hyvin paikoillaan.<\/p>\n<p>Nukan korkeus 1,5 cm.<\/p>\n<p>Koko 50 x 80 cm.<\/p>\n<p>Materiaali 100 % polyesteri, TPR kumipohja.<\/p>\n<p>Vesipesu 30 astetta.&nbsp;<\/p>\n","protected":false},"excerpt":{"rendered":"<p>Mukavan pehme\u00e4 lehtikuvioinen matto kylpyhuoneeseen. Kumipohja pit\u00e4\u00e4 maton hyvin paikoillaan. Nukan korkeus 1,5 cm. Koko 50 x 80 cm. Materiaali 100 % polyesteri, TPR kumipohja. Vesipesu 30 astetta.&nbsp;<\/p>\n","protected":false},"featured_media":19243,"comment_status":"closed","ping_status":"closed","template":"","meta":[],"product_brand":[],"product_cat":[81,150,22],"product_tag":[],"class_list":{"0":"post-19242","1":"product","2":"type-product","3":"status-publish","4":"has-post-thumbnail","6":"product_cat-kosteantilanmatot","7":"product_cat-kylpyhuone","8":"product_cat-matot","10":"first","11":"instock","12":"taxable","13":"shipping-taxable","14":"purchasable","15":"product-type-simple"},"_links":{"self":[{"href":"https:\/\/www.ksttukku.fi\/kauppa\/wp-json\/wp\/v2\/product\/19242","targetHints":{"allow":["GET"]}}],"collection":[{"href":"https:\/\/www.ksttukku.fi\/kauppa\/wp-json\/wp\/v2\/product"}],"about":[{"href":"https:\/\/www.ksttukku.fi\/kauppa\/wp-json\/wp\/v2\/types\/product"}],"replies":[{"embeddable":true,"href":"https:\/\/www.ksttukku.fi\/kauppa\/wp-json\/wp\/v2\/comments?post=19242"}],"wp:featuredmedia":[{"embeddable":true,"href":"https:\/\/www.ksttukku.fi\/kauppa\/wp-json\/wp\/v2\/media\/19243"}],"wp:attachment":[{"href":"https:\/\/www.ksttukku.fi\/kauppa\/wp-json\/wp\/v2\/media?parent=19242"}],"wp:term":[{"taxonomy":"product_brand","embeddable":true,"href":"https:\/\/www.ksttukku.fi\/kauppa\/wp-json\/wp\/v2\/product_brand?post=19242"},{"taxonomy":"product_cat","embeddable":true,"href":"https:\/\/www.ksttukku.fi\/kauppa\/wp-json\/wp\/v2\/product_cat?post=19242"},{"taxonomy":"product_tag","embeddable":true,"href":"https:\/\/www.ksttukku.fi\/kauppa\/wp-json\/wp\/v2\/product_tag?post=19242"}],"curies":[{"name":"wp","href":"https:\/\/api.w.org\/{rel}","templated":true}]}}