{"id":19245,"date":"2026-03-04T16:17:05","date_gmt":"2026-03-04T14:17:05","guid":{"rendered":"https:\/\/www.ksttukku.fi\/kauppa\/?post_type=product&#038;p=19245"},"modified":"2026-03-04T16:17:05","modified_gmt":"2026-03-04T14:17:05","slug":"kylpyhuonematto-block-50x80-cm-beige","status":"publish","type":"product","link":"https:\/\/www.ksttukku.fi\/kauppa\/tuote\/kylpyhuonematto-block-50x80-cm-beige\/","title":{"rendered":"Kylpyhuonematto Block 50&#215;80 cm beige"},"content":{"rendered":"<p>Raidallinen kylpyhuoneenmatto pehme\u00e4ll\u00e4, tiiviill\u00e4 nukkapinnalla.<br \/>\n Latex-liukuestepohjaus pit\u00e4\u00e4 maton paikallaan.<br \/>\n Koko 50 x 80 cm.<br \/>\nV\u00e4ri beige-valkoinen.<br \/>\nMateriaali polyesteri, lateksi.<br \/>\n Pesu 30 asteessa. <\/p>\n","protected":false},"excerpt":{"rendered":"<p>Raidallinen kylpyhuoneenmatto pehme\u00e4ll\u00e4, tiiviill\u00e4 nukkapinnalla. Latex-liukuestepohjaus pit\u00e4\u00e4 maton paikallaan. Koko 50 x 80 cm. V\u00e4ri beige-valkoinen. Materiaali polyesteri, lateksi. Pesu 30 asteessa.<\/p>\n","protected":false},"featured_media":19246,"comment_status":"closed","ping_status":"closed","template":"","meta":[],"product_brand":[],"product_cat":[81,150,22],"product_tag":[],"class_list":{"0":"post-19245","1":"product","2":"type-product","3":"status-publish","4":"has-post-thumbnail","6":"product_cat-kosteantilanmatot","7":"product_cat-kylpyhuone","8":"product_cat-matot","10":"first","11":"instock","12":"taxable","13":"shipping-taxable","14":"purchasable","15":"product-type-simple"},"_links":{"self":[{"href":"https:\/\/www.ksttukku.fi\/kauppa\/wp-json\/wp\/v2\/product\/19245","targetHints":{"allow":["GET"]}}],"collection":[{"href":"https:\/\/www.ksttukku.fi\/kauppa\/wp-json\/wp\/v2\/product"}],"about":[{"href":"https:\/\/www.ksttukku.fi\/kauppa\/wp-json\/wp\/v2\/types\/product"}],"replies":[{"embeddable":true,"href":"https:\/\/www.ksttukku.fi\/kauppa\/wp-json\/wp\/v2\/comments?post=19245"}],"wp:featuredmedia":[{"embeddable":true,"href":"https:\/\/www.ksttukku.fi\/kauppa\/wp-json\/wp\/v2\/media\/19246"}],"wp:attachment":[{"href":"https:\/\/www.ksttukku.fi\/kauppa\/wp-json\/wp\/v2\/media?parent=19245"}],"wp:term":[{"taxonomy":"product_brand","embeddable":true,"href":"https:\/\/www.ksttukku.fi\/kauppa\/wp-json\/wp\/v2\/product_brand?post=19245"},{"taxonomy":"product_cat","embeddable":true,"href":"https:\/\/www.ksttukku.fi\/kauppa\/wp-json\/wp\/v2\/product_cat?post=19245"},{"taxonomy":"product_tag","embeddable":true,"href":"https:\/\/www.ksttukku.fi\/kauppa\/wp-json\/wp\/v2\/product_tag?post=19245"}],"curies":[{"name":"wp","href":"https:\/\/api.w.org\/{rel}","templated":true}]}}