{"id":19251,"date":"2026-03-04T17:36:53","date_gmt":"2026-03-04T15:36:53","guid":{"rendered":"https:\/\/www.ksttukku.fi\/kauppa\/?post_type=product&#038;p=19251"},"modified":"2026-03-04T17:36:54","modified_gmt":"2026-03-04T15:36:54","slug":"tekokasvi-muratti-isolehtinen-ruukussa-80-cm","status":"publish","type":"product","link":"https:\/\/www.ksttukku.fi\/kauppa\/tuote\/tekokasvi-muratti-isolehtinen-ruukussa-80-cm\/","title":{"rendered":"Tekokasvi Muratti isolehtinen ruukussa 80 cm"},"content":{"rendered":"<p>Tekokasvit ovat huoleton ja nopea keino pirist\u00e4\u00e4 parvekkeen, pihan tai terassin ilmett\u00e4. Tekokasvit soveltuvat erityisesti my\u00f6s paahteisiin tai varjoisiin paikkoihin, joihin tahdotaan vehreytt\u00e4, mutta on vain rajatusti soveltuvia kasveja.&nbsp;Ne ovat my\u00f6s turvallinen valinta lemmikki-, lapsi- ja allergiaperheisiin<\/p>\n<p>Materiaali: polyeteeni, rauta, PEVA, hiekka, polypropeeni&nbsp;<\/p>\n","protected":false},"excerpt":{"rendered":"<p>Tekokasvit ovat huoleton ja nopea keino pirist\u00e4\u00e4 parvekkeen, pihan tai terassin ilmett\u00e4. Tekokasvit soveltuvat erityisesti my\u00f6s paahteisiin tai varjoisiin paikkoihin, joihin tahdotaan vehreytt\u00e4, mutta on vain rajatusti soveltuvia kasveja.&nbsp;Ne ovat my\u00f6s turvallinen valinta lemmikki-, lapsi- ja allergiaperheisiin Materiaali: polyeteeni, rauta, PEVA, hiekka, polypropeeni&nbsp;<\/p>\n","protected":false},"featured_media":19252,"comment_status":"closed","ping_status":"closed","template":"","meta":[],"product_brand":[],"product_cat":[491,377],"product_tag":[],"class_list":{"0":"post-19251","1":"product","2":"type-product","3":"status-publish","4":"has-post-thumbnail","6":"product_cat-kodin-sisustustuotteet","7":"product_cat-sisustus-lahjatavarat","9":"first","10":"instock","11":"taxable","12":"shipping-taxable","13":"purchasable","14":"product-type-simple"},"_links":{"self":[{"href":"https:\/\/www.ksttukku.fi\/kauppa\/wp-json\/wp\/v2\/product\/19251","targetHints":{"allow":["GET"]}}],"collection":[{"href":"https:\/\/www.ksttukku.fi\/kauppa\/wp-json\/wp\/v2\/product"}],"about":[{"href":"https:\/\/www.ksttukku.fi\/kauppa\/wp-json\/wp\/v2\/types\/product"}],"replies":[{"embeddable":true,"href":"https:\/\/www.ksttukku.fi\/kauppa\/wp-json\/wp\/v2\/comments?post=19251"}],"wp:featuredmedia":[{"embeddable":true,"href":"https:\/\/www.ksttukku.fi\/kauppa\/wp-json\/wp\/v2\/media\/19252"}],"wp:attachment":[{"href":"https:\/\/www.ksttukku.fi\/kauppa\/wp-json\/wp\/v2\/media?parent=19251"}],"wp:term":[{"taxonomy":"product_brand","embeddable":true,"href":"https:\/\/www.ksttukku.fi\/kauppa\/wp-json\/wp\/v2\/product_brand?post=19251"},{"taxonomy":"product_cat","embeddable":true,"href":"https:\/\/www.ksttukku.fi\/kauppa\/wp-json\/wp\/v2\/product_cat?post=19251"},{"taxonomy":"product_tag","embeddable":true,"href":"https:\/\/www.ksttukku.fi\/kauppa\/wp-json\/wp\/v2\/product_tag?post=19251"}],"curies":[{"name":"wp","href":"https:\/\/api.w.org\/{rel}","templated":true}]}}