{"id":19269,"date":"2026-03-05T14:00:20","date_gmt":"2026-03-05T12:00:20","guid":{"rendered":"https:\/\/www.ksttukku.fi\/kauppa\/?post_type=product&#038;p=19269"},"modified":"2026-03-05T14:00:21","modified_gmt":"2026-03-05T12:00:21","slug":"hestia-loimu-sileaksikudottu-harmaa-liukuestepohjaus-133x-190-cm","status":"publish","type":"product","link":"https:\/\/www.ksttukku.fi\/kauppa\/tuote\/hestia-loimu-sileaksikudottu-harmaa-liukuestepohjaus-133x-190-cm\/","title":{"rendered":"Hestia Loimu sile\u00e4ksikudottu  harmaa, liukuestepohjaus  133x 190 cm"},"content":{"rendered":"<p>HESTIA\u00ae Loimu -matto on kest\u00e4v\u00e4 ja ajaton valinta. Erinomainen valinta my\u00f6s keitti\u00f6\u00f6n ja eteiseen. Helppohoitoinen, vesipest\u00e4v\u00e4 matto. Tahrat l\u00e4htev\u00e4t pyyhk\u00e4isem\u00e4ll\u00e4. P\u00f6ly\u00e4m\u00e4t\u00f6n matto sopii my\u00f6s allergia \u2013 ja lemmikkikotiin.<\/p>\n<p>V\u00e4ri:&nbsp; harmaa<\/p>\n<p>Hoito-ohje: Imurointi. Laakavesipesu pesulassa 30 \u00b0C, ei voimakasta hankausta. Pesu ja kuivaus vaakatasossa. K\u00e4ytet\u00e4\u00e4n veteen laimennettua pesuainetta ja huuhdellaan kunnolla.<\/p>\n","protected":false},"excerpt":{"rendered":"<p>HESTIA\u00ae Loimu -matto on kest\u00e4v\u00e4 ja ajaton valinta. Erinomainen valinta my\u00f6s keitti\u00f6\u00f6n ja eteiseen. Helppohoitoinen, vesipest\u00e4v\u00e4 matto. Tahrat l\u00e4htev\u00e4t pyyhk\u00e4isem\u00e4ll\u00e4. P\u00f6ly\u00e4m\u00e4t\u00f6n matto sopii my\u00f6s allergia \u2013 ja lemmikkikotiin. V\u00e4ri:&nbsp; harmaa Hoito-ohje: Imurointi. Laakavesipesu pesulassa 30 \u00b0C, ei voimakasta hankausta. Pesu ja kuivaus vaakatasossa. K\u00e4ytet\u00e4\u00e4n veteen laimennettua pesuainetta ja huuhdellaan kunnolla.<\/p>\n","protected":false},"featured_media":19270,"comment_status":"closed","ping_status":"closed","template":"","meta":[],"product_brand":[],"product_cat":[23,22,516],"product_tag":[],"class_list":{"0":"post-19269","1":"product","2":"type-product","3":"status-publish","4":"has-post-thumbnail","6":"product_cat-kaytava-ja-yleismatot","7":"product_cat-matot","8":"product_cat-sileaksi-kudottu-matto","10":"first","11":"instock","12":"taxable","13":"shipping-taxable","14":"purchasable","15":"product-type-simple"},"_links":{"self":[{"href":"https:\/\/www.ksttukku.fi\/kauppa\/wp-json\/wp\/v2\/product\/19269","targetHints":{"allow":["GET"]}}],"collection":[{"href":"https:\/\/www.ksttukku.fi\/kauppa\/wp-json\/wp\/v2\/product"}],"about":[{"href":"https:\/\/www.ksttukku.fi\/kauppa\/wp-json\/wp\/v2\/types\/product"}],"replies":[{"embeddable":true,"href":"https:\/\/www.ksttukku.fi\/kauppa\/wp-json\/wp\/v2\/comments?post=19269"}],"wp:featuredmedia":[{"embeddable":true,"href":"https:\/\/www.ksttukku.fi\/kauppa\/wp-json\/wp\/v2\/media\/19270"}],"wp:attachment":[{"href":"https:\/\/www.ksttukku.fi\/kauppa\/wp-json\/wp\/v2\/media?parent=19269"}],"wp:term":[{"taxonomy":"product_brand","embeddable":true,"href":"https:\/\/www.ksttukku.fi\/kauppa\/wp-json\/wp\/v2\/product_brand?post=19269"},{"taxonomy":"product_cat","embeddable":true,"href":"https:\/\/www.ksttukku.fi\/kauppa\/wp-json\/wp\/v2\/product_cat?post=19269"},{"taxonomy":"product_tag","embeddable":true,"href":"https:\/\/www.ksttukku.fi\/kauppa\/wp-json\/wp\/v2\/product_tag?post=19269"}],"curies":[{"name":"wp","href":"https:\/\/api.w.org\/{rel}","templated":true}]}}