{"id":19271,"date":"2026-03-05T15:15:20","date_gmt":"2026-03-05T13:15:20","guid":{"rendered":"https:\/\/www.ksttukku.fi\/kauppa\/?post_type=product&#038;p=19271"},"modified":"2026-03-05T15:18:50","modified_gmt":"2026-03-05T13:18:50","slug":"verhovaijeri-5-m","status":"publish","type":"product","link":"https:\/\/www.ksttukku.fi\/kauppa\/tuote\/verhovaijeri-5-m\/","title":{"rendered":"Verhovaijeri 5 m"},"content":{"rendered":"<p>PVC:ll\u00e4 p\u00e4\u00e4llystetty ter\u00e4svaijeri verhojen ja kappojen ripustamiseen.<\/p>\n<p>Ruuvaa silmukkaruuvit vaijerinp\u00e4\u00e4h\u00e4n ja venyt\u00e4 vaijeri koukkuihin<\/p>\n<p>3 kpl silmukkakoukkua ja 3 kpl avokoukkua<\/p>\n<p>&nbsp;Pituus 5 m<\/p>\n","protected":false},"excerpt":{"rendered":"<p>PVC:ll\u00e4 p\u00e4\u00e4llystetty ter\u00e4svaijeri verhojen ja kappojen ripustamiseen. Ruuvaa silmukkaruuvit vaijerinp\u00e4\u00e4h\u00e4n ja venyt\u00e4 vaijeri koukkuihin 3 kpl silmukkakoukkua ja 3 kpl avokoukkua &nbsp;Pituus 5 m<\/p>\n","protected":false},"featured_media":19272,"comment_status":"closed","ping_status":"closed","template":"","meta":[],"product_brand":[],"product_cat":[104,480],"product_tag":[],"class_list":{"0":"post-19271","1":"product","2":"type-product","3":"status-publish","4":"has-post-thumbnail","6":"product_cat-kaihtimet-ja-verhotangot","7":"product_cat-verhotangot-sisustuslevyt","9":"first","10":"instock","11":"taxable","12":"shipping-taxable","13":"purchasable","14":"product-type-simple"},"_links":{"self":[{"href":"https:\/\/www.ksttukku.fi\/kauppa\/wp-json\/wp\/v2\/product\/19271","targetHints":{"allow":["GET"]}}],"collection":[{"href":"https:\/\/www.ksttukku.fi\/kauppa\/wp-json\/wp\/v2\/product"}],"about":[{"href":"https:\/\/www.ksttukku.fi\/kauppa\/wp-json\/wp\/v2\/types\/product"}],"replies":[{"embeddable":true,"href":"https:\/\/www.ksttukku.fi\/kauppa\/wp-json\/wp\/v2\/comments?post=19271"}],"wp:featuredmedia":[{"embeddable":true,"href":"https:\/\/www.ksttukku.fi\/kauppa\/wp-json\/wp\/v2\/media\/19272"}],"wp:attachment":[{"href":"https:\/\/www.ksttukku.fi\/kauppa\/wp-json\/wp\/v2\/media?parent=19271"}],"wp:term":[{"taxonomy":"product_brand","embeddable":true,"href":"https:\/\/www.ksttukku.fi\/kauppa\/wp-json\/wp\/v2\/product_brand?post=19271"},{"taxonomy":"product_cat","embeddable":true,"href":"https:\/\/www.ksttukku.fi\/kauppa\/wp-json\/wp\/v2\/product_cat?post=19271"},{"taxonomy":"product_tag","embeddable":true,"href":"https:\/\/www.ksttukku.fi\/kauppa\/wp-json\/wp\/v2\/product_tag?post=19271"}],"curies":[{"name":"wp","href":"https:\/\/api.w.org\/{rel}","templated":true}]}}