{"id":19274,"date":"2026-03-05T16:09:02","date_gmt":"2026-03-05T14:09:02","guid":{"rendered":"https:\/\/www.ksttukku.fi\/kauppa\/?post_type=product&#038;p=19274"},"modified":"2026-03-05T16:10:52","modified_gmt":"2026-03-05T14:10:52","slug":"seinakello-verona-kulta-30-cm","status":"publish","type":"product","link":"https:\/\/www.ksttukku.fi\/kauppa\/tuote\/seinakello-verona-kulta-30-cm\/","title":{"rendered":"Sein\u00e4kello Verona kulta 30 cm"},"content":{"rendered":"<p>Verona sein\u00e4kellossa on selke\u00e4 ja helppolukuinen kellotaulu: valkoinen kellotaulu, jossa on mustat numerot ja indeksit, tarjoaa erinomaisen n\u00e4kyvyyden, joten kellonajan lukeminen on helppoa yhdell\u00e4 silm\u00e4yksell\u00e4<\/p>\n<p>Kellon hiljaisen koneiston ansiosta, sopii erinomaisesti makuuhuoneisiin, olohuoneisiin tai toimistoihin<\/p>\n<p>Kello on varustettu tarkoilla tunti-, minuutti- ja sekuntiosoittimilla ja minuuttien lis\u00e4asteikoilla, joka takaa tarkemman ajanoton. Kellosta l\u00f6ytyy my\u00f6s kosteus- ja l\u00e4mp\u00f6mittarit<\/p>\n<p>V\u00e4ri: valkoinen\/kulta&nbsp;<\/p>\n<p>Materiaali: alumiini, polypropeeni, lasi&nbsp;<\/p>\n<p>Halkaisija: 30 cm<\/p>\n","protected":false},"excerpt":{"rendered":"<p>Verona sein\u00e4kellossa on selke\u00e4 ja helppolukuinen kellotaulu: valkoinen kellotaulu, jossa on mustat numerot ja indeksit, tarjoaa erinomaisen n\u00e4kyvyyden, joten kellonajan lukeminen on helppoa yhdell\u00e4 silm\u00e4yksell\u00e4 Kellon hiljaisen koneiston ansiosta, sopii erinomaisesti makuuhuoneisiin, olohuoneisiin tai toimistoihin Kello on varustettu tarkoilla tunti-, minuutti- ja sekuntiosoittimilla ja minuuttien lis\u00e4asteikoilla, joka takaa tarkemman ajanoton. Kellosta l\u00f6ytyy my\u00f6s kosteus- ja [&hellip;]<\/p>\n","protected":false},"featured_media":19276,"comment_status":"closed","ping_status":"closed","template":"","meta":[],"product_brand":[],"product_cat":[491,453,377],"product_tag":[],"class_list":{"0":"post-19274","1":"product","2":"type-product","3":"status-publish","4":"has-post-thumbnail","6":"product_cat-kodin-sisustustuotteet","7":"product_cat-seinakellot","8":"product_cat-sisustus-lahjatavarat","10":"first","11":"instock","12":"taxable","13":"shipping-taxable","14":"purchasable","15":"product-type-simple"},"_links":{"self":[{"href":"https:\/\/www.ksttukku.fi\/kauppa\/wp-json\/wp\/v2\/product\/19274","targetHints":{"allow":["GET"]}}],"collection":[{"href":"https:\/\/www.ksttukku.fi\/kauppa\/wp-json\/wp\/v2\/product"}],"about":[{"href":"https:\/\/www.ksttukku.fi\/kauppa\/wp-json\/wp\/v2\/types\/product"}],"replies":[{"embeddable":true,"href":"https:\/\/www.ksttukku.fi\/kauppa\/wp-json\/wp\/v2\/comments?post=19274"}],"wp:featuredmedia":[{"embeddable":true,"href":"https:\/\/www.ksttukku.fi\/kauppa\/wp-json\/wp\/v2\/media\/19276"}],"wp:attachment":[{"href":"https:\/\/www.ksttukku.fi\/kauppa\/wp-json\/wp\/v2\/media?parent=19274"}],"wp:term":[{"taxonomy":"product_brand","embeddable":true,"href":"https:\/\/www.ksttukku.fi\/kauppa\/wp-json\/wp\/v2\/product_brand?post=19274"},{"taxonomy":"product_cat","embeddable":true,"href":"https:\/\/www.ksttukku.fi\/kauppa\/wp-json\/wp\/v2\/product_cat?post=19274"},{"taxonomy":"product_tag","embeddable":true,"href":"https:\/\/www.ksttukku.fi\/kauppa\/wp-json\/wp\/v2\/product_tag?post=19274"}],"curies":[{"name":"wp","href":"https:\/\/api.w.org\/{rel}","templated":true}]}}