{"id":19277,"date":"2026-03-05T16:50:53","date_gmt":"2026-03-05T14:50:53","guid":{"rendered":"https:\/\/www.ksttukku.fi\/kauppa\/?post_type=product&#038;p=19277"},"modified":"2026-03-05T16:50:53","modified_gmt":"2026-03-05T14:50:53","slug":"pelargonia-kimppu-riippuva-80-cm-lajitelma","status":"publish","type":"product","link":"https:\/\/www.ksttukku.fi\/kauppa\/tuote\/pelargonia-kimppu-riippuva-80-cm-lajitelma\/","title":{"rendered":"Pelargonia kimppu riippuva 80 cm lajitelma"},"content":{"rendered":"<p>Tekokasvit ovat huoleton ja nopea keino pirist\u00e4\u00e4 parvekkeen, pihan tai terassin ilmett\u00e4. Tekokasvit soveltuvat erityisesti my\u00f6s paahteisiin tai varjoisiin paikkoihin, joihin tahdotaan vehreytt\u00e4, mutta on vain rajatusti soveltuvia kasveja. Ne ovat my\u00f6s turvallinen valinta lemmikki-, lapsi- ja allergiaperheille.<\/p>\n<p>Materiaali: polyesteri, vaahtomuovi, PET <\/p>\n<p>UV-suojattu<\/p>\n<p>Pituus: 80 cm<\/p>\n<p>Leveys: 35 cm<\/p>\n<p>Syvyys: 35 cm<\/p>\n","protected":false},"excerpt":{"rendered":"<p>Tekokasvit ovat huoleton ja nopea keino pirist\u00e4\u00e4 parvekkeen, pihan tai terassin ilmett\u00e4. Tekokasvit soveltuvat erityisesti my\u00f6s paahteisiin tai varjoisiin paikkoihin, joihin tahdotaan vehreytt\u00e4, mutta on vain rajatusti soveltuvia kasveja. Ne ovat my\u00f6s turvallinen valinta lemmikki-, lapsi- ja allergiaperheille. Materiaali: polyesteri, vaahtomuovi, PET UV-suojattu Pituus: 80 cm Leveys: 35 cm Syvyys: 35 cm<\/p>\n","protected":false},"featured_media":19282,"comment_status":"closed","ping_status":"closed","template":"","meta":[],"product_brand":[],"product_cat":[135],"product_tag":[],"class_list":{"0":"post-19277","1":"product","2":"type-product","3":"status-publish","4":"has-post-thumbnail","6":"product_cat-uncategorized","8":"first","9":"instock","10":"taxable","11":"shipping-taxable","12":"purchasable","13":"product-type-variable"},"_links":{"self":[{"href":"https:\/\/www.ksttukku.fi\/kauppa\/wp-json\/wp\/v2\/product\/19277","targetHints":{"allow":["GET"]}}],"collection":[{"href":"https:\/\/www.ksttukku.fi\/kauppa\/wp-json\/wp\/v2\/product"}],"about":[{"href":"https:\/\/www.ksttukku.fi\/kauppa\/wp-json\/wp\/v2\/types\/product"}],"replies":[{"embeddable":true,"href":"https:\/\/www.ksttukku.fi\/kauppa\/wp-json\/wp\/v2\/comments?post=19277"}],"wp:featuredmedia":[{"embeddable":true,"href":"https:\/\/www.ksttukku.fi\/kauppa\/wp-json\/wp\/v2\/media\/19282"}],"wp:attachment":[{"href":"https:\/\/www.ksttukku.fi\/kauppa\/wp-json\/wp\/v2\/media?parent=19277"}],"wp:term":[{"taxonomy":"product_brand","embeddable":true,"href":"https:\/\/www.ksttukku.fi\/kauppa\/wp-json\/wp\/v2\/product_brand?post=19277"},{"taxonomy":"product_cat","embeddable":true,"href":"https:\/\/www.ksttukku.fi\/kauppa\/wp-json\/wp\/v2\/product_cat?post=19277"},{"taxonomy":"product_tag","embeddable":true,"href":"https:\/\/www.ksttukku.fi\/kauppa\/wp-json\/wp\/v2\/product_tag?post=19277"}],"curies":[{"name":"wp","href":"https:\/\/api.w.org\/{rel}","templated":true}]}}