{"id":19289,"date":"2026-03-07T13:36:54","date_gmt":"2026-03-07T11:36:54","guid":{"rendered":"https:\/\/www.ksttukku.fi\/kauppa\/?post_type=product&#038;p=19289"},"modified":"2026-03-07T13:36:54","modified_gmt":"2026-03-07T11:36:54","slug":"seinakello-sella-valkoinen-40-cm","status":"publish","type":"product","link":"https:\/\/www.ksttukku.fi\/kauppa\/tuote\/seinakello-sella-valkoinen-40-cm\/","title":{"rendered":"Sein\u00e4kello Sella valkoinen 40 cm"},"content":{"rendered":"<p>4Living Sella-sein\u00e4kellossa on valkoinen kellotaulu kullanv\u00e4risill\u00e4 numeroilla ja viisareilla. Nauti rauhallisesta ymp\u00e4rist\u00f6st\u00e4 kellon hiljaisen koneiston ansiosta, sopii erinomaisesti makuuhuoneisiin, olohuoneisiin tai toimistoihin.<\/p>\n<p>Kello toimii yhdell\u00e4 AA-paristolla (paristo ei sis\u00e4lly pakkaukseen). <\/p>\n<p>Halkaisija: 40 cm<\/p>\n<p>Materiaali: HIPS, lasi, alumiini <\/p>\n","protected":false},"excerpt":{"rendered":"<p>4Living Sella-sein\u00e4kellossa on valkoinen kellotaulu kullanv\u00e4risill\u00e4 numeroilla ja viisareilla. Nauti rauhallisesta ymp\u00e4rist\u00f6st\u00e4 kellon hiljaisen koneiston ansiosta, sopii erinomaisesti makuuhuoneisiin, olohuoneisiin tai toimistoihin. Kello toimii yhdell\u00e4 AA-paristolla (paristo ei sis\u00e4lly pakkaukseen). Halkaisija: 40 cm Materiaali: HIPS, lasi, alumiini<\/p>\n","protected":false},"featured_media":19290,"comment_status":"closed","ping_status":"closed","template":"","meta":[],"product_brand":[],"product_cat":[491,453,377],"product_tag":[],"class_list":{"0":"post-19289","1":"product","2":"type-product","3":"status-publish","4":"has-post-thumbnail","6":"product_cat-kodin-sisustustuotteet","7":"product_cat-seinakellot","8":"product_cat-sisustus-lahjatavarat","10":"first","11":"instock","12":"taxable","13":"shipping-taxable","14":"purchasable","15":"product-type-simple"},"_links":{"self":[{"href":"https:\/\/www.ksttukku.fi\/kauppa\/wp-json\/wp\/v2\/product\/19289","targetHints":{"allow":["GET"]}}],"collection":[{"href":"https:\/\/www.ksttukku.fi\/kauppa\/wp-json\/wp\/v2\/product"}],"about":[{"href":"https:\/\/www.ksttukku.fi\/kauppa\/wp-json\/wp\/v2\/types\/product"}],"replies":[{"embeddable":true,"href":"https:\/\/www.ksttukku.fi\/kauppa\/wp-json\/wp\/v2\/comments?post=19289"}],"wp:featuredmedia":[{"embeddable":true,"href":"https:\/\/www.ksttukku.fi\/kauppa\/wp-json\/wp\/v2\/media\/19290"}],"wp:attachment":[{"href":"https:\/\/www.ksttukku.fi\/kauppa\/wp-json\/wp\/v2\/media?parent=19289"}],"wp:term":[{"taxonomy":"product_brand","embeddable":true,"href":"https:\/\/www.ksttukku.fi\/kauppa\/wp-json\/wp\/v2\/product_brand?post=19289"},{"taxonomy":"product_cat","embeddable":true,"href":"https:\/\/www.ksttukku.fi\/kauppa\/wp-json\/wp\/v2\/product_cat?post=19289"},{"taxonomy":"product_tag","embeddable":true,"href":"https:\/\/www.ksttukku.fi\/kauppa\/wp-json\/wp\/v2\/product_tag?post=19289"}],"curies":[{"name":"wp","href":"https:\/\/api.w.org\/{rel}","templated":true}]}}