{"id":19306,"date":"2026-03-09T16:43:56","date_gmt":"2026-03-09T14:43:56","guid":{"rendered":"https:\/\/www.ksttukku.fi\/kauppa\/?post_type=product&#038;p=19306"},"modified":"2026-03-09T16:43:56","modified_gmt":"2026-03-09T14:43:56","slug":"sailytyslaatikko-sense-375x26x11-cm","status":"publish","type":"product","link":"https:\/\/www.ksttukku.fi\/kauppa\/tuote\/sailytyslaatikko-sense-375x26x11-cm\/","title":{"rendered":"S\u00e4ilytyslaatikko Sense 37,5x26x11 cm"},"content":{"rendered":"<p>Kaunis Sense s\u00e4ilytyslaatikko on valmistettu kuluttajilta ker\u00e4tyst\u00e4 kierr\u00e4tyskartongista ja pinta on puukuvioitua paperia.<\/p>\n<p>Monik\u00e4ytt\u00f6inen ja kest\u00e4v\u00e4 s\u00e4ilytyslaatikko auttaa pit\u00e4m\u00e4\u00e4n ymp\u00e4rist\u00f6si j\u00e4rjestyksess\u00e4 tyylikk\u00e4\u00e4sti, olipa kyseess\u00e4 sitten koti tai toimisto.<\/p>\n<p>Koko 37,5 x 26 x 11 cm.&nbsp;<\/p>\n<p>Materiaali: 39 % kartonki, 35 % paperi, 26 % rauta&nbsp;<\/p>\n","protected":false},"excerpt":{"rendered":"<p>Kaunis Sense s\u00e4ilytyslaatikko on valmistettu kuluttajilta ker\u00e4tyst\u00e4 kierr\u00e4tyskartongista ja pinta on puukuvioitua paperia. Monik\u00e4ytt\u00f6inen ja kest\u00e4v\u00e4 s\u00e4ilytyslaatikko auttaa pit\u00e4m\u00e4\u00e4n ymp\u00e4rist\u00f6si j\u00e4rjestyksess\u00e4 tyylikk\u00e4\u00e4sti, olipa kyseess\u00e4 sitten koti tai toimisto. Koko 37,5 x 26 x 11 cm.&nbsp; Materiaali: 39 % kartonki, 35 % paperi, 26 % rauta&nbsp;<\/p>\n","protected":false},"featured_media":19307,"comment_status":"closed","ping_status":"closed","template":"","meta":[],"product_brand":[],"product_cat":[491,377],"product_tag":[],"class_list":{"0":"post-19306","1":"product","2":"type-product","3":"status-publish","4":"has-post-thumbnail","6":"product_cat-kodin-sisustustuotteet","7":"product_cat-sisustus-lahjatavarat","9":"first","10":"instock","11":"taxable","12":"shipping-taxable","13":"purchasable","14":"product-type-simple"},"_links":{"self":[{"href":"https:\/\/www.ksttukku.fi\/kauppa\/wp-json\/wp\/v2\/product\/19306","targetHints":{"allow":["GET"]}}],"collection":[{"href":"https:\/\/www.ksttukku.fi\/kauppa\/wp-json\/wp\/v2\/product"}],"about":[{"href":"https:\/\/www.ksttukku.fi\/kauppa\/wp-json\/wp\/v2\/types\/product"}],"replies":[{"embeddable":true,"href":"https:\/\/www.ksttukku.fi\/kauppa\/wp-json\/wp\/v2\/comments?post=19306"}],"wp:featuredmedia":[{"embeddable":true,"href":"https:\/\/www.ksttukku.fi\/kauppa\/wp-json\/wp\/v2\/media\/19307"}],"wp:attachment":[{"href":"https:\/\/www.ksttukku.fi\/kauppa\/wp-json\/wp\/v2\/media?parent=19306"}],"wp:term":[{"taxonomy":"product_brand","embeddable":true,"href":"https:\/\/www.ksttukku.fi\/kauppa\/wp-json\/wp\/v2\/product_brand?post=19306"},{"taxonomy":"product_cat","embeddable":true,"href":"https:\/\/www.ksttukku.fi\/kauppa\/wp-json\/wp\/v2\/product_cat?post=19306"},{"taxonomy":"product_tag","embeddable":true,"href":"https:\/\/www.ksttukku.fi\/kauppa\/wp-json\/wp\/v2\/product_tag?post=19306"}],"curies":[{"name":"wp","href":"https:\/\/api.w.org\/{rel}","templated":true}]}}