{"id":19324,"date":"2026-03-18T16:04:55","date_gmt":"2026-03-18T14:04:55","guid":{"rendered":"https:\/\/www.ksttukku.fi\/kauppa\/?post_type=product&#038;p=19324"},"modified":"2026-03-19T12:48:42","modified_gmt":"2026-03-19T10:48:42","slug":"mantra-slim-cct-kattovalaisin-24-w-2160lm","status":"publish","type":"product","link":"https:\/\/www.ksttukku.fi\/kauppa\/tuote\/mantra-slim-cct-kattovalaisin-24-w-2160lm\/","title":{"rendered":"Mantra Slim CCT kattovalaisin 24 W  2160lm"},"content":{"rendered":"<p>Plafondi Slim CCT on helppo ja nopea asennettava koukkukiinnityksen ja pistotulpan<\/p>\n<p>avulla.<\/p>\n<p>Sopii moneen eri tilaan esim. eteis- ,k\u00e4yt\u00e4v\u00e4- ja kodinhoitotiloihin<\/p>\n<p>Valonv\u00e4ril\u00e4mp\u00f6tila vaihdettavissa valaisimessa olevasta kytkimest\u00e4<\/p>\n<p>( 3000, 4000 ja 5000K)<\/p>\n<p>Halkaisija: 37 cm<\/p>\n<p>Korkeus: 10,7 cm<\/p>\n","protected":false},"excerpt":{"rendered":"<p>Plafondi Slim CCT on helppo ja nopea asennettava koukkukiinnityksen ja pistotulpan avulla. Sopii moneen eri tilaan esim. eteis- ,k\u00e4yt\u00e4v\u00e4- ja kodinhoitotiloihin Valonv\u00e4ril\u00e4mp\u00f6tila vaihdettavissa valaisimessa olevasta kytkimest\u00e4 ( 3000, 4000 ja 5000K) Halkaisija: 37 cm Korkeus: 10,7 cm<\/p>\n","protected":false},"featured_media":19323,"comment_status":"closed","ping_status":"closed","template":"","meta":[],"product_brand":[],"product_cat":[40,35,34],"product_tag":[],"class_list":{"0":"post-19324","1":"product","2":"type-product","3":"status-publish","4":"has-post-thumbnail","6":"product_cat-kattovalaisimet","7":"product_cat-sisavalaisimet","8":"product_cat-valaisimet","10":"first","11":"instock","12":"taxable","13":"shipping-taxable","14":"purchasable","15":"product-type-simple"},"_links":{"self":[{"href":"https:\/\/www.ksttukku.fi\/kauppa\/wp-json\/wp\/v2\/product\/19324","targetHints":{"allow":["GET"]}}],"collection":[{"href":"https:\/\/www.ksttukku.fi\/kauppa\/wp-json\/wp\/v2\/product"}],"about":[{"href":"https:\/\/www.ksttukku.fi\/kauppa\/wp-json\/wp\/v2\/types\/product"}],"replies":[{"embeddable":true,"href":"https:\/\/www.ksttukku.fi\/kauppa\/wp-json\/wp\/v2\/comments?post=19324"}],"wp:featuredmedia":[{"embeddable":true,"href":"https:\/\/www.ksttukku.fi\/kauppa\/wp-json\/wp\/v2\/media\/19323"}],"wp:attachment":[{"href":"https:\/\/www.ksttukku.fi\/kauppa\/wp-json\/wp\/v2\/media?parent=19324"}],"wp:term":[{"taxonomy":"product_brand","embeddable":true,"href":"https:\/\/www.ksttukku.fi\/kauppa\/wp-json\/wp\/v2\/product_brand?post=19324"},{"taxonomy":"product_cat","embeddable":true,"href":"https:\/\/www.ksttukku.fi\/kauppa\/wp-json\/wp\/v2\/product_cat?post=19324"},{"taxonomy":"product_tag","embeddable":true,"href":"https:\/\/www.ksttukku.fi\/kauppa\/wp-json\/wp\/v2\/product_tag?post=19324"}],"curies":[{"name":"wp","href":"https:\/\/api.w.org\/{rel}","templated":true}]}}