{"id":19336,"date":"2026-03-23T16:57:37","date_gmt":"2026-03-23T14:57:37","guid":{"rendered":"https:\/\/www.ksttukku.fi\/kauppa\/?post_type=product&#038;p=19336"},"modified":"2026-03-23T16:57:38","modified_gmt":"2026-03-23T14:57:38","slug":"rila-upotettava-suunnattava-kattospotti-harjattu-teras-370-lm","status":"publish","type":"product","link":"https:\/\/www.ksttukku.fi\/kauppa\/tuote\/rila-upotettava-suunnattava-kattospotti-harjattu-teras-370-lm\/","title":{"rendered":"RILA  upotettava, suunnattava kattospotti  harjattu ter\u00e4s 370 lm"},"content":{"rendered":"<p>Upotetuilla valaisimilla voidaan asettaa tyylikk\u00e4it\u00e4 korostuksia ja luoda tunnelmallinen tunnelma.<\/p>\n<p>RILA-malliston upotettavat valaisimet ovat k\u00e4\u00e4ntyvi\u00e4, tarjoavat optimaalisen ymp\u00e4rist\u00f6n valaistuksen ja takaavat miellytt\u00e4v\u00e4n l\u00e4mpim\u00e4n valkoisen valaistuksen.&nbsp;<\/p>\n<p>RILA upotettavien valaisimien halkaisija on 82 mm ja ne vaativat v\u00e4hint\u00e4\u00e4n 68 mm:n kattoleikkauksen.<\/p>\n<p>Upotettavat valaisimet on my\u00f6s helppo ja turvallinen asentaa ilman muuntajaa<\/p>\n<p>IP 20<\/p>\n<p>Materiaali: metalli<\/p>\n","protected":false},"excerpt":{"rendered":"<p>Upotetuilla valaisimilla voidaan asettaa tyylikk\u00e4it\u00e4 korostuksia ja luoda tunnelmallinen tunnelma. RILA-malliston upotettavat valaisimet ovat k\u00e4\u00e4ntyvi\u00e4, tarjoavat optimaalisen ymp\u00e4rist\u00f6n valaistuksen ja takaavat miellytt\u00e4v\u00e4n l\u00e4mpim\u00e4n valkoisen valaistuksen.&nbsp; RILA upotettavien valaisimien halkaisija on 82 mm ja ne vaativat v\u00e4hint\u00e4\u00e4n 68 mm:n kattoleikkauksen. Upotettavat valaisimet on my\u00f6s helppo ja turvallinen asentaa ilman muuntajaa IP 20 Materiaali: metalli<\/p>\n","protected":false},"featured_media":19338,"comment_status":"closed","ping_status":"closed","template":"","meta":[],"product_brand":[],"product_cat":[35,52,34],"product_tag":[],"class_list":{"0":"post-19336","1":"product","2":"type-product","3":"status-publish","4":"has-post-thumbnail","6":"product_cat-sisavalaisimet","7":"product_cat-upotettavat","8":"product_cat-valaisimet","10":"first","11":"instock","12":"taxable","13":"shipping-taxable","14":"purchasable","15":"product-type-simple"},"_links":{"self":[{"href":"https:\/\/www.ksttukku.fi\/kauppa\/wp-json\/wp\/v2\/product\/19336","targetHints":{"allow":["GET"]}}],"collection":[{"href":"https:\/\/www.ksttukku.fi\/kauppa\/wp-json\/wp\/v2\/product"}],"about":[{"href":"https:\/\/www.ksttukku.fi\/kauppa\/wp-json\/wp\/v2\/types\/product"}],"replies":[{"embeddable":true,"href":"https:\/\/www.ksttukku.fi\/kauppa\/wp-json\/wp\/v2\/comments?post=19336"}],"wp:featuredmedia":[{"embeddable":true,"href":"https:\/\/www.ksttukku.fi\/kauppa\/wp-json\/wp\/v2\/media\/19338"}],"wp:attachment":[{"href":"https:\/\/www.ksttukku.fi\/kauppa\/wp-json\/wp\/v2\/media?parent=19336"}],"wp:term":[{"taxonomy":"product_brand","embeddable":true,"href":"https:\/\/www.ksttukku.fi\/kauppa\/wp-json\/wp\/v2\/product_brand?post=19336"},{"taxonomy":"product_cat","embeddable":true,"href":"https:\/\/www.ksttukku.fi\/kauppa\/wp-json\/wp\/v2\/product_cat?post=19336"},{"taxonomy":"product_tag","embeddable":true,"href":"https:\/\/www.ksttukku.fi\/kauppa\/wp-json\/wp\/v2\/product_tag?post=19336"}],"curies":[{"name":"wp","href":"https:\/\/api.w.org\/{rel}","templated":true}]}}