{"id":19343,"date":"2026-03-24T13:22:02","date_gmt":"2026-03-24T11:22:02","guid":{"rendered":"https:\/\/www.ksttukku.fi\/kauppa\/?post_type=product&#038;p=19343"},"modified":"2026-03-24T13:22:03","modified_gmt":"2026-03-24T11:22:03","slug":"loft-riippuvalaisin-musta-kulta","status":"publish","type":"product","link":"https:\/\/www.ksttukku.fi\/kauppa\/tuote\/loft-riippuvalaisin-musta-kulta\/","title":{"rendered":"Loft  Riippuvalaisin musta\/kulta"},"content":{"rendered":"<p>Teollisuusvalaisin-tyylinen Loft k\u00e4y yleisvalaisimeksi mm. ruokailutilaan, keitti\u00f6\u00f6n, olohuoneeseen ja makuuhuoneen.<\/p>\n<p>Tekstiilipintaisessa kangasjohdossa on valmiina valaisinpistotulppa.&nbsp;<\/p>\n<p>Runko ja kupu ter\u00e4st\u00e4.<br \/>\nMusta kupu \/kultainen sis\u00e4osa<br \/>\nKanta: E27<br \/>\nPakkauksessa valaisinpistotulppa ja kattokuppi.<br \/>\nRipustusjohto:&nbsp; 2 m&nbsp;<\/p>\n<p>Halkaisija: 350 mm<\/p>\n","protected":false},"excerpt":{"rendered":"<p>Teollisuusvalaisin-tyylinen Loft k\u00e4y yleisvalaisimeksi mm. ruokailutilaan, keitti\u00f6\u00f6n, olohuoneeseen ja makuuhuoneen. Tekstiilipintaisessa kangasjohdossa on valmiina valaisinpistotulppa.&nbsp; Runko ja kupu ter\u00e4st\u00e4. Musta kupu \/kultainen sis\u00e4osa Kanta: E27 Pakkauksessa valaisinpistotulppa ja kattokuppi. Ripustusjohto:&nbsp; 2 m&nbsp; Halkaisija: 350 mm<\/p>\n","protected":false},"featured_media":19344,"comment_status":"closed","ping_status":"closed","template":"","meta":[],"product_brand":[],"product_cat":[49,35,34],"product_tag":[],"class_list":{"0":"post-19343","1":"product","2":"type-product","3":"status-publish","4":"has-post-thumbnail","6":"product_cat-riippuvalaisimet","7":"product_cat-sisavalaisimet","8":"product_cat-valaisimet","10":"first","11":"instock","12":"taxable","13":"shipping-taxable","14":"purchasable","15":"product-type-simple"},"_links":{"self":[{"href":"https:\/\/www.ksttukku.fi\/kauppa\/wp-json\/wp\/v2\/product\/19343","targetHints":{"allow":["GET"]}}],"collection":[{"href":"https:\/\/www.ksttukku.fi\/kauppa\/wp-json\/wp\/v2\/product"}],"about":[{"href":"https:\/\/www.ksttukku.fi\/kauppa\/wp-json\/wp\/v2\/types\/product"}],"replies":[{"embeddable":true,"href":"https:\/\/www.ksttukku.fi\/kauppa\/wp-json\/wp\/v2\/comments?post=19343"}],"wp:featuredmedia":[{"embeddable":true,"href":"https:\/\/www.ksttukku.fi\/kauppa\/wp-json\/wp\/v2\/media\/19344"}],"wp:attachment":[{"href":"https:\/\/www.ksttukku.fi\/kauppa\/wp-json\/wp\/v2\/media?parent=19343"}],"wp:term":[{"taxonomy":"product_brand","embeddable":true,"href":"https:\/\/www.ksttukku.fi\/kauppa\/wp-json\/wp\/v2\/product_brand?post=19343"},{"taxonomy":"product_cat","embeddable":true,"href":"https:\/\/www.ksttukku.fi\/kauppa\/wp-json\/wp\/v2\/product_cat?post=19343"},{"taxonomy":"product_tag","embeddable":true,"href":"https:\/\/www.ksttukku.fi\/kauppa\/wp-json\/wp\/v2\/product_tag?post=19343"}],"curies":[{"name":"wp","href":"https:\/\/api.w.org\/{rel}","templated":true}]}}