{"id":19345,"date":"2026-03-24T14:34:07","date_gmt":"2026-03-24T12:34:07","guid":{"rendered":"https:\/\/www.ksttukku.fi\/kauppa\/?post_type=product&#038;p=19345"},"modified":"2026-03-24T14:35:17","modified_gmt":"2026-03-24T12:35:17","slug":"cecilia-vaalen-sininen-beige-matto-80-x-150-cm","status":"publish","type":"product","link":"https:\/\/www.ksttukku.fi\/kauppa\/tuote\/cecilia-vaalen-sininen-beige-matto-80-x-150-cm\/","title":{"rendered":"Cecilia vaaleansininen\/beige  matto 80 x 150 cm"},"content":{"rendered":"<p>Cecilia it\u00e4mainen matto on helppohoitoinen ja sile\u00e4pintainen matto tyylikk\u00e4\u00e4ll\u00e4 kuosilla. Pehme\u00e4 &nbsp;beige\/vaalean sininen&nbsp; matolle tyylikk\u00e4\u00e4n ja raikkaan ilmeen.<\/p>\n<p>It\u00e4mainen mattokuosi<br \/>\nHelppohoitoinen<br \/>\nPohjassa pvc liukuestenappulat<br \/>\nCecilia it\u00e4mainen matto on sopii niin moderniin kuin perinteiseenkin sisustukseen.<br \/>\nImuroi ja tuuleta mattoa s\u00e4\u00e4nn\u00f6llisesti. Tarvittaessa tasopesu 30-asteisella vedell\u00e4. Kuivata matto tasossa.<br \/>\nmateriaali: polyester<\/p>\n","protected":false},"excerpt":{"rendered":"<p>Cecilia it\u00e4mainen matto on helppohoitoinen ja sile\u00e4pintainen matto tyylikk\u00e4\u00e4ll\u00e4 kuosilla. Pehme\u00e4 &nbsp;beige\/vaalean sininen&nbsp; matolle tyylikk\u00e4\u00e4n ja raikkaan ilmeen. It\u00e4mainen mattokuosi Helppohoitoinen Pohjassa pvc liukuestenappulat Cecilia it\u00e4mainen matto on sopii niin moderniin kuin perinteiseenkin sisustukseen. Imuroi ja tuuleta mattoa s\u00e4\u00e4nn\u00f6llisesti. Tarvittaessa tasopesu 30-asteisella vedell\u00e4. Kuivata matto tasossa. materiaali: polyester<\/p>\n","protected":false},"featured_media":19347,"comment_status":"closed","ping_status":"closed","template":"","meta":[],"product_brand":[],"product_cat":[23,22,516],"product_tag":[],"class_list":{"0":"post-19345","1":"product","2":"type-product","3":"status-publish","4":"has-post-thumbnail","6":"product_cat-kaytava-ja-yleismatot","7":"product_cat-matot","8":"product_cat-sileaksi-kudottu-matto","10":"first","11":"instock","12":"taxable","13":"shipping-taxable","14":"purchasable","15":"product-type-simple"},"_links":{"self":[{"href":"https:\/\/www.ksttukku.fi\/kauppa\/wp-json\/wp\/v2\/product\/19345","targetHints":{"allow":["GET"]}}],"collection":[{"href":"https:\/\/www.ksttukku.fi\/kauppa\/wp-json\/wp\/v2\/product"}],"about":[{"href":"https:\/\/www.ksttukku.fi\/kauppa\/wp-json\/wp\/v2\/types\/product"}],"replies":[{"embeddable":true,"href":"https:\/\/www.ksttukku.fi\/kauppa\/wp-json\/wp\/v2\/comments?post=19345"}],"wp:featuredmedia":[{"embeddable":true,"href":"https:\/\/www.ksttukku.fi\/kauppa\/wp-json\/wp\/v2\/media\/19347"}],"wp:attachment":[{"href":"https:\/\/www.ksttukku.fi\/kauppa\/wp-json\/wp\/v2\/media?parent=19345"}],"wp:term":[{"taxonomy":"product_brand","embeddable":true,"href":"https:\/\/www.ksttukku.fi\/kauppa\/wp-json\/wp\/v2\/product_brand?post=19345"},{"taxonomy":"product_cat","embeddable":true,"href":"https:\/\/www.ksttukku.fi\/kauppa\/wp-json\/wp\/v2\/product_cat?post=19345"},{"taxonomy":"product_tag","embeddable":true,"href":"https:\/\/www.ksttukku.fi\/kauppa\/wp-json\/wp\/v2\/product_tag?post=19345"}],"curies":[{"name":"wp","href":"https:\/\/api.w.org\/{rel}","templated":true}]}}