{"id":19354,"date":"2026-03-24T15:07:22","date_gmt":"2026-03-24T13:07:22","guid":{"rendered":"https:\/\/www.ksttukku.fi\/kauppa\/?post_type=product&#038;p=19354"},"modified":"2026-03-24T15:07:22","modified_gmt":"2026-03-24T13:07:22","slug":"norma-keskilattiamatto-160-x-230-cm","status":"publish","type":"product","link":"https:\/\/www.ksttukku.fi\/kauppa\/tuote\/norma-keskilattiamatto-160-x-230-cm\/","title":{"rendered":"Norma keskilattiamatto 160 x 230 cm"},"content":{"rendered":"<p>Norma matto tuo sisustukseen upeita punaisen eri s\u00e4vyj\u00e4<\/p>\n<p>Erilaiset it\u00e4maiset kuviot rytmitt\u00e4v\u00e4t kauniisti maton kuosia. Punaisen s\u00e4vyt vaihtelevat viininpunaisesta oranssiin ja roosaan. Matto tuo sisustukseen ripauksen it\u00e4maista tunnelmaa ja mausteisuutta.<\/p>\n<p>&nbsp;Maton materiaali on 100% polyesteria, pohjassa on PVC liukuestek\u00e4sittely.<\/p>\n<p>Tasopesu viile\u00e4ll\u00e4 max. 30 \u00b0C asteisella vedell\u00e4<\/p>\n","protected":false},"excerpt":{"rendered":"<p>Norma matto tuo sisustukseen upeita punaisen eri s\u00e4vyj\u00e4 Erilaiset it\u00e4maiset kuviot rytmitt\u00e4v\u00e4t kauniisti maton kuosia. Punaisen s\u00e4vyt vaihtelevat viininpunaisesta oranssiin ja roosaan. Matto tuo sisustukseen ripauksen it\u00e4maista tunnelmaa ja mausteisuutta. &nbsp;Maton materiaali on 100% polyesteria, pohjassa on PVC liukuestek\u00e4sittely. Tasopesu viile\u00e4ll\u00e4 max. 30 \u00b0C asteisella vedell\u00e4<\/p>\n","protected":false},"featured_media":19353,"comment_status":"closed","ping_status":"closed","template":"","meta":[],"product_brand":[],"product_cat":[23,22,516],"product_tag":[],"class_list":{"0":"post-19354","1":"product","2":"type-product","3":"status-publish","4":"has-post-thumbnail","6":"product_cat-kaytava-ja-yleismatot","7":"product_cat-matot","8":"product_cat-sileaksi-kudottu-matto","10":"first","11":"instock","12":"taxable","13":"shipping-taxable","14":"purchasable","15":"product-type-simple"},"_links":{"self":[{"href":"https:\/\/www.ksttukku.fi\/kauppa\/wp-json\/wp\/v2\/product\/19354","targetHints":{"allow":["GET"]}}],"collection":[{"href":"https:\/\/www.ksttukku.fi\/kauppa\/wp-json\/wp\/v2\/product"}],"about":[{"href":"https:\/\/www.ksttukku.fi\/kauppa\/wp-json\/wp\/v2\/types\/product"}],"replies":[{"embeddable":true,"href":"https:\/\/www.ksttukku.fi\/kauppa\/wp-json\/wp\/v2\/comments?post=19354"}],"wp:featuredmedia":[{"embeddable":true,"href":"https:\/\/www.ksttukku.fi\/kauppa\/wp-json\/wp\/v2\/media\/19353"}],"wp:attachment":[{"href":"https:\/\/www.ksttukku.fi\/kauppa\/wp-json\/wp\/v2\/media?parent=19354"}],"wp:term":[{"taxonomy":"product_brand","embeddable":true,"href":"https:\/\/www.ksttukku.fi\/kauppa\/wp-json\/wp\/v2\/product_brand?post=19354"},{"taxonomy":"product_cat","embeddable":true,"href":"https:\/\/www.ksttukku.fi\/kauppa\/wp-json\/wp\/v2\/product_cat?post=19354"},{"taxonomy":"product_tag","embeddable":true,"href":"https:\/\/www.ksttukku.fi\/kauppa\/wp-json\/wp\/v2\/product_tag?post=19354"}],"curies":[{"name":"wp","href":"https:\/\/api.w.org\/{rel}","templated":true}]}}